{"id":10068,"date":"2020-11-27T19:02:44","date_gmt":"2020-11-27T17:02:44","guid":{"rendered":"http:\/\/www.jasiunupagrindine.salcininkai.lm.lt\/?page_id=10068"},"modified":"2021-04-08T18:49:49","modified_gmt":"2021-04-08T15:49:49","slug":"covid-19","status":"publish","type":"page","link":"http:\/\/www.jasiunupagrindine.salcininkai.lm.lt\/?page_id=10068","title":{"rendered":"COVID-19"},"content":{"rendered":"ngg_shortcode_0_placeholder\nngg_shortcode_1_placeholder\n<p style=\"text-align: center;\"><span style=\"color: #000000; font-size: 12pt;\"><strong>Informacija t\u0117vams<\/strong><\/span><\/p>\n<p>1.<span style=\"color: #000000;\">Nacionalinio visuomen\u0117s sveikatos centro prie Sveikatos apsaugos ministerijos Vilniaus departamento \u0160al\u010dinink\u0173 skyrius informavo, kad 2020 m. gruod\u017eio 11 d.&nbsp; \u0160al\u010dinink\u0173 r. Ja\u0161i\u016bn\u0173 pagrindin\u0117je mokykloje registruotas COVID-19 ligos atvejis. Liga diagnozuota mokytojui. Visi asmenys, tur\u0117j\u0119 didel\u0117s rizikos kontakt\u0105, izoliavosi.<\/span><\/p>\n<p><span style=\"color: #000000;\">2.Nacionalinis visuomen\u0117s sveikatos centras prie Sveikatos apsaugos ministerijos Vilniaus departamentas&nbsp; informavo, kad 2020 m. gruod\u017eio 13 d.&nbsp; \u0160al\u010dinink\u0173 r. Ja\u0161i\u016bn\u0173 pagrindin\u0117je mokykloje registruotas COVID-19 ligos atvejis. Liga diagnozuota mokiniui. Visi asmenys, tur\u0117j\u0119 didel\u0117s rizikos kontakt\u0105, izoliavosi.<\/span><\/p>\n<p style=\"text-align: center;\"><strong><span style=\"font-family: 'times new roman', times, serif; font-size: 12pt;\">D\u0116MESIO!<\/span><\/strong><\/p>\n<p><span style=\"font-family: 'times new roman', times, serif; font-size: 12pt;\">Pasikeit\u0117 nutarimas d\u0117l Lietuvos Respublikos teritorijoje paskelbto karantino. Su pakeitimais galima susipa\u017einti \u010dia:<\/span>&nbsp; &nbsp;&nbsp;<a href=\"http:\/\/www.jasiunupagrindine.salcininkai.lm.lt\/wp-content\/uploads\/2020\/12\/VN-d\u0117l-karantino-paskelbimo-PAKEITIMAS-XII-07.docx\">VN d\u0117l karantino paskelbimo PAKEITIMAS XII 07<\/a><\/p>\n<p style=\"text-align: center;\"><span style=\"color: #000000; font-size: 12pt; font-family: 'times new roman', times, serif;\"><strong>COVID-19 protr\u016bkio sukeltas stresas<\/strong><\/span><\/p>\n<p><span style=\"color: #000000; font-size: 12pt; font-family: 'times new roman', times, serif;\">COVID-19 arba korona viruso sukelta pandemija gali paveikti kiekvien\u0105 i\u0161 m\u016bs\u0173,<\/span><br \/>\n<span style=\"color: #000000; font-size: 12pt; font-family: 'times new roman', times, serif;\">sukeldama nerim\u0105 ir sukurdama daugiau streso m\u016bs\u0173 kasdienyb\u0117je.&nbsp;<\/span><br \/>\n<span style=\"color: #000000; font-size: 12pt; font-family: 'times new roman', times, serif;\">K\u0105 galite padaryti, nor\u0117dami suma\u017einti savo baimes ir nerim\u0105?&nbsp;<\/span><br \/>\n<span style=\"color: #000000; font-size: 12pt; font-family: 'times new roman', times, serif;\">Kvie\u010diame susipa\u017einti su JAV Nacionalinio potrauminio streso sutrikimo centro<\/span><br \/>\n<span style=\"color: #000000; font-size: 12pt; font-family: 'times new roman', times, serif;\">si\u016blomais praktiniais \u017eingsniais, galin\u010diais pagerinti j\u016bs\u0173 savijaut\u0105. <\/span><\/p>\n<p><span style=\"font-size: 12pt; color: #0000ff;\"><a style=\"color: #0000ff;\" href=\"http:\/\/www.jasiunupagrindine.salcininkai.lm.lt\/wp-content\/uploads\/2020\/11\/COVID-19-protr\u016bkio-sukeltas-stresas.pdf\">COVID-19 protr\u016bkio sukeltas stresas<\/a><\/span><\/p>\n","protected":false},"excerpt":{"rendered":"<p>Informacija t\u0117vams 1.Nacionalinio visuomen\u0117s sveikatos centro prie Sveikatos apsaugos ministerijos Vilniaus departamento \u0160al\u010dinink\u0173 skyrius informavo, kad 2020 m. gruod\u017eio 11 d.&nbsp; \u0160al\u010dinink\u0173 r. Ja\u0161i\u016bn\u0173 pagrindin\u0117je mokykloje registruotas COVID-19 ligos atvejis. Liga diagnozuota mokytojui. Visi asmenys, tur\u0117j\u0119 didel\u0117s rizikos kontakt\u0105, izoliavosi. &hellip; <a href=\"http:\/\/www.jasiunupagrindine.salcininkai.lm.lt\/?page_id=10068\">Skaitykite toliau <span class=\"meta-nav\">&rarr;<\/span><\/a><\/p>\n","protected":false},"author":5,"featured_media":0,"parent":0,"menu_order":0,"comment_status":"closed","ping_status":"closed","template":"","meta":{"ngg_post_thumbnail":0,"footnotes":""},"class_list":["post-10068","page","type-page","status-publish","hentry"],"_links":{"self":[{"href":"http:\/\/www.jasiunupagrindine.salcininkai.lm.lt\/index.php?rest_route=\/wp\/v2\/pages\/10068","targetHints":{"allow":["GET"]}}],"collection":[{"href":"http:\/\/www.jasiunupagrindine.salcininkai.lm.lt\/index.php?rest_route=\/wp\/v2\/pages"}],"about":[{"href":"http:\/\/www.jasiunupagrindine.salcininkai.lm.lt\/index.php?rest_route=\/wp\/v2\/types\/page"}],"author":[{"embeddable":true,"href":"http:\/\/www.jasiunupagrindine.salcininkai.lm.lt\/index.php?rest_route=\/wp\/v2\/users\/5"}],"replies":[{"embeddable":true,"href":"http:\/\/www.jasiunupagrindine.salcininkai.lm.lt\/index.php?rest_route=%2Fwp%2Fv2%2Fcomments&post=10068"}],"version-history":[{"count":8,"href":"http:\/\/www.jasiunupagrindine.salcininkai.lm.lt\/index.php?rest_route=\/wp\/v2\/pages\/10068\/revisions"}],"predecessor-version":[{"id":10989,"href":"http:\/\/www.jasiunupagrindine.salcininkai.lm.lt\/index.php?rest_route=\/wp\/v2\/pages\/10068\/revisions\/10989"}],"wp:attachment":[{"href":"http:\/\/www.jasiunupagrindine.salcininkai.lm.lt\/index.php?rest_route=%2Fwp%2Fv2%2Fmedia&parent=10068"}],"curies":[{"name":"wp","href":"https:\/\/api.w.org\/{rel}","templated":true}]}}