{"id":10125,"date":"2020-12-08T12:48:21","date_gmt":"2020-12-08T10:48:21","guid":{"rendered":"http:\/\/www.jasiunupagrindine.salcininkai.lm.lt\/?page_id=10125"},"modified":"2025-11-07T09:23:42","modified_gmt":"2025-11-07T07:23:42","slug":"korupcijos-prevencija","status":"publish","type":"page","link":"http:\/\/www.jasiunupagrindine.salcininkai.lm.lt\/?page_id=10125","title":{"rendered":"Korupcijos prevencija"},"content":{"rendered":"<h4><span style=\"font-size: 12pt; color: #000000;\">Informacija apie korupcijos prevencij\u0105<\/span><\/h4>\n<p style=\"font-weight: 400;\"><span style=\"font-size: 12pt; color: #000000;\">Nuoroda \u012f \u0160al\u010dinink\u0173 rajono savivaldyb\u0117s mero 2024 m. bir\u017eelio 13 d. potvark\u012f Nr. MPV-(2.1 E)-405 <strong><u><a style=\"color: #000000;\" href=\"https:\/\/aktai.salcininkai.lt\/document\/64416\">\u0160al\u010dinink\u0173 rajono savivaldyb\u0117s informacijos apie pa\u017eeidimus pagal Lietuvos Respublikos prane\u0161\u0117j\u0173 apsaugos \u012fstatym\u0105 teikimo tvarkos apra\u0161as<\/a>.<\/u><\/strong><\/span><\/p>\n<p>&nbsp;<\/p>\n<p><span style=\"color: #000000; font-size: 12pt;\"><a style=\"color: #000000;\" href=\"http:\/\/www.jasiunupagrindine.salcininkai.lm.lt\/wp-content\/uploads\/2023\/11\/GAUT\u0172-DOVAN\u0172-VERTINIMO-SAUGOJIMO-IR-EKSPONAVIMO-TVARKOS-APRA\u0160AS-1.docx\">\u0160al\u010dinink\u0173 r. Ja\u0161i\u016bn\u0173 pagrindin\u0117s mokyklos dovan\u0173, gaut\u0173 pagal tarptautines tradicijas, perdavimo, vertinimo, registravimo, saugojimo ir eksponavimo tvarkos apra\u0161as<\/a><\/span><\/p>\n<p><span style=\"color: #000000; font-size: 12pt;\"><a style=\"color: #000000;\" href=\"http:\/\/www.jasiunupagrindine.salcininkai.lm.lt\/wp-content\/uploads\/2023\/10\/Korupcijos-prevencijos-igyvendinimo-planas-1.doc\">\u0160al\u010dinink\u0173 r. Ja\u0161i\u016bn\u0173 pagrindin\u0117s mokyklos Korupcijos prevencijos 2022-2026 metams igyvendinimo planas<\/a><\/span><\/p>\n<p><span style=\"color: #000000; font-size: 12pt;\"><a style=\"color: #000000;\" href=\"http:\/\/www.jasiunupagrindine.salcininkai.lm.lt\/wp-content\/uploads\/2023\/11\/20231113084934.pdf\">\u012esakymas d\u0117l antikorupcin\u0117s komisijos sudarymo<\/a><\/span><\/p>\n<p><span style=\"color: #000000;\"><a style=\"color: #000000;\" href=\"http:\/\/www.jasiunupagrindine.salcininkai.lm.lt\/wp-content\/uploads\/2025\/11\/20251027140724.pdf\">\u012esakymas d\u0117l priva\u010di\u0173 interes\u0173 deklaravim<\/a><\/span><\/p>\n<p><span style=\"color: #000000;\"><a style=\"color: #000000;\" href=\"http:\/\/www.jasiunupagrindine.salcininkai.lm.lt\/wp-content\/uploads\/2020\/01\/etikos-kodeksas.docx\">Mokytoj\u0173 etikos&nbsp; kodeksas<\/a><\/span><\/p>\n<p>&nbsp;<\/p>\n<p><span style=\"font-size: 12pt;\">Apie \u012ftariamus korupcijos atvejus taip pat galite prane\u0161ti LR speciali\u0173j\u0173 tyrim\u0173 tarnybai<\/span><\/p>\n<p><span style=\"font-size: 12pt;\"><a href=\"https:\/\/www.stt.lt\/lt\/praneskite-apie-korupcija\/palikite-pranesima-cia\/#turinys\" target=\"_blank\" rel=\"attachment noopener wp-att-2650\"><img loading=\"lazy\" decoding=\"async\" class=\" wp-image-2650 alignnone\" src=\"https:\/\/vyturys.kaunas.lm.lt\/wp-content\/uploads\/2019\/03\/korupcija.jpg\" alt=\"\" width=\"265\" height=\"164\"><\/a><\/span><\/p>\n<p><span style=\"font-size: 12pt; color: #000000;\">Lietuvos Respublikos Korupcijos prevencijos&nbsp;<a style=\"color: #000000;\" href=\"https:\/\/www.e-tar.lt\/portal\/lt\/legalAct\/TAR.4DBDE27621A2\/asr\" target=\"_blank\" rel=\"noopener\">\u012fstatymas<\/a><\/span><\/p>\n<p><span style=\"font-size: 12pt; color: #000000;\">Lietuvos Respublikos Nacionalin\u0117 kovos su korupcija&nbsp;<a style=\"color: #000000;\" href=\"https:\/\/www.e-tar.lt\/portal\/lt\/legalAct\/25c529d0cbcd11e4aaa0e90fce879681\" target=\"_blank\" rel=\"noopener\">2015\u20132025 met\u0173 programa<\/a><\/span><\/p>\n<p><span style=\"font-size: 12pt; color: #000000;\">\u012esakymas d\u0117l valstyb\u0117s \u012fstaigos korupcijos prevencijos&nbsp;<a style=\"color: #000000;\" href=\"https:\/\/www.e-tar.lt\/portal\/lt\/legalAct\/25c529d0cbcd11e4aaa0e90fce879681\" target=\"_blank\" rel=\"noopener\">programos rengimo rekomendacij\u0173 patvirtinimo<\/a><\/span><\/p>\n<p><span style=\"color: #000000; font-size: 12pt;\"><a style=\"color: #000000;\" href=\"https:\/\/www.stt.lt\/documents\/avv_viesajam_sektoriui\/AAV_viesajam_2018_09_05_viesinimui_PDF_2_LT.pdf\" target=\"_blank\" rel=\"noopener\">Antikorupcin\u0117s aplinkos vie\u0161ajame sektoriuje k\u016brimo ir \u012fgyvendinimo vadovas<\/a><\/span><\/p>\n<p>&nbsp;<\/p>\n<p><span style=\"font-size: 14pt; color: #000000;\"><strong>Aktualios nuorodos:<\/strong><\/span><\/p>\n<p><span style=\"font-size: 12pt; color: #000000;\"><strong>Lietuvos Respublikos Korupcijos prevencijos \u012fstatymas<br><\/strong><a style=\"color: #000000;\" href=\"https:\/\/e-seimas.lrs.lt\/portal\/legalActEditions\/lt\/TAD\/TAIS.168154?faces-redirect=true\">https:\/\/e-seimas.lrs.lt\/portal\/legalActEditions\/lt\/TAD\/TAIS.168154?faces-redirect=true<\/a><\/span><\/p>\n<div class=\"col-lg-8\">\n<div id=\"page-2863\" class=\"post-2863 page type-page status-publish hentry page--item\">\n<div class=\"page--content clearfix\">\n<p><span style=\"font-size: 12pt; color: #000000;\"><strong>Prane\u0161k apie korupcij\u0105<br><\/strong><a style=\"color: #000000;\" href=\"https:\/\/www.stt.lt\/pateikti-pranesima-apie-korupcija\/7425\">https:\/\/www.stt.lt\/pateikti-pranesima-apie-korupcija\/7425<\/a><\/span><\/p>\n<p><span style=\"font-size: 12pt; color: #000000;\"><strong>Speciali\u0173j\u0173 tyrim\u0173 tarnyba<\/strong>&nbsp;&nbsp;&nbsp;<a style=\"color: #000000;\" href=\"https:\/\/www.stt.lt\/\">https:\/\/www.stt.lt\/<\/a><\/span><\/p>\n<p><span style=\"font-size: 12pt; color: #000000;\"><strong>Speciali\u0173j\u0173 tyrim\u0173 tarnybos parengta atmintin\u0117:<br><\/strong>&nbsp;<a style=\"color: #000000;\" href=\"https:\/\/www.ausrosgimnazija.lt\/wp-content\/uploads\/2025\/10\/Atmintine-valstybes-tarnautojams-ar-jam-prilygtam-asmeniui-susidurus-su-korupcija.pdf\" rel=\"attachment wp-att-34645\">Atmintin\u0117 valstyb\u0117s tarnautojams ar jam prilygtam asmeniui susidurus su korupcija<\/a><\/span><\/p>\n<p><span style=\"font-size: 12pt; color: #000000;\"><strong>Prane\u0161imo apie korupcinio pob\u016bd\u017eio teis\u0117s pa\u017eeidim\u0105 forma:<br><\/strong><a style=\"color: #000000;\" href=\"https:\/\/www.ausrosgimnazija.lt\/wp-content\/uploads\/2025\/10\/Pranesimas-apie-korupcinio-pobudzio-teises-pazeidima.pdf\" rel=\"attachment wp-att-34647\">Prane\u0161imo forma<\/a><\/span><\/p>\n<\/div>\n<\/div>\n<\/div>\n<p>&nbsp;<\/p>\n<p>&nbsp;<\/p>\n<p><span style=\"font-size: 12pt; color: #000000;\"><strong>VTEK svetain\u0117s nuoroda<\/strong>&nbsp;<a style=\"color: #000000;\" href=\"https:\/\/vtek.lt\/\">https:\/\/vtek.lt\/<\/a><\/span><\/p>\n<p><span style=\"font-size: 12pt; color: #000000;\"><strong>VTEK konsultacij\u0173 bankas<\/strong>&nbsp;<a style=\"color: #000000;\" href=\"https:\/\/vtek.lt\/tinklarastis\/\">https:\/\/vtek.lt\/tinklarastis\/<\/a><\/span><\/p>\n<p><span style=\"font-size: 12pt; color: #000000;\"><strong>D\u0117l priva\u010di\u0173 interes\u0173 deklaracij\u0173 pildymo ir pateikimo<\/strong>&nbsp;<a style=\"color: #000000;\" href=\"https:\/\/vtek.lt\/privaciu-interesu-deklaravimas\/%20kaip-deklaruoti\/\">https:\/\/vtek.lt\/privaciu-interesu-deklaravimas\/ kaip-deklaruoti\/<\/a><\/span><\/p>\n<p><span style=\"font-size: 12pt; color: #000000;\"><strong>Naujienlai\u0161kio prenumerata<\/strong>&nbsp;<a style=\"color: #000000;\" href=\"https:\/\/vtek.lt\/naujienlaiskis\/\">https:\/\/vtek.lt\/naujienlaiskis\/<\/a><\/span><\/p>\n<p><span style=\"font-size: 12pt; color: #000000;\"><strong>Priva\u010di\u0173 interes\u0173 registras<\/strong>&nbsp;<a style=\"color: #000000;\" href=\"https:\/\/pinreg.vtek.lt\/app\/\">https:\/\/pinreg.vtek.lt\/app\/<\/a><\/span><\/p>\n<p><span style=\"font-size: 12pt; color: #000000;\"><strong>Skaidri\u0173 teis\u0117k\u016bros proces\u0173 informacin\u0117 sistema<\/strong>&nbsp;<a style=\"color: #000000;\" href=\"https:\/\/skaidris.vtek.lt\/public\/home\/main\">https:\/\/skaidris.vtek.lt\/public\/home\/main<\/a><\/span><\/p>\n<p><span style=\"font-size: 12pt; color: #000000;\"><strong>VTEK rekomendacijos ir gair\u0117s<\/strong>&nbsp;<a style=\"color: #000000;\" href=\"https:\/\/vtek.lt\/veiklos-sritys\/rekomendacijos-irgaires\/\">https:\/\/vtek.lt\/veiklos-sritys\/rekomendacijos-irgaires\/<\/a><\/span><\/p>\n<p><span style=\"font-size: 12pt; color: #000000;\"><strong>Interes\u0173 konfliktas ir nusi\u0161alinimas<\/strong>&nbsp;<a style=\"color: #000000;\" href=\"https:\/\/vtek.lt\/interesu-derinimas\/interesukonfliktas-ir-nusisalinimas\/\">https:\/\/vtek.lt\/interesu-derinimas\/interesukonfliktas-ir-nusisalinimas\/&nbsp;<\/a><\/span><\/p>\n<p>&nbsp;<\/p>\n<p>&nbsp;<\/p>\n<p><span style=\"font-size: 12pt; font-family: 'times new roman', times, serif; color: #000000;\"><a style=\"color: #000000;\" href=\"http:\/\/www.jasiunupagrindine.salcininkai.lm.lt\/wp-content\/uploads\/2020\/12\/antikorupcijos-komisijos-darbo-reglamentas.pdf\">\u0160al\u010dinink\u0173 r. Ja\u0161i\u016bn\u0173 pagrindin\u0117s mokyklos antikorupcijos komisijos darbo reglamentas (2019m)<\/a><\/span><\/p>\n<p><span style=\"font-size: 12pt; font-family: 'times new roman', times, serif; color: #000000;\"><a style=\"color: #000000;\" href=\"http:\/\/www.jasiunupagrindine.salcininkai.lm.lt\/wp-content\/uploads\/2020\/12\/Apgaul\u0117s-ir-korupcijos-prevencijos-tvarkos-apra\u0161as.pdf\">Apgaul\u0117s ir korupcijos prevencijos tvarkos apra\u0161as (2019m)<\/a><\/span><\/p>\n<p>&nbsp;<\/p>\n\n","protected":false},"excerpt":{"rendered":"<p>Informacija apie korupcijos prevencij\u0105 Nuoroda \u012f \u0160al\u010dinink\u0173 rajono savivaldyb\u0117s mero 2024 m. bir\u017eelio 13 d. potvark\u012f Nr. MPV-(2.1 E)-405 \u0160al\u010dinink\u0173 rajono savivaldyb\u0117s informacijos apie pa\u017eeidimus pagal Lietuvos Respublikos prane\u0161\u0117j\u0173 apsaugos \u012fstatym\u0105 teikimo tvarkos apra\u0161as. &nbsp; \u0160al\u010dinink\u0173 r. Ja\u0161i\u016bn\u0173 pagrindin\u0117s mokyklos &hellip; <a href=\"http:\/\/www.jasiunupagrindine.salcininkai.lm.lt\/?page_id=10125\">Skaitykite toliau <span class=\"meta-nav\">&rarr;<\/span><\/a><\/p>\n","protected":false},"author":4,"featured_media":0,"parent":0,"menu_order":0,"comment_status":"closed","ping_status":"closed","template":"","meta":{"ngg_post_thumbnail":0,"footnotes":""},"class_list":["post-10125","page","type-page","status-publish","hentry"],"_links":{"self":[{"href":"http:\/\/www.jasiunupagrindine.salcininkai.lm.lt\/index.php?rest_route=\/wp\/v2\/pages\/10125","targetHints":{"allow":["GET"]}}],"collection":[{"href":"http:\/\/www.jasiunupagrindine.salcininkai.lm.lt\/index.php?rest_route=\/wp\/v2\/pages"}],"about":[{"href":"http:\/\/www.jasiunupagrindine.salcininkai.lm.lt\/index.php?rest_route=\/wp\/v2\/types\/page"}],"author":[{"embeddable":true,"href":"http:\/\/www.jasiunupagrindine.salcininkai.lm.lt\/index.php?rest_route=\/wp\/v2\/users\/4"}],"replies":[{"embeddable":true,"href":"http:\/\/www.jasiunupagrindine.salcininkai.lm.lt\/index.php?rest_route=%2Fwp%2Fv2%2Fcomments&post=10125"}],"version-history":[{"count":32,"href":"http:\/\/www.jasiunupagrindine.salcininkai.lm.lt\/index.php?rest_route=\/wp\/v2\/pages\/10125\/revisions"}],"predecessor-version":[{"id":23279,"href":"http:\/\/www.jasiunupagrindine.salcininkai.lm.lt\/index.php?rest_route=\/wp\/v2\/pages\/10125\/revisions\/23279"}],"wp:attachment":[{"href":"http:\/\/www.jasiunupagrindine.salcininkai.lm.lt\/index.php?rest_route=%2Fwp%2Fv2%2Fmedia&parent=10125"}],"curies":[{"name":"wp","href":"https:\/\/api.w.org\/{rel}","templated":true}]}}