{"id":10752,"date":"2021-03-16T20:14:19","date_gmt":"2021-03-16T18:14:19","guid":{"rendered":"http:\/\/www.jasiunupagrindine.salcininkai.lm.lt\/?page_id=10752"},"modified":"2021-03-16T20:15:59","modified_gmt":"2021-03-16T18:15:59","slug":"pamoku-tvarkarasciai","status":"publish","type":"page","link":"http:\/\/www.jasiunupagrindine.salcininkai.lm.lt\/?page_id=10752","title":{"rendered":"Pamok\u0173 tvarkara\u0161\u010diai"},"content":{"rendered":"<p><span style=\"font-family: 'times new roman', times, serif; color: #000000;\"><a style=\"color: #000000;\" href=\"http:\/\/www.jasiunupagrindine.salcininkai.lm.lt\/wp-content\/uploads\/2021\/03\/1-4-klasi\u0173-pamok\u0173-tvarkara\u0161tis.pdf\">1-4 klasi\u0173 pamok\u0173 tvarkara\u0161tis<\/a><\/span><\/p>\n","protected":false},"excerpt":{"rendered":"<p>1-4 klasi\u0173 pamok\u0173 tvarkara\u0161tis<\/p>\n","protected":false},"author":5,"featured_media":0,"parent":0,"menu_order":0,"comment_status":"closed","ping_status":"closed","template":"","meta":{"ngg_post_thumbnail":0,"footnotes":""},"class_list":["post-10752","page","type-page","status-publish","hentry"],"_links":{"self":[{"href":"http:\/\/www.jasiunupagrindine.salcininkai.lm.lt\/index.php?rest_route=\/wp\/v2\/pages\/10752","targetHints":{"allow":["GET"]}}],"collection":[{"href":"http:\/\/www.jasiunupagrindine.salcininkai.lm.lt\/index.php?rest_route=\/wp\/v2\/pages"}],"about":[{"href":"http:\/\/www.jasiunupagrindine.salcininkai.lm.lt\/index.php?rest_route=\/wp\/v2\/types\/page"}],"author":[{"embeddable":true,"href":"http:\/\/www.jasiunupagrindine.salcininkai.lm.lt\/index.php?rest_route=\/wp\/v2\/users\/5"}],"replies":[{"embeddable":true,"href":"http:\/\/www.jasiunupagrindine.salcininkai.lm.lt\/index.php?rest_route=%2Fwp%2Fv2%2Fcomments&post=10752"}],"version-history":[{"count":2,"href":"http:\/\/www.jasiunupagrindine.salcininkai.lm.lt\/index.php?rest_route=\/wp\/v2\/pages\/10752\/revisions"}],"predecessor-version":[{"id":10772,"href":"http:\/\/www.jasiunupagrindine.salcininkai.lm.lt\/index.php?rest_route=\/wp\/v2\/pages\/10752\/revisions\/10772"}],"wp:attachment":[{"href":"http:\/\/www.jasiunupagrindine.salcininkai.lm.lt\/index.php?rest_route=%2Fwp%2Fv2%2Fmedia&parent=10752"}],"curies":[{"name":"wp","href":"https:\/\/api.w.org\/{rel}","templated":true}]}}