{"id":12376,"date":"2021-12-14T17:10:53","date_gmt":"2021-12-14T15:10:53","guid":{"rendered":"http:\/\/www.jasiunupagrindine.salcininkai.lm.lt\/?page_id=12376"},"modified":"2021-12-14T17:13:39","modified_gmt":"2021-12-14T15:13:39","slug":"priemimas-i-mokykla","status":"publish","type":"page","link":"http:\/\/www.jasiunupagrindine.salcininkai.lm.lt\/?page_id=12376","title":{"rendered":"Pri\u0117mimas \u012f mokykl\u0105"},"content":{"rendered":"<p style=\"text-align: justify;\"><span style=\"font-family: 'times new roman', times, serif;\">Nuo 2022 met\u0173 \u0160al\u010dinink\u0173 rajono savivaldyb\u0117je bus organizuojamas centralizuotas vaik\u0173 ir mokini\u0173 pri\u0117mimas \u012f vis\u0173 tip\u0173 \u0161vietimo \u012fstaigas. Vaik\u0173 pri\u0117mimas \u012f savivaldyb\u0117s biud\u017eetini\u0173 \u012fstaig\u0173 ikimokyklinio, prie\u0161mokyklinio ugdymo grupes, mokini\u0173 pri\u0117mimas \u012f bendrojo ugdymo ir neformaliojo \u0161vietimo mokyklas bus vykdomas informacin\u0117s sistemos pagrindu. Informacin\u0117s sistemos diegimo i\u0161laidos apmokamos&nbsp;projekto&nbsp;Nr. 10.1.3-ESFA-R-920-01-0011&nbsp;\u201ePas<wbr>laug\u0173 ir asmen\u0173 aptarnavimo kokyb\u0117s gerinimas \u0160al\u010dinink\u0173 rajono savivaldyb\u0117je\u201c&nbsp;l\u0117\u0161omis. Daugiau informacijos apie projekt\u0105 \u010dia:&nbsp;<a href=\"https:\/\/www.salcininkai.lt\/skelbimai\/397\/pasirasyta-finansavimo-sutartis-del-projekto-paslaugu-ir-asmenu-aptarnavimo-kokybes-gerinimas-salcininku-rajono-savivaldybeje:8849\" target=\"_blank\" rel=\"noopener\" data-saferedirecturl=\"https:\/\/www.google.com\/url?q=https:\/\/www.salcininkai.lt\/skelbimai\/397\/pasirasyta-finansavimo-sutartis-del-projekto-paslaugu-ir-asmenu-aptarnavimo-kokybes-gerinimas-salcininku-rajono-savivaldybeje:8849&amp;source=gmail&amp;ust=1639577938697000&amp;usg=AOvVaw0VX4lfnBgQ4KPg2xta8WRT\">https:\/\/www.salcininkai.lt\/<wbr>skelbimai\/397\/pasirasyta-<wbr>finansavimo-sutartis-del-<wbr>projekto-paslaugu-ir-asmenu-<wbr>aptarnavimo-kokybes-gerinimas-<wbr>salcininku-rajono-<wbr>savivaldybeje:8849&nbsp;<\/a><\/span><\/p>\n","protected":false},"excerpt":{"rendered":"<p>Nuo 2022 met\u0173 \u0160al\u010dinink\u0173 rajono savivaldyb\u0117je bus organizuojamas centralizuotas vaik\u0173 ir mokini\u0173 pri\u0117mimas \u012f vis\u0173 tip\u0173 \u0161vietimo \u012fstaigas. Vaik\u0173 pri\u0117mimas \u012f savivaldyb\u0117s biud\u017eetini\u0173 \u012fstaig\u0173 ikimokyklinio, prie\u0161mokyklinio ugdymo grupes, mokini\u0173 pri\u0117mimas \u012f bendrojo ugdymo ir neformaliojo \u0161vietimo mokyklas bus vykdomas informacin\u0117s &hellip; <a href=\"http:\/\/www.jasiunupagrindine.salcininkai.lm.lt\/?page_id=12376\">Skaitykite toliau <span class=\"meta-nav\">&rarr;<\/span><\/a><\/p>\n","protected":false},"author":5,"featured_media":0,"parent":0,"menu_order":0,"comment_status":"closed","ping_status":"closed","template":"","meta":{"ngg_post_thumbnail":0,"footnotes":""},"class_list":["post-12376","page","type-page","status-publish","hentry"],"_links":{"self":[{"href":"http:\/\/www.jasiunupagrindine.salcininkai.lm.lt\/index.php?rest_route=\/wp\/v2\/pages\/12376","targetHints":{"allow":["GET"]}}],"collection":[{"href":"http:\/\/www.jasiunupagrindine.salcininkai.lm.lt\/index.php?rest_route=\/wp\/v2\/pages"}],"about":[{"href":"http:\/\/www.jasiunupagrindine.salcininkai.lm.lt\/index.php?rest_route=\/wp\/v2\/types\/page"}],"author":[{"embeddable":true,"href":"http:\/\/www.jasiunupagrindine.salcininkai.lm.lt\/index.php?rest_route=\/wp\/v2\/users\/5"}],"replies":[{"embeddable":true,"href":"http:\/\/www.jasiunupagrindine.salcininkai.lm.lt\/index.php?rest_route=%2Fwp%2Fv2%2Fcomments&post=12376"}],"version-history":[{"count":2,"href":"http:\/\/www.jasiunupagrindine.salcininkai.lm.lt\/index.php?rest_route=\/wp\/v2\/pages\/12376\/revisions"}],"predecessor-version":[{"id":12380,"href":"http:\/\/www.jasiunupagrindine.salcininkai.lm.lt\/index.php?rest_route=\/wp\/v2\/pages\/12376\/revisions\/12380"}],"wp:attachment":[{"href":"http:\/\/www.jasiunupagrindine.salcininkai.lm.lt\/index.php?rest_route=%2Fwp%2Fv2%2Fmedia&parent=12376"}],"curies":[{"name":"wp","href":"https:\/\/api.w.org\/{rel}","templated":true}]}}