{"id":13628,"date":"2022-06-27T12:26:54","date_gmt":"2022-06-27T09:26:54","guid":{"rendered":"http:\/\/www.jasiunupagrindine.salcininkai.lm.lt\/?page_id=13628"},"modified":"2023-01-21T23:40:07","modified_gmt":"2023-01-21T21:40:07","slug":"ugdymo-turinio-atnaujinimas-uta","status":"publish","type":"page","link":"http:\/\/www.jasiunupagrindine.salcininkai.lm.lt\/?page_id=13628","title":{"rendered":"Ugdymo turinio atnaujinimas (UTA)"},"content":{"rendered":"<div><span style=\"font-family: 'times new roman', times, serif; font-size: 12pt;\"><span style=\"color: #000000;\">Nuo 2020 m. \u0160vietimo, mokslo ir sporto ministerija prad\u0117jo did\u017eiul\u012f projekt\u0105 &#8211; UTA. \u0160is projektas aktualus visiems, susijusiems su \u0161vietimu: mokytojams, mokiniams ir&nbsp;&nbsp;j\u0173 t\u0117vams.&nbsp;<\/span><\/span><\/div>\n<div>&nbsp;<\/div>\n<div>&nbsp;<\/div>\n<div><span style=\"font-family: 'times new roman', times, serif; font-size: 12pt;\"><strong>Ugdymo turinio atnaujinimo laiko juosta ir svarbiausios id\u0117jos:<\/strong><\/span><\/div>\n<div>&nbsp;<\/div>\n<div><span style=\"font-family: 'times new roman', times, serif; font-size: 12pt;\"><a href=\"http:\/\/www.jasiunupagrindine.salcininkai.lm.lt\/wp-content\/uploads\/2022\/06\/UGDYMO-TURINIO-ATNAUJINIMAS-1.pdf\">UGDYMO-TURINIO-ATNAUJINIMAS (1)<\/a><\/span><\/div>\n<div>&nbsp;<\/div>\n<div>\n<p><span style=\"font-family: 'times new roman', times, serif; font-size: 12pt;\"><strong>Informacija mokini\u0173 t\u0117vams:&nbsp;<\/strong><\/span><\/p>\n<p><a style=\"font-size: 12pt;\" href=\"http:\/\/www.jasiunupagrindine.salcininkai.lm.lt\/wp-content\/uploads\/2022\/06\/T\u0117vams-apie-kompetencijas.pptx.pdf\">T\u0117vams apie kompetencijas.pptx<\/a><\/p>\n<p><strong><span style=\"font-family: 'times new roman', times, serif; color: #000000;\">UTA darbo grup\u0117:<\/span><\/strong><\/p>\n<p><a style=\"font-size: 12px;\" href=\"http:\/\/www.jasiunupagrindine.salcininkai.lm.lt\/wp-content\/uploads\/2022\/06\/20220630102529.pdf\">\u012esakymas d\u0117l mokyklos atnaujinamo ugdymo turinio \u012fgyvendinimo darbo grup\u0117s sudarymo<\/a><\/p>\n<\/div>\n<div><img loading=\"lazy\" decoding=\"async\" class=\"\" src=\"https:\/\/domeikavosgimnazija.lt\/app\/default\/assets\/images\/972718a7510bfef9f4bff76ec9db4dc0.jpg\" width=\"487\" height=\"274\"><\/div>\n<div><img loading=\"lazy\" decoding=\"async\" class=\"\" src=\"https:\/\/domeikavosgimnazija.lt\/app\/default\/assets\/images\/3d5f40f4660e7a38c68b33280abf7b88.jpg\" width=\"489\" height=\"275\"><\/div>\n<div><img loading=\"lazy\" decoding=\"async\" class=\"\" src=\"https:\/\/domeikavosgimnazija.lt\/app\/default\/assets\/images\/f33381d9181f241b01a5b7833cfae426.jpg\" width=\"484\" height=\"272\"><img loading=\"lazy\" decoding=\"async\" class=\"\" src=\"https:\/\/domeikavosgimnazija.lt\/app\/default\/assets\/images\/c523dc0f34e19bf0f19eaf88f1111ca0.jpg\" width=\"487\" height=\"274\"><\/div>\n<div><img loading=\"lazy\" decoding=\"async\" class=\"\" src=\"https:\/\/domeikavosgimnazija.lt\/app\/default\/assets\/images\/b291bc9a11903f7b417b3bc1a201ba97.jpg\" width=\"485\" height=\"273\"><\/div>\n<div><img loading=\"lazy\" decoding=\"async\" class=\"\" src=\"https:\/\/domeikavosgimnazija.lt\/app\/default\/assets\/images\/22c5dc2e7f891ec907af367dd77ee955.jpg\" width=\"484\" height=\"272\"><\/div>\n<div><img loading=\"lazy\" decoding=\"async\" class=\"\" src=\"https:\/\/domeikavosgimnazija.lt\/app\/default\/assets\/images\/0e544114ac91b3569c1bb15811bad564.jpg\" width=\"487\" height=\"274\"><\/div>\n<div>\n<p><img loading=\"lazy\" decoding=\"async\" class=\"\" src=\"https:\/\/domeikavosgimnazija.lt\/app\/default\/assets\/images\/34f9550869d26a251b1b520a598552ce.jpg\" width=\"485\" height=\"273\"><strong>Atnaujintos Bendrosios udymo programos<\/strong><\/p>\n<ul>\n<li><a href=\"https:\/\/www.emokykla.lt\/bendrasis\/bendrosios-programos\/atnaujintos-bendrosios-programos\">https:\/\/www.emokykla.lt\/bendrasis\/bendrosios-programos\/atnaujintos-bendrosios-programos<\/a><\/li>\n<li><a href=\"https:\/\/www.emokykla.lt\/upload\/EMOKYKLA\/BP\/2022-10-10\/PATVIRTINTA_Aurelija\/00_BP%20ivadas_2022-08-18.pdf\">https:\/\/www.emokykla.lt\/upload\/EMOKYKLA\/BP\/2022-10-10\/PATVIRTINTA_Aurelija\/00_BP%20ivadas_2022-08-18.pdf<\/a><\/li>\n<li><a href=\"https:\/\/www.emokykla.lt\/upload\/EMOKYKLA\/BP\/2022-10-10\/PATVIRTINTA_Aurelija\/\">https:\/\/www.emokykla.lt\/upload\/EMOKYKLA\/BP\/2022-10-10\/PATVIRTINTA_Aurelija\/<\/a><\/li>\n<li><a href=\"https:\/\/www.youtube.com\/playlist?list=PLb3M6Z90Z4rRf8MMXfrKj_2hWlkqxN9N7\">https:\/\/www.youtube.com\/playlist?list=PLb3M6Z90Z4rRf8MMXfrKj_2hWlkqxN9N7<\/a><\/li>\n<\/ul>\n<h3>Rekomendacijos (tame tarpe ir d\u0117l 30% UT, \u012ftraukiojo ugdymo):<\/h3>\n<ul>\n<li>Pamokos steb\u0117jimo protokolas:&nbsp;<a href=\"https:\/\/docs.google.com\/document\/d\/1vNZ6-nszB2TiRb4JMQq5yfei1926RrP8\/edit?usp=sharing&amp;ouid=101040787861246623766&amp;rtpof=true&amp;sd=true&amp;fbclid=IwAR2lnPr07hNi0u2jh5lyviulQ7ycpvn5ZN4p1HSc0OZAaL2SzIGJZOgV9xE\" target=\"_blank\" rel=\"noopener\">https:\/\/docs.google.com\/&#8230;\/1vNZ6&#8230;\/edit&#8230;<\/a><\/li>\n<li>Naudingi renginiai dalykininkams apie UTA:&nbsp;<a href=\"https:\/\/www.youtube.com\/playlist?list=PLb3M6Z90Z4rRf8MMXfrKj_2hWlkqxN9N7&amp;fbclid=IwAR3-7xFUlZdqhNdK1yrbsi-LmoaSZr-96uH12z4WD1Hs81w7mPqTP6pP-o0\" target=\"_blank\" rel=\"noopener\">https:\/\/www.youtube.com\/playlist&#8230;<\/a><\/li>\n<li>Bendra informacija skaidr\u0117se:&nbsp;<a href=\"https:\/\/docs.google.com\/presentation\/d\/11WnZ7wnnnUTzd_6X04z5thMqGTQUn-Rz\/edit?usp=sharing&amp;ouid=101040787861246623766&amp;rtpof=true&amp;sd=true&amp;fbclid=IwAR1AwLI1BbRrwY3lPm3S0_lxutaldMo3q886qQN_W1WlrOavE2l9wcn8oWY\" target=\"_blank\" rel=\"noopener\">https:\/\/docs.google.com\/&#8230;\/11WnZ7wnnnUTzd&#8230;\/edit&#8230;<\/a>01_Kompetenciju%2Braidos%2Baprasas%20(1).pdf<\/li>\n<li><a href=\"https:\/\/www.nsa.smm.lt\/projektai\/ugdymo-projektai\/projektas-bendrojo-ugdymo-mokytoju-bendruju-ir-dalykiniu-kompetenciju-tobulinimas\/\">https:\/\/www.nsa.smm.lt\/projektai\/ugdymo-projektai\/projektas-bendrojo-ugdymo-mokytoju-bendruju-ir-dalykiniu-kompetenciju-tobulinimas\/<\/a><\/li>\n<li><a href=\"https:\/\/www.emokykla.lt\/bendrasis\/pradzia\/metodine-medziaga-kompetenciju-tobulinimo-tema-papildyta-naujais-leidiniais\/46283?home=true\">https:\/\/www.emokykla.lt\/bendrasis\/pradzia\/metodine-medziaga-kompetenciju-tobulinimo-tema-papildyta-naujais-leidiniais\/46283?home=true<\/a><\/li>\n<li>Ugdymo turinio atnaujinimas: plan\u0173 pavyzd\u017eiai ir kita naudinga informacija mokykloms<\/li>\n<\/ul>\n<p><a href=\"https:\/\/docs.google.com\/document\/d\/1JqpN5YB1ypI3BJAg-Gi3HqndNVvHQelIl73jLRBzYzI\/edit?usp=sharing&amp;fbclid=IwAR3RU6slGRkONi0iqeApRmSKSPLOaL2iX5JIe06GSI-B1g0FHgNPTwCqGss\" target=\"_blank\" rel=\"noopener\">https:\/\/docs.google.com\/&#8230;\/1JqpN5YB1ypI3BJAg&#8230;\/edit&#8230;<\/a><\/p>\n<ul>\n<li>Skaitmenin\u0117s mokymo priemon\u0117s<\/li>\n<\/ul>\n<p><a href=\"https:\/\/www.emokykla.lt\/bendrasis\/skaitmenines-mokymo-priemones\/priemones?fbclid=IwAR0dTADP3WGMxY_FWfuB0pPdiayMlit18-tRB0WwsxmodOoikEO_MlTiJXA\">https:\/\/www.emokykla.lt\/bendrasis\/skaitmenines-mokymo-priemones\/priemones?fbclid=IwAR0dTADP3WGMxY_FWfuB0pPdiayMlit18-tRB0WwsxmodOoikEO_MlTiJXA<\/a><\/p>\n<p>&nbsp;<\/p>\n<\/div>\n","protected":false},"excerpt":{"rendered":"<p>Nuo 2020 m. \u0160vietimo, mokslo ir sporto ministerija prad\u0117jo did\u017eiul\u012f projekt\u0105 &#8211; UTA. \u0160is projektas aktualus visiems, susijusiems su \u0161vietimu: mokytojams, mokiniams ir&nbsp;&nbsp;j\u0173 t\u0117vams.&nbsp; &nbsp; &nbsp; Ugdymo turinio atnaujinimo laiko juosta ir svarbiausios id\u0117jos: &nbsp; UGDYMO-TURINIO-ATNAUJINIMAS (1) &nbsp; Informacija mokini\u0173 &hellip; <a href=\"http:\/\/www.jasiunupagrindine.salcininkai.lm.lt\/?page_id=13628\">Skaitykite toliau <span class=\"meta-nav\">&rarr;<\/span><\/a><\/p>\n","protected":false},"author":5,"featured_media":0,"parent":0,"menu_order":0,"comment_status":"closed","ping_status":"closed","template":"","meta":{"ngg_post_thumbnail":0,"footnotes":""},"class_list":["post-13628","page","type-page","status-publish","hentry"],"_links":{"self":[{"href":"http:\/\/www.jasiunupagrindine.salcininkai.lm.lt\/index.php?rest_route=\/wp\/v2\/pages\/13628","targetHints":{"allow":["GET"]}}],"collection":[{"href":"http:\/\/www.jasiunupagrindine.salcininkai.lm.lt\/index.php?rest_route=\/wp\/v2\/pages"}],"about":[{"href":"http:\/\/www.jasiunupagrindine.salcininkai.lm.lt\/index.php?rest_route=\/wp\/v2\/types\/page"}],"author":[{"embeddable":true,"href":"http:\/\/www.jasiunupagrindine.salcininkai.lm.lt\/index.php?rest_route=\/wp\/v2\/users\/5"}],"replies":[{"embeddable":true,"href":"http:\/\/www.jasiunupagrindine.salcininkai.lm.lt\/index.php?rest_route=%2Fwp%2Fv2%2Fcomments&post=13628"}],"version-history":[{"count":10,"href":"http:\/\/www.jasiunupagrindine.salcininkai.lm.lt\/index.php?rest_route=\/wp\/v2\/pages\/13628\/revisions"}],"predecessor-version":[{"id":14975,"href":"http:\/\/www.jasiunupagrindine.salcininkai.lm.lt\/index.php?rest_route=\/wp\/v2\/pages\/13628\/revisions\/14975"}],"wp:attachment":[{"href":"http:\/\/www.jasiunupagrindine.salcininkai.lm.lt\/index.php?rest_route=%2Fwp%2Fv2%2Fmedia&parent=13628"}],"curies":[{"name":"wp","href":"https:\/\/api.w.org\/{rel}","templated":true}]}}