{"id":16219,"date":"2023-05-08T14:15:13","date_gmt":"2023-05-08T11:15:13","guid":{"rendered":"http:\/\/www.jasiunupagrindine.salcininkai.lm.lt\/?page_id=16219"},"modified":"2025-10-26T06:57:41","modified_gmt":"2025-10-26T04:57:41","slug":"duomenu-apsauga","status":"publish","type":"page","link":"http:\/\/www.jasiunupagrindine.salcininkai.lm.lt\/?page_id=16219","title":{"rendered":"DUOMEN\u0172 APSAUGA"},"content":{"rendered":"<p>Saugos pareig\u016bno duomen\u0173 kontaktai:<\/p>\n<p>Tomas Gagys<\/p>\n<p>MB&nbsp;\u201eDuomen\u0173 sauga\u201c el .p.&nbsp;<a href=\"mailto:dap@duomenu-sauga.lt\" target=\"_blank\" rel=\"noopener\">dap@duomenu-sauga.lt<\/a><\/p>\n<p><span style=\"color: #000000;\"><a style=\"color: #000000;\" href=\"http:\/\/www.jasiunupagrindine.salcininkai.lm.lt\/wp-content\/uploads\/2023\/05\/Asmens-duomen\u0173-tvarkymo-taisykl\u0117s.docx\" target=\"_blank\" rel=\"noopener\">Asmens duomen\u0173 tvarkymo taisykl\u0117s<\/a><\/span><\/p>\n<p><span style=\"color: #000000;\"><a style=\"color: #000000;\" href=\"http:\/\/www.jasiunupagrindine.salcininkai.lm.lt\/wp-content\/uploads\/2023\/05\/Rekomenduojama-duomen\u0173-subjekto-teisi\u0173-\u012fgyvendinimo-forma-Priedas-Nr.-1_.docx\">Rekomenduojama duomen\u0173 subjekto teisi\u0173 \u012fgyvendinimo forma (Priedas Nr.1)<\/a><\/span><\/p>\n<p><span style=\"color: #000000;\"><a style=\"color: #000000;\" href=\"http:\/\/www.jasiunupagrindine.salcininkai.lm.lt\/wp-content\/uploads\/2023\/05\/Informacija-apie-duomen\u0173-tvarkym\u0105-mokiniams-ir-j\u0173-atstovams-Priedas-Nr.-3_.docx\">Informacija apie duomen\u0173 tvarkym\u0105 (mokiniams ir j\u0173 atstovams) (Priedas Nr. 3)_<\/a><\/span><\/p>\n<p><span style=\"color: #000000;\"><a style=\"color: #000000;\" href=\"http:\/\/www.jasiunupagrindine.salcininkai.lm.lt\/wp-content\/uploads\/2023\/05\/Informacija-apie-duomen\u0173-tvarkym\u0105-darbuotojams-Priedas-Nr.-4.docx\">_Informacija apie duomen\u0173 tvarkym\u0105 (darbuotojams) (Priedas Nr. 4)<\/a><\/span><\/p>\n<p><span style=\"color: #000000;\"><a style=\"color: #000000;\" href=\"http:\/\/www.jasiunupagrindine.salcininkai.lm.lt\/wp-content\/uploads\/2023\/05\/Informacija-apie-duomen\u0173-tvarkym\u0105-kandidatams-\u012f-darbuotojus-Priedas-Nr.-7_.docx\">Informacija apie duomen\u0173 tvarkym\u0105 (kandidatams \u012f darbuotojus) (Priedas Nr. 7)_<\/a><\/span><\/p>\n<p><span style=\"color: #000000;\"><a style=\"color: #000000;\" href=\"http:\/\/www.jasiunupagrindine.salcininkai.lm.lt\/wp-content\/uploads\/2023\/05\/Informacija-apie-duomen\u0173-tvarkym\u0105-praktikantams-Priedas-Nr.-8_.docx\">Informacija apie duomen\u0173 tvarkym\u0105 (praktikantams) (Priedas Nr. 8)_<\/a><\/span><\/p>\n<p><span style=\"color: #000000;\"><a style=\"color: #000000;\" href=\"http:\/\/www.jasiunupagrindine.salcininkai.lm.lt\/wp-content\/uploads\/2023\/05\/Informacija-apie-duomen\u0173-tvarkym\u0105-vie\u0161\u0173j\u0173-pirkim\u0173-dalyviams-Priedas-Nr.-9_.docx\">Informacija apie duomen\u0173 tvarkym\u0105 (vie\u0161\u0173j\u0173 pirkim\u0173 dalyviams) (Priedas Nr. 9)_<\/a><\/span><\/p>\n<p><span style=\"color: #000000;\"><a style=\"color: #000000;\" href=\"http:\/\/www.jasiunupagrindine.salcininkai.lm.lt\/wp-content\/uploads\/2023\/05\/Informacija-apie-duomen\u0173-tvarkym\u0105-turto-nuomininkams-Priedas-Nr.-10_.docx\">Informacija apie duomen\u0173 tvarkym\u0105 (turto nuomininkams) (Priedas Nr. 10)_<\/a><\/span><\/p>\n","protected":false},"excerpt":{"rendered":"<p>Saugos pareig\u016bno duomen\u0173 kontaktai: Tomas Gagys MB&nbsp;\u201eDuomen\u0173 sauga\u201c el .p.&nbsp;dap@duomenu-sauga.lt Asmens duomen\u0173 tvarkymo taisykl\u0117s Rekomenduojama duomen\u0173 subjekto teisi\u0173 \u012fgyvendinimo forma (Priedas Nr.1) Informacija apie duomen\u0173 tvarkym\u0105 (mokiniams ir j\u0173 atstovams) (Priedas Nr. 3)_ _Informacija apie duomen\u0173 tvarkym\u0105 (darbuotojams) (Priedas Nr. &hellip; <a href=\"http:\/\/www.jasiunupagrindine.salcininkai.lm.lt\/?page_id=16219\">Skaitykite toliau <span class=\"meta-nav\">&rarr;<\/span><\/a><\/p>\n","protected":false},"author":6,"featured_media":0,"parent":0,"menu_order":0,"comment_status":"closed","ping_status":"closed","template":"","meta":{"ngg_post_thumbnail":0,"footnotes":""},"class_list":["post-16219","page","type-page","status-publish","hentry"],"_links":{"self":[{"href":"http:\/\/www.jasiunupagrindine.salcininkai.lm.lt\/index.php?rest_route=\/wp\/v2\/pages\/16219","targetHints":{"allow":["GET"]}}],"collection":[{"href":"http:\/\/www.jasiunupagrindine.salcininkai.lm.lt\/index.php?rest_route=\/wp\/v2\/pages"}],"about":[{"href":"http:\/\/www.jasiunupagrindine.salcininkai.lm.lt\/index.php?rest_route=\/wp\/v2\/types\/page"}],"author":[{"embeddable":true,"href":"http:\/\/www.jasiunupagrindine.salcininkai.lm.lt\/index.php?rest_route=\/wp\/v2\/users\/6"}],"replies":[{"embeddable":true,"href":"http:\/\/www.jasiunupagrindine.salcininkai.lm.lt\/index.php?rest_route=%2Fwp%2Fv2%2Fcomments&post=16219"}],"version-history":[{"count":8,"href":"http:\/\/www.jasiunupagrindine.salcininkai.lm.lt\/index.php?rest_route=\/wp\/v2\/pages\/16219\/revisions"}],"predecessor-version":[{"id":23145,"href":"http:\/\/www.jasiunupagrindine.salcininkai.lm.lt\/index.php?rest_route=\/wp\/v2\/pages\/16219\/revisions\/23145"}],"wp:attachment":[{"href":"http:\/\/www.jasiunupagrindine.salcininkai.lm.lt\/index.php?rest_route=%2Fwp%2Fv2%2Fmedia&parent=16219"}],"curies":[{"name":"wp","href":"https:\/\/api.w.org\/{rel}","templated":true}]}}