{"id":1814,"date":"2017-01-27T19:04:36","date_gmt":"2017-01-27T17:04:36","guid":{"rendered":"http:\/\/www.jasiunupagrindine.salcininkai.lm.lt\/?page_id=1814"},"modified":"2020-02-11T16:24:15","modified_gmt":"2020-02-11T14:24:15","slug":"tyrimai-ir-analizes","status":"publish","type":"page","link":"http:\/\/www.jasiunupagrindine.salcininkai.lm.lt\/?page_id=1814","title":{"rendered":"Tyrimai ir analiz\u0117s"},"content":{"rendered":"<p style=\"text-align: center;\"><span style=\"font-family: 'times new roman', times, serif; font-size: 14pt;\"><strong>Anketavimas \u201e Maitinimo organizavimas mokykloje\u201c&nbsp;<\/strong><\/span><\/p>\n<p style=\"text-align: left;\"><span style=\"font-family: 'times new roman', times, serif;\">&nbsp; &nbsp; <span style=\"font-size: 12pt;\">&nbsp; Spalio m\u0117nesi mokykloje vyko anoniminis t\u0117v\u0173 ir vaik\u0173 anketavimas d\u0117l maitinimo organizavimo mokykloje. Anketavime dalyvavo 55 mokyklos mokiniai ir 29 t\u0117vai. Su anketavimo rezultatais galima susipa\u017einti <a href=\"http:\/\/www.jasiunupagrindine.salcininkai.lm.lt\/wp-content\/uploads\/2018\/10\/pitanije.docx\">\u010dia.&nbsp;<\/a><\/span><\/span><\/p>\n<p style=\"text-align: center;\"><span style=\"font-family: times new roman,times,serif; font-size: 12pt;\"><strong>OLWEUS APKLAUSOS REZULTATAI<\/strong><\/span><\/p>\n<p><a href=\"http:\/\/www.jasiunupagrindine.salcininkai.lm.lt\/wp-content\/uploads\/2020\/02\/Olweus-apklausa-Ja\u0161i\u016bn\u0173-pagrindin\u0117je-mokykloje-2018-2020-mokslo-metai-1.pdf\">Olweus apklausa Ja\u0161i\u016bn\u0173 pagrindin\u0117je mokykloje 2018-2020 mokslo metai (1)<\/a><\/p>\n<p>&nbsp;<\/p>\n<p>&nbsp;<\/p>\n","protected":false},"excerpt":{"rendered":"<p>Anketavimas \u201e Maitinimo organizavimas mokykloje\u201c&nbsp; &nbsp; &nbsp; &nbsp; Spalio m\u0117nesi mokykloje vyko anoniminis t\u0117v\u0173 ir vaik\u0173 anketavimas d\u0117l maitinimo organizavimo mokykloje. Anketavime dalyvavo 55 mokyklos mokiniai ir 29 t\u0117vai. Su anketavimo rezultatais galima susipa\u017einti \u010dia.&nbsp; OLWEUS APKLAUSOS REZULTATAI Olweus apklausa &hellip; <a href=\"http:\/\/www.jasiunupagrindine.salcininkai.lm.lt\/?page_id=1814\">Skaitykite toliau <span class=\"meta-nav\">&rarr;<\/span><\/a><\/p>\n","protected":false},"author":6,"featured_media":0,"parent":0,"menu_order":0,"comment_status":"closed","ping_status":"closed","template":"","meta":{"ngg_post_thumbnail":0,"footnotes":""},"class_list":["post-1814","page","type-page","status-publish","hentry"],"_links":{"self":[{"href":"http:\/\/www.jasiunupagrindine.salcininkai.lm.lt\/index.php?rest_route=\/wp\/v2\/pages\/1814","targetHints":{"allow":["GET"]}}],"collection":[{"href":"http:\/\/www.jasiunupagrindine.salcininkai.lm.lt\/index.php?rest_route=\/wp\/v2\/pages"}],"about":[{"href":"http:\/\/www.jasiunupagrindine.salcininkai.lm.lt\/index.php?rest_route=\/wp\/v2\/types\/page"}],"author":[{"embeddable":true,"href":"http:\/\/www.jasiunupagrindine.salcininkai.lm.lt\/index.php?rest_route=\/wp\/v2\/users\/6"}],"replies":[{"embeddable":true,"href":"http:\/\/www.jasiunupagrindine.salcininkai.lm.lt\/index.php?rest_route=%2Fwp%2Fv2%2Fcomments&post=1814"}],"version-history":[{"count":8,"href":"http:\/\/www.jasiunupagrindine.salcininkai.lm.lt\/index.php?rest_route=\/wp\/v2\/pages\/1814\/revisions"}],"predecessor-version":[{"id":8613,"href":"http:\/\/www.jasiunupagrindine.salcininkai.lm.lt\/index.php?rest_route=\/wp\/v2\/pages\/1814\/revisions\/8613"}],"wp:attachment":[{"href":"http:\/\/www.jasiunupagrindine.salcininkai.lm.lt\/index.php?rest_route=%2Fwp%2Fv2%2Fmedia&parent=1814"}],"curies":[{"name":"wp","href":"https:\/\/api.w.org\/{rel}","templated":true}]}}