{"id":1822,"date":"2017-01-27T19:07:48","date_gmt":"2017-01-27T17:07:48","guid":{"rendered":"http:\/\/www.jasiunupagrindine.salcininkai.lm.lt\/?page_id=1822"},"modified":"2022-01-31T19:27:27","modified_gmt":"2022-01-31T17:27:27","slug":"darbo-uzmokestis","status":"publish","type":"page","link":"http:\/\/www.jasiunupagrindine.salcininkai.lm.lt\/?page_id=1822","title":{"rendered":"Darbo u\u017emokestis"},"content":{"rendered":"<p style=\"text-align: center;\"><strong>\u0160AL\u010cININK\u0172 R. \u0160AL\u010cININK\u0172 JA\u0160I\u016aN\u0172 PAGRINDIN\u0116 MOKYKLA<\/strong><\/p>\n<p style=\"text-align: center;\"><strong>DARBUOTOJ\u0172 VIDUTINIS M\u0116NESINIS NUSTATYTASIS (PASKIRTASIS) <\/strong><\/p>\n<p style=\"text-align: center;\"><strong>DARBO U\u017dMOKESTIS<\/strong><\/p>\n<p>Informacija pateikiama vadovaujantis Teis\u0117s gauti informacij\u0105 i\u0161 valstyb\u0117s ir savivaldybi\u0173 institucij\u0173 ir \u012fstaig\u0173 \u012fstatymu ir Vyriausyb\u0117s nutarimu patvirtintu Bendr\u0173j\u0173 reikalavim\u0173 valstyb\u0117s ir savivaldybi\u0173 institucij\u0173 ir \u012fstaig\u0173 interneto svetain\u0117ms apra\u0161u.<\/p>\n<table width=\"501\">\n<thead>\n<tr>\n<td rowspan=\"2\" width=\"264\"><strong>Pareigyb\u0117s pavadinimas<\/strong><\/td>\n<td colspan=\"2\" width=\"236\"><strong>2021 m.<\/strong><\/td>\n<\/tr>\n<\/thead>\n<tbody>\n<tr>\n<td width=\"66\"><strong>Darbuotoj\u0173 skai\u010dius<\/strong><\/td>\n<td width=\"170\"><strong>Vidutinis m\u0117nesinis nustatytasis (paskirtasis) darbo u\u017emokestis (Eur)<\/strong><\/td>\n<\/tr>\n<tr>\n<td width=\"264\">Direktorius (1)<\/td>\n<td width=\"66\">1<\/td>\n<td width=\"170\">&#8211;<\/td>\n<\/tr>\n<tr>\n<td width=\"264\">Pavaduotojas ugdymui (0,5 et.)<\/td>\n<td width=\"66\">1<\/td>\n<td width=\"170\">&#8211;<\/td>\n<\/tr>\n<tr>\n<td width=\"264\">Psichologas&nbsp; (0,25 et.)<\/td>\n<td width=\"66\">1<\/td>\n<td rowspan=\"3\" width=\"170\">1426,00<\/td>\n<\/tr>\n<tr>\n<td width=\"264\">Soc. pedagogas (0,5 et)<\/td>\n<td width=\"66\">1<\/td>\n<\/tr>\n<tr>\n<td width=\"264\">Logopedas (0,5)<\/td>\n<td width=\"66\">1<\/td>\n<\/tr>\n<tr>\n<td width=\"264\">Bibliotekininkas (0,5 et.)<\/td>\n<td width=\"66\">1<\/td>\n<td width=\"170\">443,00<\/td>\n<\/tr>\n<tr>\n<td width=\"264\">Prie\u0161mokyklinio ugdymo mokytojas (1,14)<\/td>\n<td width=\"66\">&nbsp;<\/p>\n<p>2<\/td>\n<td width=\"170\">1342,00<\/td>\n<\/tr>\n<tr>\n<td width=\"264\">Mokytojas<\/td>\n<td width=\"66\">6<\/td>\n<td width=\"170\">1329,00<\/td>\n<\/tr>\n<tr>\n<td width=\"264\">Vyr. mokytojas<\/td>\n<td width=\"66\">18<\/td>\n<td width=\"170\">1449,00<\/td>\n<\/tr>\n<tr>\n<td width=\"264\">Mokytojas metodininkas<\/td>\n<td width=\"66\">3<\/td>\n<td width=\"170\">1560,00<\/td>\n<\/tr>\n<tr>\n<td width=\"264\">Direktoriaus pavaduotojas \u016bkio reikalams (0,5 et.)<\/td>\n<td width=\"66\">&nbsp;<\/p>\n<p>1<\/td>\n<td width=\"170\">&#8211;<\/td>\n<\/tr>\n<tr>\n<td width=\"264\">Sekretorius (0,5 et.)<\/td>\n<td width=\"66\">1<\/td>\n<td width=\"170\">385,00<\/td>\n<\/tr>\n<tr>\n<td width=\"264\">Valytojas<\/td>\n<td width=\"66\">&nbsp;&nbsp;&nbsp;&nbsp;&nbsp;&nbsp;&nbsp;&nbsp; 4<\/td>\n<td rowspan=\"3\" width=\"170\">642,00<\/td>\n<\/tr>\n<tr>\n<td width=\"264\">Darbininkas<\/td>\n<td width=\"66\">&nbsp;&nbsp;&nbsp;&nbsp;&nbsp;&nbsp;&nbsp;&nbsp; 1<\/td>\n<\/tr>\n<tr>\n<td width=\"264\">R\u016bbininkas<\/td>\n<td width=\"66\">&nbsp;&nbsp;&nbsp;&nbsp;&nbsp;&nbsp;&nbsp;&nbsp; 1<\/td>\n<\/tr>\n<tr>\n<td width=\"264\">Sargas<\/td>\n<td width=\"66\">&nbsp;&nbsp;&nbsp;&nbsp;&nbsp;&nbsp;&nbsp;&nbsp; 1<\/td>\n<td width=\"170\">&#8211;<\/td>\n<\/tr>\n<\/tbody>\n<\/table>\n<p>&nbsp;<\/p>\n<p>* Darbuotojo, kuris vienintelis \u012fstaigoje eina atitinkamas pareigas, pra\u0117jusi\u0173 met\u0173 vidutinis m\u0117nesinis nustatytasis (paskirtasis) darbo u\u017emokestis ir einam\u0173j\u0173 met\u0173 pra\u0117jusio ketvir\u010dio vidutinis m\u0117nesinis nustatytasis (paskirtasis) darbo u\u017emokestis pateikiami tik gavus jo sutikim\u0105.<\/p>\n","protected":false},"excerpt":{"rendered":"<p>\u0160AL\u010cININK\u0172 R. \u0160AL\u010cININK\u0172 JA\u0160I\u016aN\u0172 PAGRINDIN\u0116 MOKYKLA DARBUOTOJ\u0172 VIDUTINIS M\u0116NESINIS NUSTATYTASIS (PASKIRTASIS) DARBO U\u017dMOKESTIS Informacija pateikiama vadovaujantis Teis\u0117s gauti informacij\u0105 i\u0161 valstyb\u0117s ir savivaldybi\u0173 institucij\u0173 ir \u012fstaig\u0173 \u012fstatymu ir Vyriausyb\u0117s nutarimu patvirtintu Bendr\u0173j\u0173 reikalavim\u0173 valstyb\u0117s ir savivaldybi\u0173 institucij\u0173 ir \u012fstaig\u0173 interneto &hellip; <a href=\"http:\/\/www.jasiunupagrindine.salcininkai.lm.lt\/?page_id=1822\">Skaitykite toliau <span class=\"meta-nav\">&rarr;<\/span><\/a><\/p>\n","protected":false},"author":6,"featured_media":0,"parent":0,"menu_order":0,"comment_status":"closed","ping_status":"closed","template":"","meta":{"ngg_post_thumbnail":0,"footnotes":""},"class_list":["post-1822","page","type-page","status-publish","hentry"],"_links":{"self":[{"href":"http:\/\/www.jasiunupagrindine.salcininkai.lm.lt\/index.php?rest_route=\/wp\/v2\/pages\/1822","targetHints":{"allow":["GET"]}}],"collection":[{"href":"http:\/\/www.jasiunupagrindine.salcininkai.lm.lt\/index.php?rest_route=\/wp\/v2\/pages"}],"about":[{"href":"http:\/\/www.jasiunupagrindine.salcininkai.lm.lt\/index.php?rest_route=\/wp\/v2\/types\/page"}],"author":[{"embeddable":true,"href":"http:\/\/www.jasiunupagrindine.salcininkai.lm.lt\/index.php?rest_route=\/wp\/v2\/users\/6"}],"replies":[{"embeddable":true,"href":"http:\/\/www.jasiunupagrindine.salcininkai.lm.lt\/index.php?rest_route=%2Fwp%2Fv2%2Fcomments&post=1822"}],"version-history":[{"count":3,"href":"http:\/\/www.jasiunupagrindine.salcininkai.lm.lt\/index.php?rest_route=\/wp\/v2\/pages\/1822\/revisions"}],"predecessor-version":[{"id":12520,"href":"http:\/\/www.jasiunupagrindine.salcininkai.lm.lt\/index.php?rest_route=\/wp\/v2\/pages\/1822\/revisions\/12520"}],"wp:attachment":[{"href":"http:\/\/www.jasiunupagrindine.salcininkai.lm.lt\/index.php?rest_route=%2Fwp%2Fv2%2Fmedia&parent=1822"}],"curies":[{"name":"wp","href":"https:\/\/api.w.org\/{rel}","templated":true}]}}