{"id":1824,"date":"2017-01-27T19:08:26","date_gmt":"2017-01-27T17:08:26","guid":{"rendered":"http:\/\/www.jasiunupagrindine.salcininkai.lm.lt\/?page_id=1824"},"modified":"2021-01-04T13:10:54","modified_gmt":"2021-01-04T11:10:54","slug":"viesieji-pirkimai","status":"publish","type":"page","link":"http:\/\/www.jasiunupagrindine.salcininkai.lm.lt\/?page_id=1824","title":{"rendered":"Vie\u0161ieji pirkimai"},"content":{"rendered":"<p><span style=\"font-size: 12pt; font-family: 'times new roman', times, serif; color: #000000;\">\u0160al\u010dinink\u0173 r. Ja\u0161i\u016bn\u0173 pagrindin\u0117s mokyklos Vie\u0161\u0173j\u0173 pirkim\u0173 komisijos sud\u0117tis:<\/span><\/p>\n<ol>\n<li><span style=\"font-size: 12pt; font-family: 'times new roman', times, serif; color: #000000;\">Vitalij Jancevi\u010d &#8211; pirmininkas, mokyklos direktoriaus pavaduotojas \u016bkio reikalams<\/span><\/li>\n<li><span style=\"font-size: 12pt; font-family: 'times new roman', times, serif; color: #000000;\">Galina Trofimova &#8211; nar\u0117<\/span><\/li>\n<li><span style=\"font-size: 12pt; font-family: 'times new roman', times, serif; color: #000000;\">Irena Saulien\u0117 &#8211; nar\u0117<\/span><\/li>\n<li><span style=\"font-size: 12pt; font-family: 'times new roman', times, serif; color: #000000;\">Margarita Zacharova &#8211; nar\u0117<\/span><\/li>\n<\/ol>\n<p><span style=\"color: #000000; font-family: 'times new roman', times, serif; font-size: 12pt;\"><a style=\"color: #000000;\" href=\"http:\/\/www.jasiunupagrindine.salcininkai.lm.lt\/wp-content\/uploads\/2020\/12\/20201208104742.pdf\">Vie\u0161\u0173j\u0173 pirkim\u0173 komisija<\/a><\/span><\/p>\n<p><span style=\"font-size: 12pt; font-family: 'times new roman', times, serif; color: #000000;\">Vie\u0161\u0173j\u0173 pirkim\u0173 organizatoriai:<\/span><\/p>\n<ol>\n<li><span style=\"font-size: 12pt; font-family: 'times new roman', times, serif; color: #000000;\">Natalija Eglit, bibliotekinink\u0117, knygoms pirkti<\/span><\/li>\n<li><span style=\"font-size: 12pt; font-family: 'times new roman', times, serif; color: #000000;\">Vitalij Jancevi\u010d, mokyklos direktoriaus pavaduotojas \u016bkio reikalams, kitoms prek\u0117ms ir paslaugoms pirkti (<a style=\"color: #000000;\" href=\"http:\/\/www.jasiunupagrindine.salcininkai.lm.lt\/wp-content\/uploads\/2020\/12\/20201208105048.pdf\">Mokyklos direktoriaus \u012fsakymas<\/a>)<\/span><\/li>\n<\/ol>\n<p><span style=\"font-family: 'times new roman', times, serif; font-size: 12pt; color: #000000;\">Priva\u010di\u0173 interes\u0173 deklaravimas(<a style=\"color: #000000;\" href=\"http:\/\/www.jasiunupagrindine.salcininkai.lm.lt\/wp-content\/uploads\/2020\/12\/20201208105317.pdf\">pareigybi\u0173 s\u0105ra\u0161as<\/a>,kurias einantys mokyklos darbuotojai privalo deklaruoti priva\u010dius interesus)<\/span><\/p>\n<p><span style=\"font-size: 12pt; font-family: 'times new roman', times, serif; color: #000000;\">V<a style=\"color: #000000;\" href=\"http:\/\/www.jasiunupagrindine.salcininkai.lm.lt\/wp-content\/uploads\/2020\/12\/viesuju-pirkimu-planas-2020.doc\">ie\u0161\u0173j\u0173-pirkim\u0173-planas-2020 m.<\/a><\/span><\/p>\n<p><span style=\"color: #000000; font-size: 12pt; font-family: 'times new roman', times, serif;\"><a style=\"color: #000000;\" href=\"http:\/\/www.jasiunupagrindine.salcininkai.lm.lt\/wp-content\/uploads\/2017\/01\/Supaprastintu-viesujuu-pirkimuu-taisykles-20016.doc\">Supaprastint\u0173-vie\u0161\u0173j\u0173-pirkim\u0173-taisykl\u0117s<\/a><\/span><\/p>\n<p><span style=\"color: #000000; font-size: 12pt; font-family: 'times new roman', times, serif;\"><a style=\"color: #000000;\" href=\"http:\/\/www.jasiunupagrindine.salcininkai.lm.lt\/wp-content\/uploads\/2021\/01\/2020-metais-pirkti-vadov\u0117liai.docx\">2020 metais nupirkt\u0173 vadov\u0117li\u0173 s\u0105ra\u0161as<\/a><\/span><\/p>\n","protected":false},"excerpt":{"rendered":"<p>\u0160al\u010dinink\u0173 r. Ja\u0161i\u016bn\u0173 pagrindin\u0117s mokyklos Vie\u0161\u0173j\u0173 pirkim\u0173 komisijos sud\u0117tis: Vitalij Jancevi\u010d &#8211; pirmininkas, mokyklos direktoriaus pavaduotojas \u016bkio reikalams Galina Trofimova &#8211; nar\u0117 Irena Saulien\u0117 &#8211; nar\u0117 Margarita Zacharova &#8211; nar\u0117 Vie\u0161\u0173j\u0173 pirkim\u0173 komisija Vie\u0161\u0173j\u0173 pirkim\u0173 organizatoriai: Natalija Eglit, bibliotekinink\u0117, knygoms &hellip; <a href=\"http:\/\/www.jasiunupagrindine.salcininkai.lm.lt\/?page_id=1824\">Skaitykite toliau <span class=\"meta-nav\">&rarr;<\/span><\/a><\/p>\n","protected":false},"author":6,"featured_media":0,"parent":0,"menu_order":0,"comment_status":"closed","ping_status":"closed","template":"","meta":{"ngg_post_thumbnail":0,"footnotes":""},"class_list":["post-1824","page","type-page","status-publish","hentry"],"_links":{"self":[{"href":"http:\/\/www.jasiunupagrindine.salcininkai.lm.lt\/index.php?rest_route=\/wp\/v2\/pages\/1824","targetHints":{"allow":["GET"]}}],"collection":[{"href":"http:\/\/www.jasiunupagrindine.salcininkai.lm.lt\/index.php?rest_route=\/wp\/v2\/pages"}],"about":[{"href":"http:\/\/www.jasiunupagrindine.salcininkai.lm.lt\/index.php?rest_route=\/wp\/v2\/types\/page"}],"author":[{"embeddable":true,"href":"http:\/\/www.jasiunupagrindine.salcininkai.lm.lt\/index.php?rest_route=\/wp\/v2\/users\/6"}],"replies":[{"embeddable":true,"href":"http:\/\/www.jasiunupagrindine.salcininkai.lm.lt\/index.php?rest_route=%2Fwp%2Fv2%2Fcomments&post=1824"}],"version-history":[{"count":9,"href":"http:\/\/www.jasiunupagrindine.salcininkai.lm.lt\/index.php?rest_route=\/wp\/v2\/pages\/1824\/revisions"}],"predecessor-version":[{"id":10319,"href":"http:\/\/www.jasiunupagrindine.salcininkai.lm.lt\/index.php?rest_route=\/wp\/v2\/pages\/1824\/revisions\/10319"}],"wp:attachment":[{"href":"http:\/\/www.jasiunupagrindine.salcininkai.lm.lt\/index.php?rest_route=%2Fwp%2Fv2%2Fmedia&parent=1824"}],"curies":[{"name":"wp","href":"https:\/\/api.w.org\/{rel}","templated":true}]}}