{"id":1826,"date":"2017-01-27T19:09:11","date_gmt":"2017-01-27T17:09:11","guid":{"rendered":"http:\/\/www.jasiunupagrindine.salcininkai.lm.lt\/?page_id=1826"},"modified":"2026-01-31T16:03:41","modified_gmt":"2026-01-31T14:03:41","slug":"biudzeto-vykdymo-ataskaitu-rinkiniai","status":"publish","type":"page","link":"http:\/\/www.jasiunupagrindine.salcininkai.lm.lt\/?page_id=1826","title":{"rendered":"Biud\u017eeto vykdymo ataskait\u0173 rinkiniai"},"content":{"rendered":"<p style=\"text-align: left;\"><a href=\"http:\/\/www.jasiunupagrindine.salcininkai.lm.lt\/wp-content\/uploads\/2026\/01\/2025_AISK_RASTAS_JASIUNU_PGM.pdf\"><span style=\"color: #000000;\">2025 MET\u0172 BIUD\u017dETO VYKDYMO ATASKAIT\u0172 RINKINIO AI\u0160KINAMASIS RA\u0160TAS<\/span><\/a><\/p>\n<p>Skelbiame&nbsp;2018&nbsp;met\u0173 I ketvir\u010dio finansini\u0173 ataskait\u0173 rinkin\u012f.<\/p>\n<p><a href=\"http:\/\/www.jasiunupagrindine.salcininkai.lm.lt\/wp-content\/uploads\/2017\/01\/JASUNU_PG_M_2018_I_KV.pdf\">jasunu_pg_m_2018_i_kv<\/a><\/p>\n<p>Skelbiame 2018 met\u0173 II ketvir\u010dio finansini\u0173 ataskait\u0173 rinkin\u012f.<\/p>\n<p><a href=\"http:\/\/www.jasiunupagrindine.salcininkai.lm.lt\/wp-content\/uploads\/2017\/01\/JASUNU_PG_M_2018_II_KV.pdf\">jasunu_pg_m_2018_ii_kv<\/a><\/p>\n<p>Skelbiama 2019 met\u0173&nbsp; I ketvir\u010dio finansini\u0173 ataskait\u0173 rinkin\u012f.<\/p>\n<p><a href=\"http:\/\/www.jasiunupagrindine.salcininkai.lm.lt\/wp-content\/uploads\/2019\/05\/JASUNU_PG_M_2019_I_KV.pdf\">JASUNU_PG_M_2019_I_KV<\/a>&nbsp;<\/p>\n\n","protected":false},"excerpt":{"rendered":"<p>2025 MET\u0172 BIUD\u017dETO VYKDYMO ATASKAIT\u0172 RINKINIO AI\u0160KINAMASIS RA\u0160TAS Skelbiame&nbsp;2018&nbsp;met\u0173 I ketvir\u010dio finansini\u0173 ataskait\u0173 rinkin\u012f. jasunu_pg_m_2018_i_kv Skelbiame 2018 met\u0173 II ketvir\u010dio finansini\u0173 ataskait\u0173 rinkin\u012f. jasunu_pg_m_2018_ii_kv Skelbiama 2019 met\u0173&nbsp; I ketvir\u010dio finansini\u0173 ataskait\u0173 rinkin\u012f. JASUNU_PG_M_2019_I_KV&nbsp;<\/p>\n","protected":false},"author":6,"featured_media":0,"parent":0,"menu_order":0,"comment_status":"closed","ping_status":"closed","template":"","meta":{"ngg_post_thumbnail":0,"footnotes":""},"class_list":["post-1826","page","type-page","status-publish","hentry"],"_links":{"self":[{"href":"http:\/\/www.jasiunupagrindine.salcininkai.lm.lt\/index.php?rest_route=\/wp\/v2\/pages\/1826","targetHints":{"allow":["GET"]}}],"collection":[{"href":"http:\/\/www.jasiunupagrindine.salcininkai.lm.lt\/index.php?rest_route=\/wp\/v2\/pages"}],"about":[{"href":"http:\/\/www.jasiunupagrindine.salcininkai.lm.lt\/index.php?rest_route=\/wp\/v2\/types\/page"}],"author":[{"embeddable":true,"href":"http:\/\/www.jasiunupagrindine.salcininkai.lm.lt\/index.php?rest_route=\/wp\/v2\/users\/6"}],"replies":[{"embeddable":true,"href":"http:\/\/www.jasiunupagrindine.salcininkai.lm.lt\/index.php?rest_route=%2Fwp%2Fv2%2Fcomments&post=1826"}],"version-history":[{"count":9,"href":"http:\/\/www.jasiunupagrindine.salcininkai.lm.lt\/index.php?rest_route=\/wp\/v2\/pages\/1826\/revisions"}],"predecessor-version":[{"id":23795,"href":"http:\/\/www.jasiunupagrindine.salcininkai.lm.lt\/index.php?rest_route=\/wp\/v2\/pages\/1826\/revisions\/23795"}],"wp:attachment":[{"href":"http:\/\/www.jasiunupagrindine.salcininkai.lm.lt\/index.php?rest_route=%2Fwp%2Fv2%2Fmedia&parent=1826"}],"curies":[{"name":"wp","href":"https:\/\/api.w.org\/{rel}","templated":true}]}}