{"id":1828,"date":"2017-01-27T19:09:51","date_gmt":"2017-01-27T17:09:51","guid":{"rendered":"http:\/\/www.jasiunupagrindine.salcininkai.lm.lt\/?page_id=1828"},"modified":"2026-04-14T14:44:01","modified_gmt":"2026-04-14T11:44:01","slug":"finansiniu-ataskaitu-rinkiniai","status":"publish","type":"page","link":"http:\/\/www.jasiunupagrindine.salcininkai.lm.lt\/?page_id=1828","title":{"rendered":"Finansini\u0173 ataskait\u0173 rinkiniai"},"content":{"rendered":"<p><strong> 2026 met\u0173 finansini\u0173 ataskait\u0173 rinkiniai:<\/strong><\/p>\n<p><span style=\"color: #000000;\"><a style=\"color: #000000;\" href=\"http:\/\/www.jasiunupagrindine.salcininkai.lm.lt\/wp-content\/uploads\/2026\/04\/Elektroninio-dokumento-nuorasas-6.pdf\">Biud\u017eeto i\u0161laid\u0173 s\u0105mat\u0173 vykdymas 2026 m. I ketvirtis<\/a><\/span><\/p>\n<p><strong><span style=\"color: #000000;\">Mokyklos 2025 met\u0173 ataskait\u0173 rinkinys:<\/span><\/strong><\/p>\n<ol>\n<li><span style=\"color: #000000;\"><a style=\"color: #000000;\" href=\"http:\/\/www.jasiunupagrindine.salcininkai.lm.lt\/wp-content\/uploads\/2026\/04\/Salcininku-r.-Jasiunu-pagrindines-mokyklos-ataskaita-2025-3.docx\">\u0160al\u010dinink\u0173 r. Ja\u0161i\u016bn\u0173 pagrindines mokyklos 2025 met\u0173 ataskaita<\/a><\/span><\/li>\n<li><span style=\"color: #000000;\"><a style=\"color: #000000;\" href=\"http:\/\/www.jasiunupagrindine.salcininkai.lm.lt\/wp-content\/uploads\/2026\/04\/Finansines-bukles-ataskaita-2025.pdf\">2025 met\u0173 Finansini\u0173 ataskait\u0173 rinkinys<\/a><\/span><\/li>\n<li><span style=\"color: #000000;\"><a style=\"color: #000000;\" href=\"http:\/\/www.jasiunupagrindine.salcininkai.lm.lt\/wp-content\/uploads\/2026\/04\/Biudzeto-vykdymo-ataskaita-2025.pdf\">2025 met\u0173 Biud\u017eeto s\u0105matos vykdymo ataskait\u0173 rinkinys<\/a><\/span><\/li>\n<\/ol>\n<p><strong>2025 met\u0173 finansini\u0173 ataskait\u0173 rinkiniai:<\/strong><\/p>\n<p><span style=\"color: #000000;\"><a style=\"color: #000000;\" href=\"http:\/\/www.jasiunupagrindine.salcininkai.lm.lt\/wp-content\/uploads\/2025\/10\/Elektroninio_dokumento_nuorasas-15.pdf\">Finansin\u0117s b\u016bkl\u0117s ataskaita 2025.09.30<\/a><\/span><\/p>\n<p><span style=\"color: #000000;\"><a style=\"color: #000000;\" href=\"http:\/\/www.jasiunupagrindine.salcininkai.lm.lt\/wp-content\/uploads\/2025\/10\/Elektroninio_dokumento_nuorasas-13.pdf\">FIN ATASK2025M.KOVO31D.IKV<\/a><\/span><\/p>\n<p><span style=\"color: #000000;\"><a style=\"color: #000000;\" href=\"http:\/\/www.jasiunupagrindine.salcininkai.lm.lt\/wp-content\/uploads\/2025\/10\/Elektroninio_dokumento_nuorasas-14.pdf\">FIN ATASK2025M.KOVO31D.IKV.<\/a><\/span><\/p>\n<p><span style=\"color: #000000;\"><a style=\"color: #000000;\" href=\"http:\/\/www.jasiunupagrindine.salcininkai.lm.lt\/wp-content\/uploads\/2025\/10\/Elektroninio_dokumento_nuorasas-10.pdf\">FIN ATASK2025M.BIR\u017dELIO30D.IIKV<\/a><\/span><\/p>\n<p><span style=\"color: #000000;\"><a style=\"color: #000000;\" href=\"http:\/\/www.jasiunupagrindine.salcininkai.lm.lt\/wp-content\/uploads\/2025\/10\/Elektroninio_dokumento_nuorasas-11.pdf\">FIN ATASK2025M.BIR\u017dELIO30D.IIKV.<\/a><\/span><\/p>\n<p><span style=\"color: #000000;\"><a style=\"color: #000000;\" href=\"http:\/\/www.jasiunupagrindine.salcininkai.lm.lt\/wp-content\/uploads\/2025\/10\/Elektroninio_dokumento_nuorasas-12.pdf\">FIN ATASK2025M.BIR\u017dELIO30D.IIKV..<\/a><\/span><\/p>\n<p><span style=\"color: #000000;\"><a style=\"color: #000000;\" href=\"http:\/\/www.jasiunupagrindine.salcininkai.lm.lt\/wp-content\/uploads\/2025\/10\/Elektroninio_dokumento_nuorasas-8.pdf\">FIN ATASK2025M.RUGS\u0116JO30D.IIIKV<\/a><\/span><\/p>\n<p><span style=\"color: #000000;\"><a style=\"color: #000000;\" href=\"http:\/\/www.jasiunupagrindine.salcininkai.lm.lt\/wp-content\/uploads\/2025\/10\/Elektroninio_dokumento_nuorasas-9.pdf\"><span style=\"background-color: #ffffff;\">FIN ATASK2025M.RUGS\u0116JO30DIIIKV.<\/span><\/a><\/span><\/p>\n<p>&nbsp;<\/p>\n<p><strong><span style=\"color: #000000;\">Mokyklos 2024 met\u0173 ataskait\u0173 rinkinys:<\/span><\/strong><\/p>\n<ol>\n<li><span style=\"color: #000000;\"><a style=\"color: #000000;\" href=\"http:\/\/www.jasiunupagrindine.salcininkai.lm.lt\/wp-content\/uploads\/2025\/06\/Salcininku-r-Jasiunu-pagrindines-mokyklos-2024-ataskaita.docx\">Mokyklos 2024 met\u0173 veiklos ataskaita<\/a><\/span><\/li>\n<li><span style=\"color: #000000;\"><a style=\"color: #000000;\" href=\"http:\/\/www.jasiunupagrindine.salcininkai.lm.lt\/wp-content\/uploads\/2025\/06\/finansiniu-ataskaitu-rinkinys2024.pdf\">2024 met\u0173 Finansini\u0173 ataskait\u0173 rinkinys<\/a><\/span><\/li>\n<li><span style=\"color: #000000;\"><a style=\"color: #000000;\" href=\"http:\/\/www.jasiunupagrindine.salcininkai.lm.lt\/wp-content\/uploads\/2025\/06\/biudzeto-vykdymo-ataskaitu-rinkinys2024.pdf\">2024 met\u0173 Biud\u017eeto s\u0105matos vykdymo ataskait\u0173 rinkinys<\/a><\/span><\/li>\n<\/ol>\n<p><span style=\"color: #000000; font-size: 12pt; font-family: 'times new roman', times, serif;\"><a style=\"color: #000000;\" href=\"http:\/\/www.jasiunupagrindine.salcininkai.lm.lt\/wp-content\/uploads\/2020\/12\/f11.pdf\">\u0160al\u010dinink\u0173 r. Ja\u0161i\u016bn\u0173 pagrindin\u0117s mokyklos Finans\u0173 kontrol\u0117s taisykl\u0117s<\/a><\/span><\/p>\n<p><span style=\"font-family: 'times new roman', times, serif; font-size: 10pt;\"><strong><span style=\"font-size: 12pt; color: #000000;\">2024 m. Finansini\u0173 ataskait\u0173 rinkinia<\/span>i<\/strong><\/span><\/p>\n<p><span style=\"color: #000000;\"><a style=\"color: #000000;\" href=\"http:\/\/www.jasiunupagrindine.salcininkai.lm.lt\/wp-content\/uploads\/2024\/11\/Elektroniniodokumentonuora\u0161as-3.pdf\">FIN ATASK 2024M. RUGS\u0116JO 30D. III KV<\/a><\/span><\/p>\n<p><span style=\"color: #000000;\"><a style=\"color: #000000;\" href=\"http:\/\/www.jasiunupagrindine.salcininkai.lm.lt\/wp-content\/uploads\/2024\/10\/Elektroninio_dokumento_nuorasas-3.pdf\">FIN ATASK 2024 M. BIR\u017dELIO 30 d. II KV<\/a><\/span><\/p>\n<p><span style=\"color: #000000;\"><a style=\"color: #000000;\" href=\"http:\/\/www.jasiunupagrindine.salcininkai.lm.lt\/wp-content\/uploads\/2024\/10\/Elektroninio_dokumento_nuorasas-2-1.pdf\">FIN ATASK 2024 M. BIR\u017dELIO 30 d. II KV.<\/a><\/span><\/p>\n<p><span style=\"color: #000000;\"><a style=\"color: #000000;\" href=\"http:\/\/www.jasiunupagrindine.salcininkai.lm.lt\/wp-content\/uploads\/2024\/10\/Elektroninio_dokumento_nuorasas-1.pdf\">FIN ATASK 2024 M. KOVO 31D. I KV<\/a><\/span><\/p>\n<p><strong><span style=\"color: #000000; font-size: 12pt; font-family: 'times new roman', times, serif;\">2023 m. Finansini\u0173 ataskait\u0173 rinkiniai<\/span><\/strong><\/p>\n<p><span style=\"color: #000000;\"><a style=\"color: #000000;\" href=\"http:\/\/www.jasiunupagrindine.salcininkai.lm.lt\/wp-content\/uploads\/2023\/06\/Elektroniniodokumentonuora\u0161as-2.pdf\">FIN ATASK 2023 M. KOVO 31 D.<\/a><\/span><\/p>\n<p><strong><span style=\"color: #000000; font-size: 12pt; font-family: 'times new roman', times, serif;\">2022 m. Finansini\u0173 ataskait\u0173 rinkiniai<\/span><\/strong><\/p>\n<p><span style=\"color: #000000;\"><a style=\"color: #000000;\" href=\"http:\/\/www.jasiunupagrindine.salcininkai.lm.lt\/wp-content\/uploads\/2023\/06\/Elektroniniodokumentonuora\u0161as-1.pdf\">FIN ATASK 2022 M. GRUOD\u017dIO 31 D.<\/a><\/span><\/p>\n<p><span style=\"color: #000000;\"><a style=\"color: #000000;\" href=\"http:\/\/www.jasiunupagrindine.salcininkai.lm.lt\/wp-content\/uploads\/2023\/06\/FIN_ATASK_2021_III_KV_JASUNU_PG_M_.pdf\">FIN_ATASK_2021_III_KV_JASUNU_PG_M_<\/a><\/span><\/p>\n<p><span style=\"color: #000000;\"><a style=\"color: #000000;\" href=\"http:\/\/www.jasiunupagrindine.salcininkai.lm.lt\/wp-content\/uploads\/2022\/08\/FIN_ATASK_2022_II_KV_JASUNU_PG_M_.pdf\">FIN_ATASK_2022_II_KV_JASUNU_PG_M_<\/a><\/span><\/p>\n<p><span style=\"color: #000000;\"><a style=\"color: #000000;\" href=\"http:\/\/www.jasiunupagrindine.salcininkai.lm.lt\/wp-content\/uploads\/2022\/05\/FIN_ATASK_2022_I_KV_JASUNU_PG_M_.pdf\">FIN_ATASK_2022_I_KV_JASUNU_PG_M_<\/a><\/span><\/p>\n<p><strong><span style=\"color: #000000; font-size: 12pt; font-family: 'times new roman', times, serif;\">2021 m. Finansini\u0173 ataskait\u0173 rinkiniai<\/span><\/strong><\/p>\n<p><span style=\"font-family: 'times new roman', times, serif; color: #000000;\"><a style=\"color: #000000;\" href=\"http:\/\/www.jasiunupagrindine.salcininkai.lm.lt\/wp-content\/uploads\/2022\/03\/FIN_ATASK_2021_MET_JASUNU_PG_M_.pdf\">FIN_ATASK_2021_MET_JASUNU_PG_M_<\/a><\/span><\/p>\n<p><span style=\"color: #000000; font-family: 'times new roman', times, serif;\"><a style=\"color: #000000;\" href=\"http:\/\/www.jasiunupagrindine.salcininkai.lm.lt\/wp-content\/uploads\/2021\/08\/JASUNU_PG_M_2021_II_KV.pdf\">JASUNU_PG_M_2021_II_KV<\/a><\/span><\/p>\n<p><span style=\"color: #000000;\"><a style=\"color: #000000;\" href=\"http:\/\/www.jasiunupagrindine.salcininkai.lm.lt\/wp-content\/uploads\/2021\/05\/JASUNU_PG_M_2021_I_KV.pdf\">JASUNU_PG_M_2021_I_KV<\/a><\/span><\/p>\n<p><strong><span style=\"color: #000000; font-size: 12pt; font-family: 'times new roman', times, serif;\">2020 m. Finansini\u0173 ataskait\u0173 rinkiniai<\/span><\/strong><\/p>\n<p><span style=\"color: #000000; font-size: 12pt; font-family: 'times new roman', times, serif;\"><a style=\"color: #000000;\" href=\"http:\/\/www.jasiunupagrindine.salcininkai.lm.lt\/wp-content\/uploads\/2020\/06\/JASUNU_PG_M_2020_I_KV.pdf\">JASUNU_PG_M_2020_I_KV<\/a><\/span><\/p>\n<p><span style=\"color: #000000; font-size: 12pt; font-family: 'times new roman', times, serif;\"><a style=\"color: #000000;\" href=\"http:\/\/www.jasiunupagrindine.salcininkai.lm.lt\/wp-content\/uploads\/2020\/08\/JASUNU_PG_M_2020_II_KV.pdf\">JASUNU_PG_M_2020_II_KV<\/a><\/span><\/p>\n<p><span style=\"font-family: 'times new roman', times, serif; color: #000000;\"><a style=\"color: #000000;\" href=\"http:\/\/www.jasiunupagrindine.salcininkai.lm.lt\/wp-content\/uploads\/2021\/03\/JASUNU_PG_M_2020_MET.pdf\">JASUNU_PG_M_2020_MET<\/a><\/span><\/p>\n<p><strong><span style=\"color: #000000; font-size: 12pt; font-family: 'times new roman', times, serif;\">2019 m. Finansini\u0173 ataskait\u0173 rinkiniai<\/span><\/strong><\/p>\n<p><span style=\"color: #000000; font-size: 12pt; font-family: 'times new roman', times, serif;\"><a style=\"color: #000000;\" href=\"http:\/\/www.jasiunupagrindine.salcininkai.lm.lt\/wp-content\/uploads\/2020\/01\/JASUNU_PG_M_2019_II_KV.pdf\">JASUNU_PG_M_2019_II_KV<\/a><\/span><\/p>\n<p><span style=\"color: #000000; font-size: 12pt; font-family: 'times new roman', times, serif;\"><a style=\"color: #000000;\" href=\"http:\/\/www.jasiunupagrindine.salcininkai.lm.lt\/wp-content\/uploads\/2020\/01\/JASUNU_PG_M_2019_III_KV.pdf\">JASUNU_PG_M_2019_III_KV<\/a><\/span><\/p>\n<p><span style=\"color: #000000; font-size: 12pt; font-family: 'times new roman', times, serif;\"><a style=\"color: #000000;\" href=\"http:\/\/www.jasiunupagrindine.salcininkai.lm.lt\/wp-content\/uploads\/2020\/06\/JASUNU_PG_M_2019_MET.pdf\">JASUNU_PG_M_2019_MET<\/a><\/span><\/p>\n<p>&nbsp;<\/p>\n<p><span style=\"color: #000000; font-size: 12pt; font-family: 'times new roman', times, serif;\">2018 m. Finansini\u0173 ataskait\u0173 rinkinys<\/span><\/p>\n<p><span style=\"color: #000000; font-size: 12pt; font-family: 'times new roman', times, serif;\"><a style=\"color: #000000;\" href=\"http:\/\/www.jasiunupagrindine.salcininkai.lm.lt\/wp-content\/uploads\/2019\/04\/JASUNU_PG_M_2018_MET-1.pdf\">JASUNU_PG_M_2018_MET (1)<\/a><\/span><\/p>\n<p>&nbsp;<\/p>\n<p><span style=\"color: #000000; font-size: 12pt; font-family: 'times new roman', times, serif;\">2017 M. III KETVIR\u010cIO FINANSINI\u0172 ATASKAIT\u0172 RINKINYS<\/span><\/p>\n<p><span style=\"color: #000000; font-size: 12pt; font-family: 'times new roman', times, serif;\"><a style=\"color: #000000;\" href=\"http:\/\/www.jasiunupagrindine.salcininkai.lm.lt\/wp-content\/uploads\/2017\/01\/JASUNU_PG_M_2017_III_KV.pdf\">jasunu_pg_m_2017_iii_kv<\/a><\/span><\/p>\n<p>&nbsp;<\/p>\n<p><span style=\"color: #000000; font-size: 12pt; font-family: 'times new roman', times, serif;\">2017 M. II KETVIR\u010cIO FINANSINI\u0172 ATASKAIT\u0172 RINKINYS<\/span><\/p>\n<p><span style=\"color: #000000; font-size: 12pt; font-family: 'times new roman', times, serif;\"><a style=\"color: #000000;\" href=\"http:\/\/www.jasiunupagrindine.salcininkai.lm.lt\/wp-content\/uploads\/2017\/09\/JASUNU-PG-M-2017-II-KV.pdf\">Jasiunu-pg-m-2017-II-kv<\/a><\/span><\/p>\n<p>&nbsp;<\/p>\n<p><span style=\"color: #000000; font-size: 12pt; font-family: 'times new roman', times, serif;\">2017 M. I KETVIR\u010cIO FINANSINI\u0172 ATASKAIT\u0172 RINKINYS<\/span><\/p>\n<p><span style=\"color: #000000; font-size: 12pt; font-family: 'times new roman', times, serif;\"><a style=\"color: #000000;\" href=\"http:\/\/www.jasiunupagrindine.salcininkai.lm.lt\/wp-content\/uploads\/2017\/01\/JASUNU_PG_M_2017_I_KV.pdf\">jasunu_pg_m_2017_i_kv<\/a><\/span><\/p>\n\n\n<div class=\"wp-block-media-text is-stacked-on-mobile\"><figure class=\"wp-block-media-text__media\"><\/figure><div class=\"wp-block-media-text__content\">\n<p><\/p>\n<\/div><\/div>\n","protected":false},"excerpt":{"rendered":"<p>2026 met\u0173 finansini\u0173 ataskait\u0173 rinkiniai: Biud\u017eeto i\u0161laid\u0173 s\u0105mat\u0173 vykdymas 2026 m. I ketvirtis Mokyklos 2025 met\u0173 ataskait\u0173 rinkinys: \u0160al\u010dinink\u0173 r. Ja\u0161i\u016bn\u0173 pagrindines mokyklos 2025 met\u0173 ataskaita 2025 met\u0173 Finansini\u0173 ataskait\u0173 rinkinys 2025 met\u0173 Biud\u017eeto s\u0105matos vykdymo ataskait\u0173 rinkinys 2025 met\u0173 &hellip; <a href=\"http:\/\/www.jasiunupagrindine.salcininkai.lm.lt\/?page_id=1828\">Skaitykite toliau <span class=\"meta-nav\">&rarr;<\/span><\/a><\/p>\n","protected":false},"author":6,"featured_media":0,"parent":0,"menu_order":0,"comment_status":"closed","ping_status":"closed","template":"","meta":{"ngg_post_thumbnail":0,"footnotes":""},"class_list":["post-1828","page","type-page","status-publish","hentry"],"_links":{"self":[{"href":"http:\/\/www.jasiunupagrindine.salcininkai.lm.lt\/index.php?rest_route=\/wp\/v2\/pages\/1828","targetHints":{"allow":["GET"]}}],"collection":[{"href":"http:\/\/www.jasiunupagrindine.salcininkai.lm.lt\/index.php?rest_route=\/wp\/v2\/pages"}],"about":[{"href":"http:\/\/www.jasiunupagrindine.salcininkai.lm.lt\/index.php?rest_route=\/wp\/v2\/types\/page"}],"author":[{"embeddable":true,"href":"http:\/\/www.jasiunupagrindine.salcininkai.lm.lt\/index.php?rest_route=\/wp\/v2\/users\/6"}],"replies":[{"embeddable":true,"href":"http:\/\/www.jasiunupagrindine.salcininkai.lm.lt\/index.php?rest_route=%2Fwp%2Fv2%2Fcomments&post=1828"}],"version-history":[{"count":54,"href":"http:\/\/www.jasiunupagrindine.salcininkai.lm.lt\/index.php?rest_route=\/wp\/v2\/pages\/1828\/revisions"}],"predecessor-version":[{"id":24319,"href":"http:\/\/www.jasiunupagrindine.salcininkai.lm.lt\/index.php?rest_route=\/wp\/v2\/pages\/1828\/revisions\/24319"}],"wp:attachment":[{"href":"http:\/\/www.jasiunupagrindine.salcininkai.lm.lt\/index.php?rest_route=%2Fwp%2Fv2%2Fmedia&parent=1828"}],"curies":[{"name":"wp","href":"https:\/\/api.w.org\/{rel}","templated":true}]}}