{"id":1836,"date":"2017-01-27T19:12:53","date_gmt":"2017-01-27T17:12:53","guid":{"rendered":"http:\/\/www.jasiunupagrindine.salcininkai.lm.lt\/?page_id=1836"},"modified":"2020-11-18T10:28:04","modified_gmt":"2020-11-18T08:28:04","slug":"nuorodos","status":"publish","type":"page","link":"http:\/\/www.jasiunupagrindine.salcininkai.lm.lt\/?page_id=1836","title":{"rendered":"NUORODOS"},"content":{"rendered":"<p>&nbsp;<\/p>\n<p><span style=\"color: #000080;\"><span style=\"color: #0000ff;\"><a style=\"color: #0000ff;\" href=\"http:\/\/www.salcininkai.lt\/\">http:\/\/www.salcininkai.lt\/<\/a><\/span>&nbsp;<\/span>&#8211;&nbsp;\u0160al\u010dinink\u0173 rajono savivaldyb\u0117<\/p>\n<p><span style=\"color: #0000ff;\"><a style=\"color: #0000ff;\" href=\"https:\/\/www.smm.lt\/\">https:\/\/www.smm.lt\/<\/a><\/span> &#8211; \u0160vietimo, mokslo ir sporto ministerija<\/p>\n<p><span style=\"color: #0000ff;\"><a style=\"color: #0000ff;\" href=\"https:\/\/www.manodienynas.lt\/\">https:\/\/www.manodienynas.lt\/<\/a><\/span> &#8211; manodienynas<\/p>\n<p><span style=\"color: #003366;\"><a style=\"color: #003366;\" href=\"https:\/\/www.mokykla2030.lt\/\"><span style=\"color: #0000ff;\">https:\/\/www.mokykla2030.lt\/<\/span><\/a> <\/span>&#8211; mokykla2030<\/p>\n<p><span style=\"color: #0000ff;\"><a style=\"color: #0000ff;\" href=\"https:\/\/www.vmi.lt\/cms\/gpm-dalis-paramai\">https:\/\/www.vmi.lt\/cms\/gpm-dalis-paramai&nbsp;<\/a><\/span>&nbsp; &#8211;&nbsp; 1,2 proc. paramai skirti<\/p>\n","protected":false},"excerpt":{"rendered":"<p>&nbsp; http:\/\/www.salcininkai.lt\/&nbsp;&#8211;&nbsp;\u0160al\u010dinink\u0173 rajono savivaldyb\u0117 https:\/\/www.smm.lt\/ &#8211; \u0160vietimo, mokslo ir sporto ministerija https:\/\/www.manodienynas.lt\/ &#8211; manodienynas https:\/\/www.mokykla2030.lt\/ &#8211; mokykla2030 https:\/\/www.vmi.lt\/cms\/gpm-dalis-paramai&nbsp;&nbsp; &#8211;&nbsp; 1,2 proc. paramai skirti<\/p>\n","protected":false},"author":6,"featured_media":0,"parent":0,"menu_order":0,"comment_status":"closed","ping_status":"closed","template":"","meta":{"ngg_post_thumbnail":0,"footnotes":""},"class_list":["post-1836","page","type-page","status-publish","hentry"],"_links":{"self":[{"href":"http:\/\/www.jasiunupagrindine.salcininkai.lm.lt\/index.php?rest_route=\/wp\/v2\/pages\/1836","targetHints":{"allow":["GET"]}}],"collection":[{"href":"http:\/\/www.jasiunupagrindine.salcininkai.lm.lt\/index.php?rest_route=\/wp\/v2\/pages"}],"about":[{"href":"http:\/\/www.jasiunupagrindine.salcininkai.lm.lt\/index.php?rest_route=\/wp\/v2\/types\/page"}],"author":[{"embeddable":true,"href":"http:\/\/www.jasiunupagrindine.salcininkai.lm.lt\/index.php?rest_route=\/wp\/v2\/users\/6"}],"replies":[{"embeddable":true,"href":"http:\/\/www.jasiunupagrindine.salcininkai.lm.lt\/index.php?rest_route=%2Fwp%2Fv2%2Fcomments&post=1836"}],"version-history":[{"count":10,"href":"http:\/\/www.jasiunupagrindine.salcininkai.lm.lt\/index.php?rest_route=\/wp\/v2\/pages\/1836\/revisions"}],"predecessor-version":[{"id":3833,"href":"http:\/\/www.jasiunupagrindine.salcininkai.lm.lt\/index.php?rest_route=\/wp\/v2\/pages\/1836\/revisions\/3833"}],"wp:attachment":[{"href":"http:\/\/www.jasiunupagrindine.salcininkai.lm.lt\/index.php?rest_route=%2Fwp%2Fv2%2Fmedia&parent=1836"}],"curies":[{"name":"wp","href":"https:\/\/api.w.org\/{rel}","templated":true}]}}