{"id":188,"date":"2015-09-14T23:11:42","date_gmt":"2015-09-14T20:11:42","guid":{"rendered":"http:\/\/www.jasiunupagrindine.salcininkai.lm.lt\/?page_id=188"},"modified":"2025-11-14T20:30:38","modified_gmt":"2025-11-14T18:30:38","slug":"pedagogai-20152016-mm","status":"publish","type":"page","link":"http:\/\/www.jasiunupagrindine.salcininkai.lm.lt\/?page_id=188","title":{"rendered":"Mokytojai"},"content":{"rendered":"<p style=\"text-align: center;\"><span style=\"font-family: 'times new roman', times, serif; font-size: 10pt;\"><strong>Mokytoj\u0173 s\u0105ra\u0161as:<\/strong><\/span><\/p>\n<table style=\"height: 2394px; width: 123%;\" width=\"771\">\n<tbody>\n<tr style=\"height: 44px;\">\n<td style=\"height: 44px; width: 11.6082%;\">Eil.Nr.<\/td>\n<td style=\"height: 44px; width: 18.7424%;\">Vardas, pavard\u0117<\/td>\n<td style=\"height: 44px; width: 25.0302%;\">Pareigos<\/td>\n<td style=\"height: 44px; width: 44.4982%;\">El. pa\u0161tas<\/td>\n<\/tr>\n<tr style=\"height: 64px;\">\n<td style=\"height: 64px; width: 11.6082%;\">1.<\/td>\n<td style=\"height: 64px; width: 18.7424%;\">Teresa Voitukovi\u010d<\/td>\n<td style=\"height: 64px; width: 25.0302%;\">Istorijos, pilieti\u0161kumo mokytoja<\/td>\n<td style=\"height: 64px; width: 44.4982%;\"><a href=\"mailto:Teresa.Voitukovic@jasiunupagrindine.lt\">Teresa.Voitukovic@jasiunupagrindine.lt<\/a><\/td>\n<\/tr>\n<tr style=\"height: 88px;\">\n<td style=\"height: 88px; width: 11.6082%;\">2.<\/td>\n<td style=\"height: 88px; width: 18.7424%;\">Larisa Danulevi\u010d<\/td>\n<td style=\"height: 88px; width: 25.0302%;\">Chemijos, biologijos, gamtos mokytoja<\/td>\n<td style=\"height: 88px; width: 44.4982%;\"><a href=\"mailto:Larisa.Danulevic@jasiunupagrindine.lt\">Larisa.Danulevic@jasiunupagrindine.lt<\/a>&nbsp;<\/td>\n<\/tr>\n<tr style=\"height: 64px;\">\n<td style=\"height: 64px; width: 11.6082%;\">3.<\/td>\n<td style=\"height: 64px; width: 18.7424%;\">Margarita Zacharova<\/td>\n<td style=\"height: 64px; width: 25.0302%;\">Rus\u0173 kalbos ir literat\u016bros<\/td>\n<td style=\"height: 64px; width: 44.4982%;\"><a href=\"mailto:Margarita.Zacharova@jasiunupagrindine.lt\">Margarita.Zacharova@jasiunupagrindine.lt<\/a><\/td>\n<\/tr>\n<tr style=\"height: 88px;\">\n<td style=\"height: 88px; width: 11.6082%;\">4.<\/td>\n<td style=\"height: 88px; width: 18.7424%;\">Svetlana Korot\u010denko<\/td>\n<td style=\"height: 88px; width: 25.0302%;\">Pradini\u0173 klasi\u0173 mokytoja<\/td>\n<td style=\"height: 88px; width: 44.4982%;\"><a href=\"mailto:Svetlana.Korotcenko@jasiunupagrindine.lt\">Svetlana.Korotcenko@jasiunupagrindine.lt<\/a>&nbsp;<\/td>\n<\/tr>\n<tr style=\"height: 88px;\">\n<td style=\"height: 88px; width: 11.6082%;\">5.<\/td>\n<td style=\"height: 88px; width: 18.7424%;\">Vitalij Jancevi\u010d<\/td>\n<td style=\"height: 88px; width: 25.0302%;\">&nbsp;Fizikos&nbsp; mokytojas<\/td>\n<td style=\"height: 88px; width: 44.4982%;\">&nbsp;<a href=\"mailto:Vitalij.Jancevic@jasiunupagrindine.lt\">Vitalij.Jancevic@jasiunupagrindine.lt<\/a>&nbsp;<\/td>\n<\/tr>\n<tr style=\"height: 88px;\">\n<td style=\"height: 88px; width: 11.6082%;\">6.<\/td>\n<td style=\"height: 88px; width: 18.7424%;\">Irena Saulien\u0117<\/td>\n<td style=\"height: 88px; width: 25.0302%;\">Pradini\u0173 klasi\u0173 mokytoja<\/td>\n<td style=\"height: 88px; width: 44.4982%;\"><a href=\"mailto:Irena.Sauliene@jasiunupagrindine.lt\">Irena.Sauliene@jasiunupagrindine.lt<\/a>&nbsp;<\/td>\n<\/tr>\n<tr style=\"height: 88px;\">\n<td style=\"height: 88px; width: 11.6082%;\">7.<\/td>\n<td style=\"height: 88px; width: 18.7424%;\">Galina Trofimova<\/td>\n<td style=\"height: 88px; width: 25.0302%;\">Angl\u0173 kalbos mokytoja<\/td>\n<td style=\"height: 88px; width: 44.4982%;\"><a href=\"mailto:Galina.Trofimova@jasiunupagrindine.lt\">Galina.Trofimova@jasiunupagrindine.lt<\/a>&nbsp;<\/td>\n<\/tr>\n<tr style=\"height: 64px;\">\n<td style=\"height: 64px; width: 11.6082%;\">8.<\/td>\n<td style=\"height: 64px; width: 18.7424%;\">Vladimir Dubrovskij<\/td>\n<td style=\"height: 64px; width: 25.0302%;\">Angl\u0173 kalbos mokytoja<\/td>\n<td style=\"height: 64px; width: 44.4982%;\"><a href=\"mailto:Vladimir.Dubrovskij@jasiunupagrindine.lt\">Vladimir.Dubrovskij@jasiunupagrindine.lt<\/a><\/td>\n<\/tr>\n<tr style=\"height: 88px;\">\n<td style=\"height: 88px; width: 11.6082%;\">9.<\/td>\n<td style=\"height: 88px; width: 18.7424%;\">Jan Jarmolovi\u010d<\/td>\n<td style=\"height: 88px; width: 25.0302%;\">Muzikos mokytojas<\/td>\n<td style=\"height: 88px; width: 44.4982%;\"><a href=\"mailto:Jan.Jarmalovic@jasiunupagrindine.lt\">Jan.Jarmalovic@jasiunupagrindine.lt<\/a>&nbsp;<\/td>\n<\/tr>\n<tr style=\"height: 64px;\">\n<td style=\"height: 64px; width: 11.6082%;\">10.<\/td>\n<td style=\"height: 64px; width: 18.7424%;\">Natalija Bogdanova<\/td>\n<td style=\"height: 64px; width: 25.0302%;\">Prie\u0161mokyklinio ugdymo pedagog\u0117<\/td>\n<td style=\"height: 64px; width: 44.4982%;\"><a href=\"mailto:Natalija.Bogdanova@jasiunupagrindine.lt\">Natalija.Bogdanova@jasiunupagrindine.lt<\/a><\/td>\n<\/tr>\n<tr style=\"height: 88px;\">\n<td style=\"height: 88px; width: 11.6082%;\">11.<\/td>\n<td style=\"height: 88px; width: 18.7424%;\">&nbsp;<\/td>\n<td style=\"height: 88px; width: 25.0302%;\">&nbsp;<\/td>\n<td style=\"height: 88px; width: 44.4982%;\">&nbsp;<\/td>\n<\/tr>\n<tr style=\"height: 88px;\">\n<td style=\"height: 88px; width: 11.6082%;\">12.<\/td>\n<td style=\"height: 88px; width: 18.7424%;\">\u017dana Siliuk<\/td>\n<td style=\"height: 88px; width: 25.0302%;\">Informacini\u0173 technologij\u0173 ir matematikos mokytoja,Direktoriaus pavaduotojas ugdymui<\/td>\n<td style=\"height: 88px; width: 44.4982%;\"><a href=\"mailto:zana.Siliuk@jasiunupagrindine.lt\">Zana.Siliuk@jasiunupagrindine.lt<\/a>&nbsp;<\/td>\n<\/tr>\n<tr style=\"height: 88px;\">\n<td style=\"height: 88px; width: 11.6082%;\">13.<\/td>\n<td style=\"height: 88px; width: 18.7424%;\">Edyta Basiul<\/td>\n<td style=\"height: 88px; width: 25.0302%;\">Tikybos mokytoja<\/td>\n<td style=\"height: 88px; width: 44.4982%;\"><a href=\"mailto:Edyta.Basiul@jasiunupagrindine.lt\">Edyta.Basiul@jasiunupagrindine.lt<\/a>&nbsp;<\/td>\n<\/tr>\n<tr style=\"height: 44px;\">\n<td style=\"height: 44px; width: 11.6082%;\">14.<\/td>\n<td style=\"height: 44px; width: 18.7424%;\">Irena Michalovska<\/td>\n<td style=\"height: 44px; width: 25.0302%;\">Pradini\u0173 klasi\u0173 mokytoja<\/td>\n<td style=\"height: 44px; width: 44.4982%;\"><a href=\"mailto:Irena.Michalovskaja@jasiunupagrindine.lt\">Irena.Michalovskaja@jasiunupagrindine.lt<\/a><\/td>\n<\/tr>\n<tr style=\"height: 88px;\">\n<td style=\"height: 88px; width: 11.6082%;\">15.<\/td>\n<td style=\"height: 88px; width: 18.7424%;\">Gra\u017eina La\u0161akevi\u010dien\u0117<\/td>\n<td style=\"height: 88px; width: 25.0302%;\">Lietuvi\u0173 kalbos ir literat\u016bros&nbsp; mokytoja<\/td>\n<td style=\"height: 88px; width: 44.4982%;\"><a href=\"mailto:Grazina.Lasakeviciene@jasiunupagrindine.lt\">Grazina.Lasakeviciene@jasiunupagrindine.lt<\/a>&nbsp;<\/td>\n<\/tr>\n<tr style=\"height: 88px;\">\n<td style=\"height: 88px; width: 11.6082%;\">16.<\/td>\n<td style=\"height: 88px; width: 18.7424%;\">Tatjana Gultiajeva<\/td>\n<td style=\"height: 88px; width: 25.0302%;\">Rus\u0173 kalbos ir literat\u016bros, tikybos mokytoja<\/td>\n<td style=\"height: 88px; width: 44.4982%;\"><a href=\"mailto:Tatjana.Gultiajeva@jasiunupagrindine.lt\">Tatjana.Gultiajeva@jasiunupagrindine.lt<\/a>&nbsp;<\/td>\n<\/tr>\n<tr style=\"height: 88px;\">\n<td style=\"height: 88px; width: 11.6082%;\">17.<\/td>\n<td style=\"height: 88px; width: 18.7424%;\">Renata Kavaliauskien\u0117<\/td>\n<td style=\"height: 88px; width: 25.0302%;\">Lietuvi\u0173 kalbos ir literat\u016bros&nbsp; mokytoja<\/td>\n<td style=\"height: 88px; width: 44.4982%;\"><a href=\"mailto:Renata.Kavaliauskiene@jasiunupagrindine.lt\">Renata.Kavaliauskiene@jasiunupagrindine.lt<\/a>&nbsp;<\/td>\n<\/tr>\n<tr style=\"height: 88px;\">\n<td style=\"height: 88px; width: 11.6082%;\">18.<\/td>\n<td style=\"height: 88px; width: 18.7424%;\">Natalija Eglit<\/td>\n<td style=\"height: 88px; width: 25.0302%;\">Soc.pedagog\u0117<\/td>\n<td style=\"height: 88px; width: 44.4982%;\"><a href=\"mailto:Natalija.Eglit@jasiunupagrindine.lt\">Natalija.Eglit@jasiunupagrindine.lt<\/a>&nbsp;<\/td>\n<\/tr>\n<tr style=\"height: 88px;\">\n<td style=\"height: 88px; width: 11.6082%;\">19.<\/td>\n<td style=\"height: 88px; width: 18.7424%;\">Sviatlana Varonis<\/td>\n<td style=\"height: 88px; width: 25.0302%;\">Logoped\u0117<\/td>\n<td style=\"height: 88px; width: 44.4982%;\"><a href=\"mailto:Sviatlana.Varonis@jasiunupagrindine.lt\">Sviatlana.Varonis@jasiunupagrindine.lt<\/a>&nbsp;<\/td>\n<\/tr>\n<tr style=\"height: 88px;\">\n<td style=\"height: 88px; width: 11.6082%;\">20.<\/td>\n<td style=\"height: 88px; width: 18.7424%;\">Vadim Zaplavniov<\/td>\n<td style=\"height: 88px; width: 25.0302%;\">Fizinio ugdymo mokytojas&nbsp;<\/td>\n<td style=\"height: 88px; width: 44.4982%;\"><a href=\"mailto:Vadim.Zaplavniov@jasiunupagrindine.lt\">Vadim.Zaplavniov@jasiunupagrindine.lt<\/a>&nbsp;<\/td>\n<\/tr>\n<tr style=\"height: 88px;\">\n<td style=\"height: 88px; width: 11.6082%;\">21.<\/td>\n<td style=\"height: 88px; width: 18.7424%;\">Miroslav Rodevi\u010d<\/td>\n<td style=\"height: 88px; width: 25.0302%;\">Geografijos mokytojas<\/td>\n<td style=\"height: 88px; width: 44.4982%;\">&nbsp;<a href=\"mailto:Miroslav.Rodevic@jasiunupagrindine.lt\">Miroslav.Rodevic@jasiunupagrindine.lt<\/a>&nbsp;<\/td>\n<\/tr>\n<tr style=\"height: 88px;\">\n<td style=\"height: 88px; width: 11.6082%;\">22.<\/td>\n<td style=\"height: 88px; width: 18.7424%;\">Loreta Salmonovi\u010d<\/td>\n<td style=\"height: 88px; width: 25.0302%;\">Choreografijos mokytoja<\/td>\n<td style=\"height: 88px; width: 44.4982%;\"><a href=\"mailto:Loreta.Salmonovic@jasiunupagrindine.lt\">Loreta.Salmonovic@jasiunupagrindine.lt<\/a>&nbsp;<\/td>\n<\/tr>\n<tr style=\"height: 88px;\">\n<td style=\"height: 88px; width: 11.6082%;\">23.<\/td>\n<td style=\"height: 88px; width: 18.7424%;\">Oksana Rympo<\/td>\n<td style=\"height: 88px; width: 25.0302%;\">Psicholog\u0117<\/td>\n<td style=\"height: 88px; width: 44.4982%;\">&nbsp;<a href=\"mailto:Oksana.Rympo@jasiunupagrindine.lt\">Oksana.Rympo@jasiunupagrindine.lt<\/a><\/td>\n<\/tr>\n<tr style=\"height: 88px;\">\n<td style=\"height: 88px; width: 11.6082%;\">24.<\/td>\n<td style=\"height: 88px; width: 18.7424%;\">Angel\u0117 \u0160eviakova<\/td>\n<td style=\"height: 88px; width: 25.0302%;\">Pradini\u0173 klasi\u0173 mokytoja<\/td>\n<td style=\"height: 88px; width: 44.4982%;\"><a href=\"mailto:Angele.seviakova@jasiunupagrindine.lt\">Angele.seviakova@jasiunupagrindine.lt<\/a>&nbsp;<\/td>\n<\/tr>\n<tr style=\"height: 88px;\">\n<td style=\"height: 88px; width: 11.6082%;\">25.<\/td>\n<td style=\"height: 88px; width: 18.7424%;\">Ina Kurnickien\u0117<\/td>\n<td style=\"height: 88px; width: 25.0302%;\">Mokyklos direktor\u0117<\/td>\n<td style=\"height: 88px; width: 44.4982%;\"><a href=\"mailto:Ina.Kurnickiene@jasiunupagrindine.lt\">Ina.Kurnickiene@jasiunupagrindine.lt<\/a>&nbsp;<\/td>\n<\/tr>\n<tr style=\"height: 88px;\">\n<td style=\"height: 88px; width: 11.6082%;\">26.<\/td>\n<td style=\"height: 88px; width: 18.7424%;\">Eleonora Dainarovi\u010d<\/td>\n<td style=\"height: 88px; width: 25.0302%;\">Matematikos mokytoja<\/td>\n<td style=\"height: 88px; width: 44.4982%;\"><a href=\"mailto:Eleonora.Dainarovic@jasiunupagrindine.lt\">Eleonora.Dainarovic@jasiunupagrindine.lt<\/a>&nbsp;<\/td>\n<\/tr>\n<tr style=\"height: 88px;\">\n<td style=\"height: 88px; width: 11.6082%;\">27.<\/td>\n<td style=\"height: 88px; width: 18.7424%;\">Julija Moskevi\u010d<\/td>\n<td style=\"height: 88px; width: 25.0302%;\">Psicholog\u0117<\/td>\n<td style=\"height: 88px; width: 44.4982%;\"><a href=\"mailto:Julija.Moskevic@jasiunupagrindine.lt\">Julija.Moskevic@jasiunupagrindine.lt<\/a>&nbsp;<\/td>\n<\/tr>\n<tr style=\"height: 13px;\">\n<td style=\"height: 66px; width: 11.6082%;\">28.<\/td>\n<td style=\"width: 18.7424%; height: 66px;\">Edmund Gulbinovi\u010d<\/td>\n<td style=\"width: 25.0302%; height: 66px;\">Technjlogij\u0173 mokytojas<\/td>\n<td style=\"height: 66px; width: 44.4982%;\"><a href=\"mailto:Edmund.Gulbinovic@jasiunupagrindine.lt\">Edmund.Gulbinovic@jasiunupagrindine.lt<\/a><\/td>\n<\/tr>\n<tr style=\"height: 48px;\">\n<td style=\"width: 11.6082%; height: 48px;\">29.<\/td>\n<td style=\"width: 18.7424%; height: 48px;\">Liudmila Voitkevi\u010d<\/td>\n<td style=\"width: 25.0302%; height: 48px;\">Ekonomikos mokytoja<\/td>\n<td style=\"width: 44.4982%; height: 48px;\"><a href=\"mailto:Liudmila.Voitkevic@jasiunupagrindine.lt\">Liudmila.Voitkevic@jasiunupagrindine.lt<\/a><\/td>\n<\/tr>\n<\/tbody>\n<\/table>\n<p><a href=\"http:\/\/www.jasiunupagrindine.salcininkai.lm.lt\/wp-content\/uploads\/2020\/01\/etikos-kodeksas.docx\"><br \/>\nMokytoj\u0173 etikos kodeksas<\/a><\/p>\n<p>&nbsp;<\/p>\n","protected":false},"excerpt":{"rendered":"<p>Mokytoj\u0173 s\u0105ra\u0161as: Eil.Nr. Vardas, pavard\u0117 Pareigos El. pa\u0161tas 1. Teresa Voitukovi\u010d Istorijos, pilieti\u0161kumo mokytoja Teresa.Voitukovic@jasiunupagrindine.lt 2. Larisa Danulevi\u010d Chemijos, biologijos, gamtos mokytoja Larisa.Danulevic@jasiunupagrindine.lt&nbsp; 3. Margarita Zacharova Rus\u0173 kalbos ir literat\u016bros Margarita.Zacharova@jasiunupagrindine.lt 4. Svetlana Korot\u010denko Pradini\u0173 klasi\u0173 mokytoja Svetlana.Korotcenko@jasiunupagrindine.lt&nbsp; 5. Vitalij &hellip; <a href=\"http:\/\/www.jasiunupagrindine.salcininkai.lm.lt\/?page_id=188\">Skaitykite toliau <span class=\"meta-nav\">&rarr;<\/span><\/a><\/p>\n","protected":false},"author":6,"featured_media":0,"parent":0,"menu_order":0,"comment_status":"closed","ping_status":"closed","template":"","meta":{"ngg_post_thumbnail":0,"footnotes":""},"class_list":["post-188","page","type-page","status-publish","hentry"],"_links":{"self":[{"href":"http:\/\/www.jasiunupagrindine.salcininkai.lm.lt\/index.php?rest_route=\/wp\/v2\/pages\/188","targetHints":{"allow":["GET"]}}],"collection":[{"href":"http:\/\/www.jasiunupagrindine.salcininkai.lm.lt\/index.php?rest_route=\/wp\/v2\/pages"}],"about":[{"href":"http:\/\/www.jasiunupagrindine.salcininkai.lm.lt\/index.php?rest_route=\/wp\/v2\/types\/page"}],"author":[{"embeddable":true,"href":"http:\/\/www.jasiunupagrindine.salcininkai.lm.lt\/index.php?rest_route=\/wp\/v2\/users\/6"}],"replies":[{"embeddable":true,"href":"http:\/\/www.jasiunupagrindine.salcininkai.lm.lt\/index.php?rest_route=%2Fwp%2Fv2%2Fcomments&post=188"}],"version-history":[{"count":30,"href":"http:\/\/www.jasiunupagrindine.salcininkai.lm.lt\/index.php?rest_route=\/wp\/v2\/pages\/188\/revisions"}],"predecessor-version":[{"id":23372,"href":"http:\/\/www.jasiunupagrindine.salcininkai.lm.lt\/index.php?rest_route=\/wp\/v2\/pages\/188\/revisions\/23372"}],"wp:attachment":[{"href":"http:\/\/www.jasiunupagrindine.salcininkai.lm.lt\/index.php?rest_route=%2Fwp%2Fv2%2Fmedia&parent=188"}],"curies":[{"name":"wp","href":"https:\/\/api.w.org\/{rel}","templated":true}]}}