{"id":1947,"date":"2017-02-03T07:37:58","date_gmt":"2017-02-03T05:37:58","guid":{"rendered":"http:\/\/www.jasiunupagrindine.salcininkai.lm.lt\/?page_id=1947"},"modified":"2025-10-26T07:23:21","modified_gmt":"2025-10-26T05:23:21","slug":"mokyklos-vadovai","status":"publish","type":"page","link":"http:\/\/www.jasiunupagrindine.salcininkai.lm.lt\/?page_id=1947","title":{"rendered":"Mokyklos vadovai"},"content":{"rendered":"<p class=\"rightTxt1\" align=\"justify\"><span style=\"color: #000000; font-family: 'times new roman', times, serif; font-size: 12pt;\"><strong>Mokyklos direktor\u0117 &nbsp; &nbsp; &nbsp; &nbsp; &nbsp; &nbsp; &nbsp; <\/strong><\/span><\/p>\n<p class=\"rightTxt1\" align=\"justify\"><span style=\"color: #000000; font-family: 'times new roman', times, serif; font-size: 12pt;\"><strong>&nbsp; &nbsp; &nbsp; &nbsp;<img loading=\"lazy\" decoding=\"async\" class=\"size-thumbnail wp-image-10507 alignleft\" src=\"http:\/\/www.jasiunupagrindine.salcininkai.lm.lt\/wp-content\/uploads\/2021\/02\/inna-150x144.png\" alt=\"\" width=\"150\" height=\"144\" srcset=\"http:\/\/www.jasiunupagrindine.salcininkai.lm.lt\/wp-content\/uploads\/2021\/02\/inna-150x144.png 150w, http:\/\/www.jasiunupagrindine.salcininkai.lm.lt\/wp-content\/uploads\/2021\/02\/inna-300x288.png 300w, http:\/\/www.jasiunupagrindine.salcininkai.lm.lt\/wp-content\/uploads\/2021\/02\/inna.png 387w\" sizes=\"auto, (max-width: 150px) 100vw, 150px\" \/><\/strong><\/span><\/p>\n<p align=\"justify\">&nbsp;<\/p>\n<p align=\"justify\">&nbsp;<\/p>\n<p align=\"justify\">&nbsp;<\/p>\n<p class=\"rightTxt1\" align=\"justify\"><span style=\"font-family: 'times new roman', times, serif; font-size: 12pt;\">Ina Kurnickien\u0117<\/span><\/p>\n<p class=\"rightTxt1\" align=\"justify\"><span lang=\"en-us\" style=\"color: #000000; font-family: 'times new roman', times, serif; font-size: 12pt;\">Telefonas:&nbsp;+370 380 35128<\/span><\/p>\n<p align=\"justify\"><span style=\"font-family: 'times new roman', times, serif; font-size: 12pt; color: #000000;\"><a style=\"color: #000000;\" href=\"http:\/\/www.jasiunupagrindine.salcininkai.lm.lt\/wp-content\/uploads\/2019\/04\/Kurnickiene-CV-1-4.doc\">Kurnickiene CV<\/a><\/span><\/p>\n<p align=\"justify\">&nbsp;<\/p>\n<p align=\"justify\"><strong><span style=\"font-family: 'times new roman', times, serif; font-size: 12pt;\">Mokyklos direktoriaus pavaduotoja ugdymui<\/span><\/strong><\/p>\n<p align=\"justify\"><span style=\"font-family: 'times new roman', times, serif; font-size: 12pt;\">\u017dana Siliuk<\/span><\/p>\n<p align=\"justify\">&nbsp;<\/p>\n<p align=\"justify\">&nbsp;<\/p>\n<p align=\"justify\"><span lang=\"en-us\" style=\"color: #000000; font-family: 'times new roman', times, serif; font-size: 12pt;\">Telefonas:&nbsp;+370 380 35128<\/span><\/p>\n<p class=\"rightTxt1\" align=\"justify\"><span style=\"font-family: 'times new roman', times, serif; font-size: 12pt;\"><strong>Mokyklos direktoriaus pavaduotojas \u016bkio reikalams<\/strong><\/span><\/p>\n<p class=\"rightTxt1\" align=\"justify\"><span style=\"font-family: 'times new roman', times, serif; font-size: 12pt;\"><img loading=\"lazy\" decoding=\"async\" class=\"\" src=\"http:\/\/balinskio.etanetas.lt\/images\/vj.jpg\" alt=\"\" width=\"133\" height=\"170\"><\/span><\/p>\n<p align=\"justify\"><span style=\"color: #000000; font-family: 'times new roman', times, serif; font-size: 12pt;\">Vitalij Jancevi\u010d<\/span><\/p>\n<p align=\"justify\"><span style=\"color: #000000; font-family: 'times new roman', times, serif; font-size: 12pt;\">Telefonas: +370 380 35128<\/span><\/p>\n<p class=\"rightTxt1\" align=\"justify\"><span style=\"color: #000000; font-family: 'times new roman', times, serif; font-size: 12pt;\"><a style=\"color: #000000;\" href=\"http:\/\/www.jasiunupagrindine.salcininkai.lm.lt\/wp-content\/uploads\/2017\/02\/Jancevic_CV.doc\">Jancevic CV<\/a><\/span><\/p>\n<p class=\"rightTxt1\" align=\"justify\">&nbsp;<\/p>\n","protected":false},"excerpt":{"rendered":"<p>Mokyklos direktor\u0117 &nbsp; &nbsp; &nbsp; &nbsp; &nbsp; &nbsp; &nbsp; &nbsp; &nbsp; &nbsp; &nbsp; &nbsp; &nbsp; &nbsp; Ina Kurnickien\u0117 Telefonas:&nbsp;+370 380 35128 Kurnickiene CV &nbsp; Mokyklos direktoriaus pavaduotoja ugdymui \u017dana Siliuk &nbsp; &nbsp; Telefonas:&nbsp;+370 380 35128 Mokyklos direktoriaus pavaduotojas \u016bkio reikalams &hellip; <a href=\"http:\/\/www.jasiunupagrindine.salcininkai.lm.lt\/?page_id=1947\">Skaitykite toliau <span class=\"meta-nav\">&rarr;<\/span><\/a><\/p>\n","protected":false},"author":6,"featured_media":0,"parent":0,"menu_order":0,"comment_status":"closed","ping_status":"closed","template":"","meta":{"ngg_post_thumbnail":0,"footnotes":""},"class_list":["post-1947","page","type-page","status-publish","hentry"],"_links":{"self":[{"href":"http:\/\/www.jasiunupagrindine.salcininkai.lm.lt\/index.php?rest_route=\/wp\/v2\/pages\/1947","targetHints":{"allow":["GET"]}}],"collection":[{"href":"http:\/\/www.jasiunupagrindine.salcininkai.lm.lt\/index.php?rest_route=\/wp\/v2\/pages"}],"about":[{"href":"http:\/\/www.jasiunupagrindine.salcininkai.lm.lt\/index.php?rest_route=\/wp\/v2\/types\/page"}],"author":[{"embeddable":true,"href":"http:\/\/www.jasiunupagrindine.salcininkai.lm.lt\/index.php?rest_route=\/wp\/v2\/users\/6"}],"replies":[{"embeddable":true,"href":"http:\/\/www.jasiunupagrindine.salcininkai.lm.lt\/index.php?rest_route=%2Fwp%2Fv2%2Fcomments&post=1947"}],"version-history":[{"count":22,"href":"http:\/\/www.jasiunupagrindine.salcininkai.lm.lt\/index.php?rest_route=\/wp\/v2\/pages\/1947\/revisions"}],"predecessor-version":[{"id":23164,"href":"http:\/\/www.jasiunupagrindine.salcininkai.lm.lt\/index.php?rest_route=\/wp\/v2\/pages\/1947\/revisions\/23164"}],"wp:attachment":[{"href":"http:\/\/www.jasiunupagrindine.salcininkai.lm.lt\/index.php?rest_route=%2Fwp%2Fv2%2Fmedia&parent=1947"}],"curies":[{"name":"wp","href":"https:\/\/api.w.org\/{rel}","templated":true}]}}