{"id":1955,"date":"2017-02-03T07:39:15","date_gmt":"2017-02-03T05:39:15","guid":{"rendered":"http:\/\/www.jasiunupagrindine.salcininkai.lm.lt\/?page_id=1955"},"modified":"2025-10-26T07:22:43","modified_gmt":"2025-10-26T05:22:43","slug":"mokiniu-savivalda-2","status":"publish","type":"page","link":"http:\/\/www.jasiunupagrindine.salcininkai.lm.lt\/?page_id=1955","title":{"rendered":"Mokini\u0173 savivalda"},"content":{"rendered":"<p style=\"text-align: center;\"><span style=\"color: #000000; font-family: 'times new roman', times, serif; font-size: 12pt;\"><strong>Mokini\u0173 savivalda<\/strong><\/span><\/p>\n<p style=\"text-align: justify;\"><span style=\"font-family: 'times new roman', times, serif; font-size: 12pt;\">Mokini\u0173 savivalda yra institucin\u0117 mokyklos savivaldos dalis (kartu, glaud\u017eiai bendradarbiaudama) veikianti su kitomis mokyklos savivaldos institucijomis (mokyklos taryba, mokytoj\u0173 taryba).<\/span><\/p>\n<p style=\"text-align: justify;\"><span style=\"font-family: 'times new roman', times, serif; font-size: 12pt;\">Mokini\u0173 savivalda yra mokini\u0173 <strong>teis\u0117<\/strong> ir <strong>laisv\u0117<\/strong> savaranki\u0161kai priimti mokini\u0173 bendruomenei reik\u0161mingus sprendimus, spr\u0119sti aktualius klausimus, organizuoti mokini\u0173 veikl\u0105 ugdymo \u012fstaigoje. <strong>Mokini\u0173 savivaldos pl\u0117tra mokykloje yra viena i\u0161 b\u016btin\u0173 s\u0105lyg\u0173 \u012fgyvendinti demokratin\u012f mokyklos valdym\u0105.<\/strong><\/span><\/p>\n<p style=\"text-align: justify;\"><span style=\"font-family: 'times new roman', times, serif; font-size: 12pt;\"><strong>Mokini\u0173 savivaldos institucija&nbsp; &#8211; tai demokratini\u0173 rinkim\u0173 b\u016bdu<\/strong> i\u0161rinkt\u0173 dalyvi\u0173, socialiai atsaking\u0173 mokini\u0173 <em>komanda, <\/em>kuri atsovauja mokini\u0173 interesams, sprend\u017eia mokiniams aktualias problemas, kuri formuoja jaunimo politik\u0105, taip pat kuria jauki\u0105 mokyklos aplink\u0105, skatina ir ugdo pilieti\u0161kum\u0105.<\/span><\/p>\n<p><span style=\"font-family: 'times new roman', times, serif; font-size: 12pt;\">Kandidatus \u012f mokini\u0173 savivald\u0105 gali si\u016blyti 5-10 klasi\u0173 mokiniai.<\/span><\/p>\n<p><strong><span style=\"font-family: 'times new roman', times, serif; font-size: 12pt;\">Mokini\u0173 savivalda:<\/span><\/strong><\/p>\n<ul>\n<li><span style=\"font-family: 'times new roman', times, serif; font-size: 12pt;\">atstovauja visiems mokyklos mokiniams;<\/span><\/li>\n<li><span style=\"font-family: 'times new roman', times, serif; font-size: 12pt;\">dalyvauja ugdymo proceso organizavimo tobulinime;<\/span><\/li>\n<li><span style=\"font-family: 'times new roman', times, serif; font-size: 12pt;\">organizuoja mokini\u0173 popamokin\u0119 veikl\u0105 ir laisvalaik\u012f;<\/span><\/li>\n<li><span style=\"font-family: 'times new roman', times, serif; font-size: 12pt;\">organizuoja mokini\u0173 savivald\u0105 mokykloje, r\u016bpinasi tvarkos ir drausm\u0117s palaikymu;<\/span><\/li>\n<li><span style=\"font-family: 'times new roman', times, serif; font-size: 12pt;\">svarsto mokini\u0173 teisi\u0173 mokykloje ir u\u017e mokyklos gynimo klausimus;<\/span><\/li>\n<li><span style=\"font-family: 'times new roman', times, serif; font-size: 12pt;\">priima sprendimus d\u0117l neeilin\u0117s mokini\u0173 konferencijos su\u0161aukimo;<\/span><\/li>\n<li><span style=\"font-family: 'times new roman', times, serif; font-size: 12pt;\">dalyvauja organizuojant r\u016bkymo ir narkomanijos prevencij\u0105.<\/span><\/li>\n<\/ul>\n<p>&nbsp;<\/p>\n<p><span style=\"font-family: 'times new roman', times, serif; font-size: 12pt;\"><strong>Mokini\u0173 savivaldos sud\u0117tis:<\/strong><\/span><\/p>\n<div><span style=\"font-family: 'times new roman', times, serif; font-size: 12pt;\">5 kl. Jevgenija Adamovi\u010d<\/span><\/div>\n<div><span style=\"font-family: 'times new roman', times, serif; font-size: 12pt;\">6 kl. Dinara Av\u0117nait\u0117<\/span><\/div>\n<div><span style=\"font-family: 'times new roman', times, serif; font-size: 12pt;\">7 kl. Kiril Martianov<\/span><\/div>\n<div><span style=\"font-family: 'times new roman', times, serif; font-size: 12pt;\">8 kl. Denis Kazakevi\u010d<\/span><\/div>\n<div><span style=\"font-family: 'times new roman', times, serif; font-size: 12pt;\">9 kl. Karolina Diomina<\/span><\/div>\n<div><span style=\"font-family: 'times new roman', times, serif; font-size: 12pt;\">10 kl. Kamila Jar\u017einskait\u0117<\/span><\/div>\n<div>&nbsp;<\/div>\n<p><span style=\"font-family: 'times new roman', times, serif; font-size: 12pt;\">Mokini\u0173 savivald\u0105 kuruoja mokytoja Angel\u0117 \u0160eviakova<\/span><\/p>\n","protected":false},"excerpt":{"rendered":"<p>Mokini\u0173 savivalda Mokini\u0173 savivalda yra institucin\u0117 mokyklos savivaldos dalis (kartu, glaud\u017eiai bendradarbiaudama) veikianti su kitomis mokyklos savivaldos institucijomis (mokyklos taryba, mokytoj\u0173 taryba). Mokini\u0173 savivalda yra mokini\u0173 teis\u0117 ir laisv\u0117 savaranki\u0161kai priimti mokini\u0173 bendruomenei reik\u0161mingus sprendimus, spr\u0119sti aktualius klausimus, organizuoti mokini\u0173 &hellip; <a href=\"http:\/\/www.jasiunupagrindine.salcininkai.lm.lt\/?page_id=1955\">Skaitykite toliau <span class=\"meta-nav\">&rarr;<\/span><\/a><\/p>\n","protected":false},"author":6,"featured_media":0,"parent":0,"menu_order":0,"comment_status":"closed","ping_status":"closed","template":"","meta":{"ngg_post_thumbnail":0,"footnotes":""},"class_list":["post-1955","page","type-page","status-publish","hentry"],"_links":{"self":[{"href":"http:\/\/www.jasiunupagrindine.salcininkai.lm.lt\/index.php?rest_route=\/wp\/v2\/pages\/1955","targetHints":{"allow":["GET"]}}],"collection":[{"href":"http:\/\/www.jasiunupagrindine.salcininkai.lm.lt\/index.php?rest_route=\/wp\/v2\/pages"}],"about":[{"href":"http:\/\/www.jasiunupagrindine.salcininkai.lm.lt\/index.php?rest_route=\/wp\/v2\/types\/page"}],"author":[{"embeddable":true,"href":"http:\/\/www.jasiunupagrindine.salcininkai.lm.lt\/index.php?rest_route=\/wp\/v2\/users\/6"}],"replies":[{"embeddable":true,"href":"http:\/\/www.jasiunupagrindine.salcininkai.lm.lt\/index.php?rest_route=%2Fwp%2Fv2%2Fcomments&post=1955"}],"version-history":[{"count":15,"href":"http:\/\/www.jasiunupagrindine.salcininkai.lm.lt\/index.php?rest_route=\/wp\/v2\/pages\/1955\/revisions"}],"predecessor-version":[{"id":23162,"href":"http:\/\/www.jasiunupagrindine.salcininkai.lm.lt\/index.php?rest_route=\/wp\/v2\/pages\/1955\/revisions\/23162"}],"wp:attachment":[{"href":"http:\/\/www.jasiunupagrindine.salcininkai.lm.lt\/index.php?rest_route=%2Fwp%2Fv2%2Fmedia&parent=1955"}],"curies":[{"name":"wp","href":"https:\/\/api.w.org\/{rel}","templated":true}]}}