{"id":1959,"date":"2017-02-03T07:39:52","date_gmt":"2017-02-03T05:39:52","guid":{"rendered":"http:\/\/www.jasiunupagrindine.salcininkai.lm.lt\/?page_id=1959"},"modified":"2025-10-26T07:27:19","modified_gmt":"2025-10-26T05:27:19","slug":"tevu-komitetas","status":"publish","type":"page","link":"http:\/\/www.jasiunupagrindine.salcininkai.lm.lt\/?page_id=1959","title":{"rendered":"T\u0117v\u0173 komitetas"},"content":{"rendered":"<p class=\"rightTxt1\" align=\"justify\"><strong><span style=\"color: #000000;\">T\u0117v\u0173 komitetas<\/span><\/strong><\/p>\n<p class=\"rightTxt1\" align=\"justify\"><span style=\"color: #000000;\"><span style=\"font-family: Arial;\">Mokyklos mokini\u0173 t\u0117v\u0173<\/span> <span lang=\"lt\"><span style=\"font-family: Arial;\">komitetas<\/span><\/span><span style=\"font-family: Arial;\">&nbsp;yra viena i\u0161 mokyklos savivaldos strukt\u016br\u0173 sprend\u017eianti aktualius mokyklos veiklos klausimus.<\/span><\/span><\/p>\n<p class=\"rightTxt1\" align=\"justify\"><span style=\"color: #000000;\">Mokyklos mokini\u0173 t\u0117v\u0173 <span lang=\"lt\">komitetas<\/span> vadovaujasi demokratiniais principais, gebanti atstovauti vaik\u0173 t\u0117v\u0173 (glob\u0117j\u0173) interesus, sprend\u017eiant mokyklos &nbsp;finansavimo, mokini\u0173 saugumo u\u017etikrinimo, t\u0117v\u0173 delegavimo \u012f kitas mokyklos savivaldos strukt\u016bras klausimus.<\/span><\/p>\n<p class=\"rightTxt1\" align=\"justify\"><strong><span style=\"color: #000000;\">T\u0117v\u0173 komiteto nariai:<\/span><\/strong><\/p>\n<ol>\n<li class=\"rightTxt1\"><span style=\"color: #000000;\">Tatjana Loktikien\u0117 &#8211; t\u0117v\u0173 komiteto pirminink\u0117<\/span><\/li>\n<li class=\"rightTxt1\"><span style=\"color: #000000;\">&nbsp;Angel\u0117 \u0160eviakova&nbsp; &#8211; t\u0117v\u0173 komiteto pirmininko pavaduotoja<\/span><\/li>\n<li class=\"rightTxt1\">&nbsp;Tatjana Martianova<\/li>\n<li class=\"rightTxt1\">Jolanta Janovi\u010d<span style=\"text-align: left;\">&nbsp;<\/span><\/li>\n<li class=\"rightTxt1\"><span style=\"text-align: left;\">Evelina Petrovskien\u0117<\/span><span style=\"text-align: left;\">&nbsp;<\/span><\/li>\n<li class=\"rightTxt1\">Julija Boronikova<\/li>\n<li>Aleksandra Kolesnikova<\/li>\n<\/ol>\n<p class=\"rightTxt1\" align=\"justify\"><strong><span style=\"color: #000000;\">T\u0117v\u0173 komitetas:<\/span><\/strong><\/p>\n<ul>\n<li><span style=\"color: #000000;\">Teikia pasi\u016blymus ugdymo planams sudaryti ir nustatant papildomo ugdymo kryptis;<\/span><\/li>\n<li><span style=\"color: #000000;\">Analizuoja informacij\u0105 apie vaiko (klas\u0117s) mokym\u0105si, elges\u012f. Pos\u0117d\u017eiuose svarsto mokini\u0173 elges\u012f, ai\u0161kinasi blogo elgesio prie\u017eastis, \u012f pos\u0117d\u017eius kvie\u010diasi asocialias \u0161eimas;<\/span><\/li>\n<li><span style=\"color: #000000;\">Analizuoja mokini\u0173 mokymosi s\u0105lygas, technini\u0173 ir informacini\u0173 priemoni\u0173 tikslingum\u0105. Teikia ir aptaria si\u016blymus d\u0117l papildom\u0173 l\u0117\u0161\u0173 rinkimo mokini\u0173 mokymosi s\u0105lygoms gerinti.<\/span><\/li>\n<li><span style=\"color: #000000;\">Bendrauja su klas\u0117s mokini\u0173 t\u0117vais ir informuoja juos apie mokyklos t\u0117v\u0173 tarybos teiktus si\u016blymus ir nutarimus;<\/span><\/li>\n<li><span style=\"color: #000000;\">Sprend\u017eia klausimus d\u0117l vaiko apsaugos nuo smurto, prievartos, i\u0161naudojimo;<\/span><\/li>\n<li><span style=\"color: #000000;\">Dalyvauja organizuojant mokini\u0173 laisvalaik\u012f: padeda pasiruo\u0161ti ir dalyvauja popamokiniuose renginiuose, \u0161okiuose, organizuoja bendras vaik\u0173 ir t\u0117v\u0173 i\u0161vykas, ekskursijas.<\/span><\/li>\n<\/ul>\n","protected":false},"excerpt":{"rendered":"<p>T\u0117v\u0173 komitetas Mokyklos mokini\u0173 t\u0117v\u0173 komitetas&nbsp;yra viena i\u0161 mokyklos savivaldos strukt\u016br\u0173 sprend\u017eianti aktualius mokyklos veiklos klausimus. Mokyklos mokini\u0173 t\u0117v\u0173 komitetas vadovaujasi demokratiniais principais, gebanti atstovauti vaik\u0173 t\u0117v\u0173 (glob\u0117j\u0173) interesus, sprend\u017eiant mokyklos &nbsp;finansavimo, mokini\u0173 saugumo u\u017etikrinimo, t\u0117v\u0173 delegavimo \u012f kitas mokyklos &hellip; <a href=\"http:\/\/www.jasiunupagrindine.salcininkai.lm.lt\/?page_id=1959\">Skaitykite toliau <span class=\"meta-nav\">&rarr;<\/span><\/a><\/p>\n","protected":false},"author":6,"featured_media":0,"parent":0,"menu_order":0,"comment_status":"closed","ping_status":"closed","template":"","meta":{"ngg_post_thumbnail":0,"footnotes":""},"class_list":["post-1959","page","type-page","status-publish","hentry"],"_links":{"self":[{"href":"http:\/\/www.jasiunupagrindine.salcininkai.lm.lt\/index.php?rest_route=\/wp\/v2\/pages\/1959","targetHints":{"allow":["GET"]}}],"collection":[{"href":"http:\/\/www.jasiunupagrindine.salcininkai.lm.lt\/index.php?rest_route=\/wp\/v2\/pages"}],"about":[{"href":"http:\/\/www.jasiunupagrindine.salcininkai.lm.lt\/index.php?rest_route=\/wp\/v2\/types\/page"}],"author":[{"embeddable":true,"href":"http:\/\/www.jasiunupagrindine.salcininkai.lm.lt\/index.php?rest_route=\/wp\/v2\/users\/6"}],"replies":[{"embeddable":true,"href":"http:\/\/www.jasiunupagrindine.salcininkai.lm.lt\/index.php?rest_route=%2Fwp%2Fv2%2Fcomments&post=1959"}],"version-history":[{"count":11,"href":"http:\/\/www.jasiunupagrindine.salcininkai.lm.lt\/index.php?rest_route=\/wp\/v2\/pages\/1959\/revisions"}],"predecessor-version":[{"id":23169,"href":"http:\/\/www.jasiunupagrindine.salcininkai.lm.lt\/index.php?rest_route=\/wp\/v2\/pages\/1959\/revisions\/23169"}],"wp:attachment":[{"href":"http:\/\/www.jasiunupagrindine.salcininkai.lm.lt\/index.php?rest_route=%2Fwp%2Fv2%2Fmedia&parent=1959"}],"curies":[{"name":"wp","href":"https:\/\/api.w.org\/{rel}","templated":true}]}}