{"id":1961,"date":"2017-02-03T07:40:14","date_gmt":"2017-02-03T05:40:14","guid":{"rendered":"http:\/\/www.jasiunupagrindine.salcininkai.lm.lt\/?page_id=1961"},"modified":"2025-10-26T07:23:58","modified_gmt":"2025-10-26T05:23:58","slug":"personalas","status":"publish","type":"page","link":"http:\/\/www.jasiunupagrindine.salcininkai.lm.lt\/?page_id=1961","title":{"rendered":"Personalas"},"content":{"rendered":"<p style=\"text-align: center;\"><span style=\"color: #000000; font-family: 'times new roman', times, serif; font-size: 12pt;\"><strong>Pagalbinis personalas<\/strong><\/span><\/p>\n<table>\n<tbody>\n<tr>\n<td width=\"192\"><span style=\"color: #000000; font-family: 'times new roman', times, serif; font-size: 12pt;\">Pavel Martianov<\/span><\/td>\n<td width=\"194\"><span style=\"color: #000000; font-family: 'times new roman', times, serif; font-size: 12pt;\">Sargas<\/span><\/td>\n<\/tr>\n<tr>\n<td width=\"192\"><span style=\"color: #000000; font-family: 'times new roman', times, serif; font-size: 12pt;\">Zygmund Slavinskij<\/span><\/td>\n<td width=\"194\"><span style=\"color: #000000; font-family: 'times new roman', times, serif; font-size: 12pt;\">Darbininkas<\/span><\/td>\n<\/tr>\n<tr>\n<td width=\"192\"><span style=\"color: #000000; font-family: 'times new roman', times, serif; font-size: 12pt;\">Irina Trembo<\/span><\/td>\n<td width=\"194\"><span style=\"color: #000000; font-family: 'times new roman', times, serif; font-size: 12pt;\">Valytoja<\/span><\/td>\n<\/tr>\n<tr>\n<td width=\"192\"><span style=\"color: #000000; font-family: 'times new roman', times, serif; font-size: 12pt;\">Liubov Lukjanova<\/span><\/td>\n<td width=\"194\"><span style=\"color: #000000; font-family: 'times new roman', times, serif; font-size: 12pt;\">Valytoja<\/span><\/td>\n<\/tr>\n<tr>\n<td width=\"192\"><span style=\"color: #000000; font-family: 'times new roman', times, serif; font-size: 12pt;\">Gra\u017eina Jacukevi\u010d<\/span><\/td>\n<td width=\"194\"><span style=\"color: #000000; font-family: 'times new roman', times, serif; font-size: 12pt;\">Valytoja<\/span><\/td>\n<\/tr>\n<tr>\n<td width=\"192\"><span style=\"color: #000000; font-family: 'times new roman', times, serif; font-size: 12pt;\">Janina Jusel<\/span><\/td>\n<td width=\"194\"><span style=\"color: #000000; font-family: 'times new roman', times, serif; font-size: 12pt;\">Valytoja<\/span><\/td>\n<\/tr>\n<tr>\n<td width=\"192\"><span style=\"color: #000000; font-family: 'times new roman', times, serif; font-size: 12pt;\">Viktorija Liplianskaja-\u010ceberek\u0117<\/span><\/td>\n<td width=\"194\"><span style=\"color: #000000; font-family: 'times new roman', times, serif; font-size: 12pt;\">\u016akio dalies ved\u0117ja<\/span><\/td>\n<\/tr>\n<tr>\n<td width=\"192\"><span style=\"color: #000000; font-family: 'times new roman', times, serif; font-size: 12pt;\">An\u017eela Jaskiv<\/span><\/td>\n<td width=\"194\"><span style=\"color: #000000; font-family: 'times new roman', times, serif; font-size: 12pt;\">Sekretor\u0117<\/span><\/td>\n<\/tr>\n<\/tbody>\n<\/table>\n","protected":false},"excerpt":{"rendered":"<p>Pagalbinis personalas Pavel Martianov Sargas Zygmund Slavinskij Darbininkas Irina Trembo Valytoja Liubov Lukjanova Valytoja Gra\u017eina Jacukevi\u010d Valytoja Janina Jusel Valytoja Viktorija Liplianskaja-\u010ceberek\u0117 \u016akio dalies ved\u0117ja An\u017eela Jaskiv Sekretor\u0117<\/p>\n","protected":false},"author":6,"featured_media":0,"parent":0,"menu_order":0,"comment_status":"closed","ping_status":"closed","template":"","meta":{"ngg_post_thumbnail":0,"footnotes":""},"class_list":["post-1961","page","type-page","status-publish","hentry"],"_links":{"self":[{"href":"http:\/\/www.jasiunupagrindine.salcininkai.lm.lt\/index.php?rest_route=\/wp\/v2\/pages\/1961","targetHints":{"allow":["GET"]}}],"collection":[{"href":"http:\/\/www.jasiunupagrindine.salcininkai.lm.lt\/index.php?rest_route=\/wp\/v2\/pages"}],"about":[{"href":"http:\/\/www.jasiunupagrindine.salcininkai.lm.lt\/index.php?rest_route=\/wp\/v2\/types\/page"}],"author":[{"embeddable":true,"href":"http:\/\/www.jasiunupagrindine.salcininkai.lm.lt\/index.php?rest_route=\/wp\/v2\/users\/6"}],"replies":[{"embeddable":true,"href":"http:\/\/www.jasiunupagrindine.salcininkai.lm.lt\/index.php?rest_route=%2Fwp%2Fv2%2Fcomments&post=1961"}],"version-history":[{"count":9,"href":"http:\/\/www.jasiunupagrindine.salcininkai.lm.lt\/index.php?rest_route=\/wp\/v2\/pages\/1961\/revisions"}],"predecessor-version":[{"id":23165,"href":"http:\/\/www.jasiunupagrindine.salcininkai.lm.lt\/index.php?rest_route=\/wp\/v2\/pages\/1961\/revisions\/23165"}],"wp:attachment":[{"href":"http:\/\/www.jasiunupagrindine.salcininkai.lm.lt\/index.php?rest_route=%2Fwp%2Fv2%2Fmedia&parent=1961"}],"curies":[{"name":"wp","href":"https:\/\/api.w.org\/{rel}","templated":true}]}}