{"id":2004,"date":"2017-02-03T08:06:08","date_gmt":"2017-02-03T06:06:08","guid":{"rendered":"http:\/\/www.jasiunupagrindine.salcininkai.lm.lt\/?page_id=2004"},"modified":"2026-01-14T18:09:46","modified_gmt":"2026-01-14T16:09:46","slug":"ugdymo-planas","status":"publish","type":"page","link":"http:\/\/www.jasiunupagrindine.salcininkai.lm.lt\/?page_id=2004","title":{"rendered":"Ugdymo planas"},"content":{"rendered":"<p>&nbsp;<\/p>\n<p><span style=\"color: #000000;\"><a style=\"color: #000000;\" href=\"http:\/\/www.jasiunupagrindine.salcininkai.lm.lt\/wp-content\/uploads\/2025\/03\/ugdymo-planas.pdf\">\u0160al\u010dinink\u0173 r. Ja\u0161i\u016bn\u0173 pagrindin\u0117s mokyklos<\/a><a style=\"color: #000000;\" href=\"http:\/\/www.jasiunupagrindine.salcininkai.lm.lt\/wp-content\/uploads\/2026\/01\/2025-2026_m.m._ugdymo_planas_Jasiunu_pagrindine_1.pdf\"> ugdymo planas 2025-2026 m.m.<\/a><\/span><\/p>\n<p><span style=\"color: #000000;\"><a style=\"color: #000000;\" href=\"http:\/\/www.jasiunupagrindine.salcininkai.lm.lt\/wp-content\/uploads\/2025\/03\/ugdymo-planas.pdf\">\u0160al\u010dinink\u0173 r. Ja\u0161i\u016bn\u0173 pagrindin\u0117s mokyklos ugdymo planas 2024-2025 m.m<\/a><\/span><\/p>\n\n","protected":false},"excerpt":{"rendered":"<p>&nbsp; \u0160al\u010dinink\u0173 r. Ja\u0161i\u016bn\u0173 pagrindin\u0117s mokyklos ugdymo planas 2025-2026 m.m. \u0160al\u010dinink\u0173 r. Ja\u0161i\u016bn\u0173 pagrindin\u0117s mokyklos ugdymo planas 2024-2025 m.m<\/p>\n","protected":false},"author":6,"featured_media":0,"parent":0,"menu_order":0,"comment_status":"closed","ping_status":"closed","template":"","meta":{"ngg_post_thumbnail":0,"footnotes":""},"class_list":["post-2004","page","type-page","status-publish","hentry"],"_links":{"self":[{"href":"http:\/\/www.jasiunupagrindine.salcininkai.lm.lt\/index.php?rest_route=\/wp\/v2\/pages\/2004","targetHints":{"allow":["GET"]}}],"collection":[{"href":"http:\/\/www.jasiunupagrindine.salcininkai.lm.lt\/index.php?rest_route=\/wp\/v2\/pages"}],"about":[{"href":"http:\/\/www.jasiunupagrindine.salcininkai.lm.lt\/index.php?rest_route=\/wp\/v2\/types\/page"}],"author":[{"embeddable":true,"href":"http:\/\/www.jasiunupagrindine.salcininkai.lm.lt\/index.php?rest_route=\/wp\/v2\/users\/6"}],"replies":[{"embeddable":true,"href":"http:\/\/www.jasiunupagrindine.salcininkai.lm.lt\/index.php?rest_route=%2Fwp%2Fv2%2Fcomments&post=2004"}],"version-history":[{"count":16,"href":"http:\/\/www.jasiunupagrindine.salcininkai.lm.lt\/index.php?rest_route=\/wp\/v2\/pages\/2004\/revisions"}],"predecessor-version":[{"id":23703,"href":"http:\/\/www.jasiunupagrindine.salcininkai.lm.lt\/index.php?rest_route=\/wp\/v2\/pages\/2004\/revisions\/23703"}],"wp:attachment":[{"href":"http:\/\/www.jasiunupagrindine.salcininkai.lm.lt\/index.php?rest_route=%2Fwp%2Fv2%2Fmedia&parent=2004"}],"curies":[{"name":"wp","href":"https:\/\/api.w.org\/{rel}","templated":true}]}}