{"id":2008,"date":"2017-02-03T08:06:38","date_gmt":"2017-02-03T06:06:38","guid":{"rendered":"http:\/\/www.jasiunupagrindine.salcininkai.lm.lt\/?page_id=2008"},"modified":"2024-01-29T17:16:25","modified_gmt":"2024-01-29T15:16:25","slug":"neformalusis-ugdymas","status":"publish","type":"page","link":"http:\/\/www.jasiunupagrindine.salcininkai.lm.lt\/?page_id=2008","title":{"rendered":"NEFORMALUSIS UGDYMAS"},"content":{"rendered":"<p class=\"rightTxt1\" align=\"justify\"><span style=\"color: #000000; font-family: 'times new roman', times, serif; font-size: 12pt;\"><strong>Neformalusis vaik\u0173 \u0161vietimas<\/strong> \u2013 tai kryptinga veikla vaik\u0173&nbsp; pa\u017einimui, lavinimuisi, savirai\u0161kos poreiki\u0173 tenkinimui, specifini\u0173 geb\u0117jim\u0173 ir kompetencij\u0173 ugdymui. Neformaliojo&nbsp; vaik\u0173 \u0161vietimo veikla yra skirta menin\u0119, sporto ar kit\u0105 veikl\u0105 pasirinkusi\u0173 mokini\u0173 asmenin\u0117ms, socialin\u0117ms, edukacin\u0117ms, profesin\u0117ms kompetencijoms ugdyti. \u0160i veikla mokiniams n\u0117ra privaloma ir laisvai pasirenkama.<\/span><\/p>\n<p align=\"justify\"><strong><span style=\"font-family: 'times new roman', times, serif; font-size: 12pt;\"><a href=\"http:\/\/www.jasiunupagrindine.salcininkai.lm.lt\/wp-content\/uploads\/2020\/01\/NEFORMALIOJO-\u0160VIETIMO-ORGANIZAVIMO-TVARKOS-APRA\u0160AS.docx\">NEFORMALIOJO \u0160VIETIMO ORGANIZAVIMO TVARKOS APRA\u0160AS<\/a><\/span><\/strong><\/p>\n<p class=\"rightTxt1\" style=\"text-align: center;\" align=\"justify\"><span style=\"font-family: 'times new roman', times, serif; font-size: 12pt;\"><strong><span style=\"color: #000000;\">2023 &#8211; 2024 m. m. NEFORMALIOJO UGDYMO PROGRAMOS<\/span><\/strong><\/span><\/p>\n<p>1. Teresa Voitukovi\u010d (mokytoja metodinink\u0117) \u2013 Kra\u0161totyros b\u016brelis<br \/>\n2. Jan Jarmolovi\u010d (vyr.mokytojas) \u2013 Ansamblinis dainavimas<br \/>\n3. Kristina Starkevi\u010dien\u0117 (k.mokytoja) \u2013 futbolas<br \/>\n4. Kristina Starkevi\u010dien\u0117 (k.mokytoja) \u2013 tinklinis<br \/>\n5. Svetlana Korot\u010denko (vyr.mokytoja) \u2013 \u201eKnyg\u0173 pasaulyje\u201c<br \/>\n6. Vladimir Dubrovskij (vyr.mokytojas) \u2013 angl\u0173 kalba<br \/>\n7. Irena Saulien\u0117 (vyr.mokytoja) \u2013 \u201eStebuklingas plunksnakotis\u201c<br \/>\n8. Irena Michalovskaja (vyr.mokytoja) \u2013 \u201ePasaulis aplink mus\u201c<br \/>\n9. Ang\u0117l\u0117 \u0160eviakova (k. mokytoja) \u2013 \u201eDarbeli\u0173 pasaulyje\u201c<br \/>\n10. \u017dana Siliuk (vyr.mokytoja)- \u201eInformacini\u0173 technologij\u0173 b\u016brelis\u201c<br \/>\n11. \u017dana Siliuk (vyr.mokytoja)- \u201eMatematikos praktikumas\u201c<br \/>\n12. Nina Buria\u0161ova (vyr. mokytoja)- men\u0173 studija<br \/>\n13. Loreta Salmanovi\u010d (mokytoja nesuteikta)- \u0161okio b\u016brelis<br \/>\n14. Violeta Bagdiulien\u0117 (mokytoja metodinink\u0117) &#8211; teatro b\u016brelis<br \/>\n15. Renata Kavaliauskien\u0117 (vyr. mokytoja)- ri\u0161laus kalb\u0117jimo<\/p>\n","protected":false},"excerpt":{"rendered":"<p>Neformalusis vaik\u0173 \u0161vietimas \u2013 tai kryptinga veikla vaik\u0173&nbsp; pa\u017einimui, lavinimuisi, savirai\u0161kos poreiki\u0173 tenkinimui, specifini\u0173 geb\u0117jim\u0173 ir kompetencij\u0173 ugdymui. Neformaliojo&nbsp; vaik\u0173 \u0161vietimo veikla yra skirta menin\u0119, sporto ar kit\u0105 veikl\u0105 pasirinkusi\u0173 mokini\u0173 asmenin\u0117ms, socialin\u0117ms, edukacin\u0117ms, profesin\u0117ms kompetencijoms ugdyti. \u0160i veikla mokiniams &hellip; <a href=\"http:\/\/www.jasiunupagrindine.salcininkai.lm.lt\/?page_id=2008\">Skaitykite toliau <span class=\"meta-nav\">&rarr;<\/span><\/a><\/p>\n","protected":false},"author":6,"featured_media":0,"parent":0,"menu_order":0,"comment_status":"closed","ping_status":"closed","template":"","meta":{"ngg_post_thumbnail":0,"footnotes":""},"class_list":["post-2008","page","type-page","status-publish","hentry"],"_links":{"self":[{"href":"http:\/\/www.jasiunupagrindine.salcininkai.lm.lt\/index.php?rest_route=\/wp\/v2\/pages\/2008","targetHints":{"allow":["GET"]}}],"collection":[{"href":"http:\/\/www.jasiunupagrindine.salcininkai.lm.lt\/index.php?rest_route=\/wp\/v2\/pages"}],"about":[{"href":"http:\/\/www.jasiunupagrindine.salcininkai.lm.lt\/index.php?rest_route=\/wp\/v2\/types\/page"}],"author":[{"embeddable":true,"href":"http:\/\/www.jasiunupagrindine.salcininkai.lm.lt\/index.php?rest_route=\/wp\/v2\/users\/6"}],"replies":[{"embeddable":true,"href":"http:\/\/www.jasiunupagrindine.salcininkai.lm.lt\/index.php?rest_route=%2Fwp%2Fv2%2Fcomments&post=2008"}],"version-history":[{"count":9,"href":"http:\/\/www.jasiunupagrindine.salcininkai.lm.lt\/index.php?rest_route=\/wp\/v2\/pages\/2008\/revisions"}],"predecessor-version":[{"id":18108,"href":"http:\/\/www.jasiunupagrindine.salcininkai.lm.lt\/index.php?rest_route=\/wp\/v2\/pages\/2008\/revisions\/18108"}],"wp:attachment":[{"href":"http:\/\/www.jasiunupagrindine.salcininkai.lm.lt\/index.php?rest_route=%2Fwp%2Fv2%2Fmedia&parent=2008"}],"curies":[{"name":"wp","href":"https:\/\/api.w.org\/{rel}","templated":true}]}}