{"id":2023,"date":"2017-02-03T08:14:43","date_gmt":"2017-02-03T06:14:43","guid":{"rendered":"http:\/\/www.jasiunupagrindine.salcininkai.lm.lt\/?page_id=2023"},"modified":"2025-11-04T09:22:41","modified_gmt":"2025-11-04T07:22:41","slug":"tvarkos","status":"publish","type":"page","link":"http:\/\/www.jasiunupagrindine.salcininkai.lm.lt\/?page_id=2023","title":{"rendered":"TVARKOS"},"content":{"rendered":"<p style=\"text-align: center;\"><span style=\"font-family: 'times new roman', times, serif; font-size: 12pt; color: #000000;\"><strong>Dokumentai<\/strong><\/span><\/p>\n<p><span style=\"color: #000000; font-size: 12pt;\"><a style=\"color: #000000;\" href=\"http:\/\/www.jasiunupagrindine.salcininkai.lm.lt\/wp-content\/uploads\/2024\/07\/Pa\u017eangos-ir-pasiekim\u0173-vertinimo-tvarkos-apra\u0161as.docx\"><span style=\"font-family: 'times new roman', times, serif;\">Mokini\u0173 pa\u017eangos ir pasiekim\u0173 vertinimo tvarkos apra\u0161as <\/span><\/a><\/span><\/p>\n<p><span style=\"font-family: 'times new roman', times, serif; color: #000000;\"><a style=\"color: #000000;\" href=\"http:\/\/www.jasiunupagrindine.salcininkai.lm.lt\/wp-content\/uploads\/2021\/11\/T\u0117v\u0173-informavimo-ir-bendradarbiavimo-tvarkos-apra\u0161as.docx\">T\u0117v\u0173 informavimo ir bendradarbiavimo tvarkos apra\u0161as<\/a><\/span><\/p>\n<p><span style=\"font-family: 'times new roman', times, serif; color: #000000;\"><a style=\"color: #000000;\" href=\"http:\/\/www.jasiunupagrindine.salcininkai.lm.lt\/wp-content\/uploads\/2021\/10\/Ugdymo-proceso-organizavimas-nuotoliniu-b\u016bdu.docx\">Ugdymo proceso organizavimas nuotoliniu b\u016bdu<\/a><\/span><\/p>\n<p><span style=\"font-family: 'times new roman', times, serif; color: #000000;\"><a style=\"color: #000000;\" href=\"http:\/\/www.jasiunupagrindine.salcininkai.lm.lt\/wp-content\/uploads\/2021\/10\/20211004140144.pdf\">Darbuotoj\u0173 psichologinio saugumo u\u017etikrinimo \u0160al\u010dinink\u0173 r. Ja\u0161i\u016bn\u0173 pagr. mokykloje politikos \u012fgyvendinimo tvarkos apra\u0161as<\/a><\/span><\/p>\n<p><span style=\"color: #000000; font-family: 'times new roman', times, serif; font-size: 12pt;\"><a style=\"color: #000000;\" href=\"https:\/\/e-seimas.lrs.lt\/portal\/legalAct\/lt\/TAD\/a90775e2c21d11eaae0db016672cba9c?jfwid=sujol9iih\">Mokini\u0173 pri\u0117mimas \u012f \u0160al\u010dinink\u0173 rajono savivaldyb\u0117s bendrojo ugdymo mokyklas tvarkos apra\u0161as<\/a><\/span><\/p>\n<p><span style=\"font-family: 'times new roman', times, serif; color: #000000;\"><a style=\"color: #000000;\" href=\"http:\/\/www.jasiunupagrindine.salcininkai.lm.lt\/wp-content\/uploads\/2021\/03\/Mokini\u0173-pa\u017eangos-ir-pasiekim\u0173-vertinimo-ugdymo-procese-tvarkos-apra\u0161as.pdf\">Mokini\u0173 pa\u017eangos ir pasiekim\u0173 vertinimo ugdymo procese tvarkos apra\u0161as<\/a><\/span><\/p>\n<p><span style=\"font-family: 'times new roman', times, serif; font-size: 12pt; color: #000000;\"><a style=\"color: #000000;\" href=\"http:\/\/www.jasiunupagrindine.salcininkai.lm.lt\/wp-content\/uploads\/2021\/02\/Vaiko-individualios-pa\u017eangos-vertinimo-\u012fsivertinimo-ir-fiksavimo-tvarkos-apra\u0161as-3.docx\">Vaiko individualios pa\u017eangos vertinimo, \u012fsivertinimo ir fiksavimo tvarkos apra\u0161as <\/a><\/span><\/p>\n<p><span style=\"font-family: 'times new roman', times, serif; font-size: 12pt; color: #000000;\"><a style=\"color: #000000;\" href=\"http:\/\/www.jasiunupagrindine.salcininkai.lm.lt\/wp-content\/uploads\/2020\/01\/lankomumo-tvarka1.doc\">Pamok\u0173 nelankymo ir v\u0117lavim\u0173 \u012f pamokas prevencijos tvarka \/&nbsp;L<\/a><a style=\"color: #000000;\" href=\"http:\/\/www.jasiunupagrindine.salcininkai.lm.lt\/wp-content\/uploads\/2017\/11\/LANKOMUMO-U\u017dTIKRINIMO-SUTARTUS.pdf\">ankomumo u\u017etikrinimo sutartis<\/a><\/span><\/p>\n<p><span style=\"font-family: 'times new roman', times, serif; font-size: 12pt; color: #000000;\"><a style=\"color: #000000;\" href=\"http:\/\/www.jasiunupagrindine.salcininkai.lm.lt\/wp-content\/uploads\/2020\/01\/mokiniu-konsultavimas-rg-3.docx\">Mokini\u0173 konsultavimo tvarkos apra\u0161as<\/a><\/span><\/p>\n<p><span style=\"font-family: 'times new roman', times, serif; font-size: 12pt; color: #000000;\"><a style=\"color: #000000;\" href=\"http:\/\/www.jasiunupagrindine.salcininkai.lm.lt\/wp-content\/uploads\/2020\/01\/Mokini\u0173-darb\u0173-kr\u016bvio-reguliavimo-tvarka.docx\">Mokini\u0173 mokymosi kr\u016bvio reguliavimo tvarka&nbsp;&nbsp;Priedas <\/a><a style=\"color: #000000;\" href=\"http:\/\/www.jasiunupagrindine.salcininkai.lm.lt\/wp-content\/uploads\/2018\/10\/Kr\u016bvio-apra\u0161as-1-PRIEDAS.doc\">\u010dia<\/a><a style=\"color: #000000;\" href=\"http:\/\/www.jasiunupagrindine.salcininkai.lm.lt\/wp-content\/uploads\/2020\/01\/Mokini\u0173-darb\u0173-kr\u016bvio-reguliavimo-tvarka.docx\">.<\/a><\/span><\/p>\n<p><span style=\"font-family: 'times new roman', times, serif; font-size: 12pt; color: #000000;\"><a style=\"color: #000000;\" href=\"http:\/\/www.jasiunupagrindine.salcininkai.lm.lt\/wp-content\/uploads\/2020\/01\/NEFORMALIOJO-\u0160VIETIMO-ORGANIZAVIMO-TVARKOS-APRA\u0160AS.docx\">Neformaliojo \u0161vietimo organizavimo tvarkos apra\u0161as<\/a><\/span><\/p>\n<p><span style=\"color: #000000;\"><span style=\"font-size: 12pt; font-family: 'times new roman', times, serif;\"><a style=\"color: #000000;\" href=\"http:\/\/www.jasiunupagrindine.salcininkai.lm.lt\/wp-content\/uploads\/2020\/01\/patycios.doc\">Paty\u010di\u0173 prevencijos, intervencijos ir steb\u0117senos vykdymo tvarkos apra\u0161as<\/a>&nbsp; &nbsp; Reagavimo planas <a style=\"color: #000000;\" href=\"http:\/\/www.jasiunupagrindine.salcininkai.lm.lt\/wp-content\/uploads\/2018\/10\/priedas-patyciu.doc\">\u010dia<\/a><\/span>.<\/span><\/p>\n<p><span style=\"font-family: 'times new roman', times, serif; font-size: 12pt; color: #000000;\"><a style=\"color: #000000;\" href=\"http:\/\/www.jasiunupagrindine.salcininkai.lm.lt\/wp-content\/uploads\/2020\/01\/krizi\u0173-valdymo-tvarkos-apra\u0161as.doc\">Krizi\u0173 valdymo tvarkos apra\u0161as<\/a><\/span><\/p>\n<p><span style=\"font-family: 'times new roman', times, serif; color: #000000;\"><a style=\"color: #000000;\" href=\"http:\/\/www.jasiunupagrindine.salcininkai.lm.lt\/wp-content\/uploads\/2025\/01\/20250120113552.pdf\">Elektroninio dienyno naudojimo tvarkos apra\u0161as<\/a><\/span><\/p>\n<p><span style=\"font-family: 'times new roman', times, serif; font-size: 12pt; color: #000000;\"><a style=\"color: #000000;\" href=\"http:\/\/www.jasiunupagrindine.salcininkai.lm.lt\/wp-content\/uploads\/2020\/01\/Bendravimo-ir-bendradarbiavimo-tvarka-1.doc\">Bendravimo ir bendradarbiavimo su mokini\u0173 t\u0117vais tvarka<\/a><\/span><\/p>\n<p><span style=\"font-family: 'times new roman', times, serif; font-size: 12pt; color: #000000;\"><a style=\"color: #000000;\" href=\"http:\/\/www.jasiunupagrindine.salcininkai.lm.lt\/wp-content\/uploads\/2021\/02\/20210211105451.pdf\">Mokini\u0173 t\u0117v\u0173(glob\u0117j\u0173\/r\u016bpintoj\u0173) informavimo ir \u0161vietimo tvarka<\/a><\/span><\/p>\n<p><span style=\"color: #000000; font-family: 'times new roman', times, serif; font-size: 12pt;\"><a style=\"color: #000000;\" href=\"http:\/\/www.jasiunupagrindine.salcininkai.lm.lt\/wp-content\/uploads\/2021\/02\/V-88-Priedas-Priemimo-ir-atleidimo-is-darbo-tvarka.docx\">Darbuotoj\u0173 pri\u0117mimo ir atleidimo i\u0161 darbo tvarka<\/a><\/span><\/p>\n<p><span style=\"color: #000000; font-family: 'times new roman', times, serif; font-size: 12pt;\"><a style=\"color: #000000;\" href=\"http:\/\/www.jasiunupagrindine.salcininkai.lm.lt\/wp-content\/uploads\/2021\/02\/kvalifikacijos-kelimo-tvarka.docx\">Mokytoj\u0173 kvalifikacijos k\u0117limo tvarka<\/a><\/span><\/p>\n<p><span style=\"font-size: 12pt; font-family: 'times new roman', times, serif; color: #000000;\"><a style=\"color: #000000;\" href=\"http:\/\/www.jasiunupagrindine.salcininkai.lm.lt\/wp-content\/uploads\/2020\/01\/darbuotoj\u0173-veiklos-vertinimo-apra\u0161as-1.doc\">Darbuotoj\u0173 veiklos vertinimo apra\u0161as<\/a><\/span><\/p>\n<p><span style=\"font-family: 'times new roman', times, serif; font-size: 12pt; color: #000000;\"><a style=\"color: #000000;\" href=\"http:\/\/www.jasiunupagrindine.salcininkai.lm.lt\/wp-content\/uploads\/2020\/01\/darbo-grafiku-tvarka.docx\">Darbo grafik\u0173 sudarymo ir derinimo tvarka<\/a><\/span><\/p>\n<p><span style=\"font-family: 'times new roman', times, serif; font-size: 12pt; color: #000000;\"><a style=\"color: #000000;\" href=\"http:\/\/www.jasiunupagrindine.salcininkai.lm.lt\/wp-content\/uploads\/2020\/01\/nuotoliniu-budu-mokytojo-darbo-laiko-apskaitos-tvarka.docx\">Nuotoliniu b\u016bdu mokytojo darbo laiko apskaitos tvarka<\/a><\/span><\/p>\n<p><span style=\"color: #000000; font-family: 'times new roman', times, serif; font-size: 12pt;\"><a style=\"color: #000000;\" href=\"http:\/\/www.jasiunupagrindine.salcininkai.lm.lt\/wp-content\/uploads\/2020\/11\/darbuotoju_darbo-apmokejimo-sistema2020.doc\">Darbuotoj\u0173 darbo apmok\u0117jimo sistema<\/a><\/span><\/p>\n<p><span style=\"font-family: 'times new roman', times, serif; font-size: 12pt; color: #000000;\"><a style=\"color: #000000;\" href=\"http:\/\/www.jasiunupagrindine.salcininkai.lm.lt\/wp-content\/uploads\/2020\/01\/UGDOMOSIOS-VEIKLOS-STEB\u0116SENOS-TVARKOS-APRA\u0160AS.docx\">Ugdomosios veiklos steb\u0117senos tvarkos apra\u0161as<\/a><\/span><\/p>\n<p><span style=\"font-family: 'times new roman', times, serif; font-size: 12pt; color: #000000;\"><a style=\"color: #000000;\" href=\"http:\/\/www.jasiunupagrindine.salcininkai.lm.lt\/wp-content\/uploads\/2021\/02\/Kolegialaus-griztamojo-rysio-tvarkos-aprasas-2019.doc\">Kolegialaus gr\u012f\u017etamojo ry\u0161io tvarkos apra\u0161as<\/a><\/span><\/p>\n<p><span style=\"font-family: 'times new roman', times, serif; font-size: 12pt; color: #000000;\"><a style=\"color: #000000;\" href=\"http:\/\/www.jasiunupagrindine.salcininkai.lm.lt\/wp-content\/uploads\/2021\/02\/etikos-kodeksas.docx\">Pedagog\u0173 etikos kodeksas<\/a><\/span><\/p>\n<h4><span style=\"color: #000000;\"><a style=\"color: #000000;\" href=\"http:\/\/www.jasiunupagrindine.salcininkai.lm.lt\/wp-content\/uploads\/2025\/03\/ASMENS-DUOMENU-SAUGOJIMO-POLITIKA.docx\">Asmens duomen\u0173 saugojimo politika<\/a><\/span><\/h4>\n<p><span style=\"color: #000000; font-size: 12pt; font-family: 'times new roman', times, serif;\"><a style=\"color: #000000;\" href=\"http:\/\/www.jasiunupagrindine.salcininkai.lm.lt\/wp-content\/uploads\/2020\/12\/lygi-galimybi-tvarkos-apra-as-1.docx\">Lygi\u0173 galimybi\u0173 tvarkos apra\u0161as<\/a><\/span><\/p>\n<p><span style=\"font-family: 'times new roman', times, serif; font-size: 12pt; color: #000000;\"><a style=\"color: #000000;\" href=\"http:\/\/www.jasiunupagrindine.salcininkai.lm.lt\/wp-content\/uploads\/2020\/01\/DARBO-TARYBOS-ATLIEKAM\u0172-FUNKCIJ\u0172-IR-DARBO-ORGANIZAVIMO-TVARKA.pdf\"><span style=\"font-size: 12pt; font-family: 'times new roman', times, serif;\">Darbo tarybos atliekam<\/span>\u0173 funkcij\u0173 ir darbo organizavimo tvarka<\/a><\/span><\/p>\n<p><span style=\"font-family: 'times new roman', times, serif; color: #000000;\"><a style=\"color: #000000;\" href=\"http:\/\/www.jasiunupagrindine.salcininkai.lm.lt\/wp-content\/uploads\/2021\/02\/Vidaus-kontrol\u0117s-\u012fgyvendinimo-mokykloje-tvarkos-apra\u0161as.pdf\">Vidaus kontrol\u0117s \u012fgyvendinimo mokykloje tvarkos apra\u0161as<\/a><\/span><\/p>\n<p><span style=\"color: #000000;\"><a style=\"color: #000000;\" href=\"http:\/\/www.jasiunupagrindine.salcininkai.lm.lt\/wp-content\/uploads\/2023\/03\/Darbuotoj\u0173-asmens-duomen\u0173-apsaugos-mokym\u0173-tvarkos-apra\u0161as.docx\" target=\"_blank\" rel=\"noopener\">Darbuotoj\u0173 asmens duomen\u0173 apsaugos mokym\u0173 organizavimo ir vykdymo tvarkos<\/a><\/span><\/p>\n<p><span style=\"color: #000000;\"><a style=\"color: #000000;\" href=\"http:\/\/www.jasiunupagrindine.salcininkai.lm.lt\/wp-content\/uploads\/2023\/05\/PIRMOSIOS-PAGALBOS-ORGANIZAVIMO-TVARKOS-APRA\u0160AS-1.docx\" target=\"_blank\" rel=\"noopener\">Pirmosios pagalbos organizavimo tvarkos apra\u0161as<\/a><\/span><\/p>\n<p><span style=\"color: #000000;\"><a style=\"color: #000000;\" href=\"http:\/\/www.jasiunupagrindine.salcininkai.lm.lt\/wp-content\/uploads\/2023\/10\/MOKINI\u0172-I\u0160LEIDIMO-PAMOK\u0172-IR-PERTRAUK\u0172-METU.docx\">Mokini\u0173 i\u0161leidimo pamok\u0173 ir pertrauk\u0173 metu <\/a><\/span><\/p>\n<p><span style=\"color: #000000;\"><a style=\"color: #000000;\" href=\"http:\/\/www.jasiunupagrindine.salcininkai.lm.lt\/wp-content\/uploads\/2025\/11\/mob._tel._tvarka_1-2.docx\">Mobli\u0173j\u0173 telefon\u0173 naudojimosi tvarka<\/a><\/span><\/p>\n<p>&nbsp;<\/p>\n<p>&nbsp;<\/p>\n\n","protected":false},"excerpt":{"rendered":"<p>Dokumentai Mokini\u0173 pa\u017eangos ir pasiekim\u0173 vertinimo tvarkos apra\u0161as T\u0117v\u0173 informavimo ir bendradarbiavimo tvarkos apra\u0161as Ugdymo proceso organizavimas nuotoliniu b\u016bdu Darbuotoj\u0173 psichologinio saugumo u\u017etikrinimo \u0160al\u010dinink\u0173 r. Ja\u0161i\u016bn\u0173 pagr. mokykloje politikos \u012fgyvendinimo tvarkos apra\u0161as Mokini\u0173 pri\u0117mimas \u012f \u0160al\u010dinink\u0173 rajono savivaldyb\u0117s bendrojo ugdymo &hellip; <a href=\"http:\/\/www.jasiunupagrindine.salcininkai.lm.lt\/?page_id=2023\">Skaitykite toliau <span class=\"meta-nav\">&rarr;<\/span><\/a><\/p>\n","protected":false},"author":6,"featured_media":0,"parent":0,"menu_order":0,"comment_status":"closed","ping_status":"closed","template":"","meta":{"ngg_post_thumbnail":0,"footnotes":""},"class_list":["post-2023","page","type-page","status-publish","hentry"],"_links":{"self":[{"href":"http:\/\/www.jasiunupagrindine.salcininkai.lm.lt\/index.php?rest_route=\/wp\/v2\/pages\/2023","targetHints":{"allow":["GET"]}}],"collection":[{"href":"http:\/\/www.jasiunupagrindine.salcininkai.lm.lt\/index.php?rest_route=\/wp\/v2\/pages"}],"about":[{"href":"http:\/\/www.jasiunupagrindine.salcininkai.lm.lt\/index.php?rest_route=\/wp\/v2\/types\/page"}],"author":[{"embeddable":true,"href":"http:\/\/www.jasiunupagrindine.salcininkai.lm.lt\/index.php?rest_route=\/wp\/v2\/users\/6"}],"replies":[{"embeddable":true,"href":"http:\/\/www.jasiunupagrindine.salcininkai.lm.lt\/index.php?rest_route=%2Fwp%2Fv2%2Fcomments&post=2023"}],"version-history":[{"count":81,"href":"http:\/\/www.jasiunupagrindine.salcininkai.lm.lt\/index.php?rest_route=\/wp\/v2\/pages\/2023\/revisions"}],"predecessor-version":[{"id":23267,"href":"http:\/\/www.jasiunupagrindine.salcininkai.lm.lt\/index.php?rest_route=\/wp\/v2\/pages\/2023\/revisions\/23267"}],"wp:attachment":[{"href":"http:\/\/www.jasiunupagrindine.salcininkai.lm.lt\/index.php?rest_route=%2Fwp%2Fv2%2Fmedia&parent=2023"}],"curies":[{"name":"wp","href":"https:\/\/api.w.org\/{rel}","templated":true}]}}