{"id":2029,"date":"2017-02-03T08:16:53","date_gmt":"2017-02-03T06:16:53","guid":{"rendered":"http:\/\/www.jasiunupagrindine.salcininkai.lm.lt\/?page_id=2029"},"modified":"2025-11-02T07:59:09","modified_gmt":"2025-11-02T05:59:09","slug":"soc-pedagogo-paslaugos","status":"publish","type":"page","link":"http:\/\/www.jasiunupagrindine.salcininkai.lm.lt\/?page_id=2029","title":{"rendered":"Soc.pedagogo paslaugos"},"content":{"rendered":"<p><img loading=\"lazy\" decoding=\"async\" class=\"alignnone wp-image-4673\" src=\"http:\/\/www.jasiunupagrindine.salcininkai.lm.lt\/wp-content\/uploads\/2018\/10\/vaikai.jpg\" alt=\"\" width=\"270\" height=\"285\" srcset=\"http:\/\/www.jasiunupagrindine.salcininkai.lm.lt\/wp-content\/uploads\/2018\/10\/vaikai.jpg 219w, http:\/\/www.jasiunupagrindine.salcininkai.lm.lt\/wp-content\/uploads\/2018\/10\/vaikai-142x150.jpg 142w\" sizes=\"auto, (max-width: 270px) 100vw, 270px\" \/><\/p>\n<p><span style=\"font-family: 'times new roman', times, serif; font-size: 12pt;\"><strong>Socialin\u0117 pedagog\u0117 \u2013 Natalija Eglit<\/strong><\/span><\/p>\n<p>Socialin\u0117s pedagog\u0117s darbo grafik\u0105 rasite <a href=\"http:\/\/www.jasiunupagrindine.salcininkai.lm.lt\/wp-content\/uploads\/2025\/11\/20251031135756-1.pdf\">\u010dia<\/a><\/p>\n<p>&nbsp;<\/p>\n<p>&nbsp;<\/p>\n<p><span style=\"font-family: 'times new roman', times, serif; font-size: 12pt;\"><strong>Emocin\u0117 parama telefonu teikiama \u0161iais kontaktais:<\/strong><\/span><\/p>\n<table>\n<tbody>\n<tr>\n<td><span style=\"font-family: 'times new roman', times, serif; font-size: 12pt;\"><strong>Emocin\u0117s paramos tarnyba<\/strong><\/span><\/td>\n<td><span style=\"font-family: 'times new roman', times, serif; font-size: 12pt;\"><strong>Telefono numeris<\/strong><\/span><\/td>\n<td><span style=\"font-family: 'times new roman', times, serif; font-size: 12pt;\"><strong>Darbo laikas<\/strong><\/span><\/td>\n<\/tr>\n<tr>\n<td><span style=\"font-family: 'times new roman', times, serif; font-size: 12pt;\"><strong>Jaunimo linija<br \/>\n<\/strong>Budi savanoriai konsultantai<\/span><\/td>\n<td><span style=\"font-family: 'times new roman', times, serif; font-size: 12pt;\">8 800 28888<\/span><\/td>\n<td><span style=\"font-family: 'times new roman', times, serif; font-size: 12pt;\">I-VII <\/span><br \/>\n<span style=\"font-family: 'times new roman', times, serif; font-size: 12pt;\">vis\u0105 par\u0105<\/span><\/td>\n<\/tr>\n<tr>\n<td><span style=\"font-family: 'times new roman', times, serif; font-size: 12pt;\"><strong>Vaik\u0173 linija<\/strong> <\/span><br \/>\n<span style=\"font-family: 'times new roman', times, serif; font-size: 12pt;\">Budi savanoriai konsultantai, profesionalai<\/span><\/td>\n<td><span style=\"font-family: 'times new roman', times, serif; font-size: 12pt;\">116 111<\/span><\/td>\n<td><span style=\"font-family: 'times new roman', times, serif; font-size: 12pt;\">I-VII <\/span><br \/>\n<span style=\"font-family: 'times new roman', times, serif; font-size: 12pt;\">11:00 &#8211; 21:00<\/span><\/td>\n<\/tr>\n<tr>\n<td><span style=\"font-family: 'times new roman', times, serif; font-size: 12pt;\"><strong>Linija Doverija (parama teikiama rus\u0173 kalba)<\/strong> <\/span><br \/>\n<span style=\"font-family: 'times new roman', times, serif; font-size: 12pt;\">Budi savanoriai konsultantai. Pagalba skirta paaugliams ir jaunimui.<\/span><\/td>\n<td><span style=\"font-family: 'times new roman', times, serif; font-size: 12pt;\">8 800 77277<\/span><\/td>\n<td><span style=\"font-family: 'times new roman', times, serif; font-size: 12pt;\">II-VI <\/span><br \/>\n<span style=\"font-family: 'times new roman', times, serif; font-size: 12pt;\">16.00 &#8211; 20.00<\/span><\/td>\n<\/tr>\n<tr>\n<td><span style=\"font-family: 'times new roman', times, serif; font-size: 12pt;\"><strong>Pagalbos moterims linija<\/strong> <\/span><br \/>\n<span style=\"font-family: 'times new roman', times, serif; font-size: 12pt;\">Budi profesionalai, savanoriai konsultantai<\/span><\/td>\n<td><span style=\"font-family: 'times new roman', times, serif; font-size: 12pt;\">8 800 66366<\/span><\/td>\n<td><span style=\"font-family: 'times new roman', times, serif; font-size: 12pt;\">I-VII <\/span><br \/>\n<span style=\"font-family: 'times new roman', times, serif; font-size: 12pt;\">vis\u0105 par\u0105<\/span><\/td>\n<\/tr>\n<tr>\n<td><span style=\"font-family: 'times new roman', times, serif; font-size: 12pt;\"><strong>Vilties linija <\/strong><\/span><br \/>\n<span style=\"font-family: 'times new roman', times, serif; font-size: 12pt;\">Budi profesionalai, savanoriai konsultantai<\/span><\/td>\n<td><span style=\"font-family: 'times new roman', times, serif; font-size: 12pt;\">116 123<\/span><\/td>\n<td><span style=\"font-family: 'times new roman', times, serif; font-size: 12pt;\">I-VII <\/span><br \/>\n<span style=\"font-family: 'times new roman', times, serif; font-size: 12pt;\">vis\u0105 par\u0105<\/span><\/td>\n<\/tr>\n<\/tbody>\n<\/table>\n<p><span style=\"font-family: 'times new roman', times, serif; font-size: 12pt;\"><strong>T\u0117v\u0173 linija<\/strong> &#8211; konsultacin\u0117 pagalba telefonu pozityvios t\u0117vyst\u0117s klausimais, kylan\u010diais t\u0117vams, \u012ft\u0117viams, glob\u0117jams. Kiekvien\u0105 vakar\u0105, darbo dienomis nuo 17 iki 21 val., t\u0117vai gali paskambinti nemokamu numeriu <strong>8 800 900 12<\/strong> ir su psichologu pasikonsultuoti jiems r\u016bpimais vaik\u0173 aukl\u0117jimo klausimais. Specialistai pasireng\u0119 pad\u0117ti t\u0117vams suprasti vaik\u0173 elges\u012f, patarti d\u0117l da\u017enai kylan\u010di\u0173 bendravimo su vaiku problem\u0173 \u012fvairiais am\u017eiaus tarpsniais ir rasti geriausi\u0105 sprendim\u0105. Taip pat pad\u0117ti nusiraminti, o jei reikia, ir suvaldyti pykt\u012f, kai situacija yra \u012ftempta.<\/span><\/p>\n<p><span style=\"font-family: 'times new roman', times, serif; font-size: 12pt;\">Skambu\u010dius \u012f visas linijas apmoka Socialin\u0117s apsaugos ir darbo ministerija i\u0161 valstyb\u0117s biud\u017eeto l\u0117\u0161\u0173.<\/span><br \/>\n<span style=\"font-family: 'times new roman', times, serif; font-size: 12pt;\">Daugiau informacijos \u2013 puslapyje www.klausau.lt<\/span><\/p>\n<p>&nbsp;<\/p>\n<p><strong><span style=\"font-family: 'times new roman', times, serif; font-size: 12pt;\">NAUDINGOS NUORODOS<\/span><\/strong><\/p>\n<p><strong><span style=\"font-family: 'times new roman', times, serif; font-size: 12pt;\"><a href=\"https:\/\/www.nsa.smm.lt\/\">https:\/\/www.nsa.smm.lt\/<\/a><\/span><\/strong><\/p>\n<p>&nbsp;<\/p>\n","protected":false},"excerpt":{"rendered":"<p>Socialin\u0117 pedagog\u0117 \u2013 Natalija Eglit Socialin\u0117s pedagog\u0117s darbo grafik\u0105 rasite \u010dia &nbsp; &nbsp; Emocin\u0117 parama telefonu teikiama \u0161iais kontaktais: Emocin\u0117s paramos tarnyba Telefono numeris Darbo laikas Jaunimo linija Budi savanoriai konsultantai 8 800 28888 I-VII vis\u0105 par\u0105 Vaik\u0173 linija Budi &hellip; <a href=\"http:\/\/www.jasiunupagrindine.salcininkai.lm.lt\/?page_id=2029\">Skaitykite toliau <span class=\"meta-nav\">&rarr;<\/span><\/a><\/p>\n","protected":false},"author":6,"featured_media":0,"parent":0,"menu_order":0,"comment_status":"closed","ping_status":"closed","template":"","meta":{"ngg_post_thumbnail":0,"footnotes":""},"class_list":["post-2029","page","type-page","status-publish","hentry"],"_links":{"self":[{"href":"http:\/\/www.jasiunupagrindine.salcininkai.lm.lt\/index.php?rest_route=\/wp\/v2\/pages\/2029","targetHints":{"allow":["GET"]}}],"collection":[{"href":"http:\/\/www.jasiunupagrindine.salcininkai.lm.lt\/index.php?rest_route=\/wp\/v2\/pages"}],"about":[{"href":"http:\/\/www.jasiunupagrindine.salcininkai.lm.lt\/index.php?rest_route=\/wp\/v2\/types\/page"}],"author":[{"embeddable":true,"href":"http:\/\/www.jasiunupagrindine.salcininkai.lm.lt\/index.php?rest_route=\/wp\/v2\/users\/6"}],"replies":[{"embeddable":true,"href":"http:\/\/www.jasiunupagrindine.salcininkai.lm.lt\/index.php?rest_route=%2Fwp%2Fv2%2Fcomments&post=2029"}],"version-history":[{"count":15,"href":"http:\/\/www.jasiunupagrindine.salcininkai.lm.lt\/index.php?rest_route=\/wp\/v2\/pages\/2029\/revisions"}],"predecessor-version":[{"id":23248,"href":"http:\/\/www.jasiunupagrindine.salcininkai.lm.lt\/index.php?rest_route=\/wp\/v2\/pages\/2029\/revisions\/23248"}],"wp:attachment":[{"href":"http:\/\/www.jasiunupagrindine.salcininkai.lm.lt\/index.php?rest_route=%2Fwp%2Fv2%2Fmedia&parent=2029"}],"curies":[{"name":"wp","href":"https:\/\/api.w.org\/{rel}","templated":true}]}}