{"id":2188,"date":"2017-02-15T19:31:52","date_gmt":"2017-02-15T17:31:52","guid":{"rendered":"http:\/\/www.jasiunupagrindine.salcininkai.lm.lt\/?page_id=2188"},"modified":"2024-12-27T17:45:54","modified_gmt":"2024-12-27T15:45:54","slug":"projektai","status":"publish","type":"page","link":"http:\/\/www.jasiunupagrindine.salcininkai.lm.lt\/?page_id=2188","title":{"rendered":"Projektai"},"content":{"rendered":"<p style=\"text-align: center;\"><span style=\"font-family: 'times new roman', times, serif; font-size: 12pt;\"><strong>&nbsp; &nbsp; &nbsp;<\/strong><\/span><\/p>\n<p style=\"text-align: center;\"><strong>Projektas \u201eGalimybi\u0173 mokykla\u201c<\/strong><\/p>\n<p><strong>\u0160al\u010dinink\u0173 r. Ja\u0161i\u016bn\u0173 pagrindin\u0117 mokykla<\/strong> partnerio teis\u0117mis dalyvauja projekte \u201eGalimybi\u0173 mokykla\u201c Nr. 10-072-P-0001, kuris&nbsp;yra finansuojamas ES fond\u0173 l\u0117\u0161omis ir bendrojo finansavimo l\u0117\u0161omis<\/p>\n<p>\u0160io projekto tikslas \u2013&nbsp;stiprinti ugdymo, atliepian\u010dio mokini\u0173 am\u017ei\u0173 ir poreikius, kokyb\u0119.<\/p>\n<p>Projekto \u012fgyvendinimas \u2013 nuo 2024 m. baland\u017eio m\u0117n. iki 2027 m. liepos m\u0117n.<\/p>\n<p>Projekto vykdytojas \u2013 Nacionalin\u0117 \u0161vietimo agent\u016bra.<\/p>\n<p>Projektas \u012fgyvendinamas su daugiau nei 800 partneri\u0173.<\/p>\n<p>Bendras projekto biud\u017eetas \u2013 19&nbsp;187&nbsp;021,64 Eur<\/p>\n<p><strong>Projekte numatytos veiklos:<\/strong><\/p>\n<ul>\n<li>inovatyvaus, personalizuoto ugdymo turinio ir priemoni\u0173 k\u016brimas prie\u0161mokykliniame ir pradiniame ugdyme;<\/li>\n<li>didel\u012f mokymosi potencial\u0105 turin\u010di\u0173 mokini\u0173 ugdymo turinio turtinimas;<\/li>\n<li>vadov\u0117li\u0173, skirt\u0173 tautin\u0117ms ma\u017eumoms gimtosioms kalboms mokytis, parengimas;<\/li>\n<li>vadov\u0117li\u0173 bendrojo ugdymo mokykloms \u012fsigijimas \u012ftraukiant ir profesinio mokymo \u012fstaigas, vykdan\u010dias bendrojo ugdymo programas;<\/li>\n<li>visuomeninio ugdymo ir gamtos moksl\u0173 nacionalini\u0173 mokini\u0173 pasiekim\u0173 patikrinim\u0173 (NMPP) 4 ir 8 kl. rengimas.<\/li>\n<\/ul>\n<p>Projekto tikslin\u0117 grup\u0117: mokytojai, \u0161vietimo pagalbos specialistai, mokykl\u0173 vadovai, mokyklos bendruomen\u0117, mokiniai ir ugdytiniai, tyr\u0117jai, Nacionalin\u0117s \u0161vietimo agent\u016bros darbuotojai.<\/p>\n<p><em>Projektas Nr. 10-072-P-0001 \u012fgyvendinamas pagal 2021\u20132030 m. \u0161vietimo pl\u0117tros programos valdytojos Lietuvos Respublikos \u0161vietimo, mokslo ir sporto ministerijos \u0161vietimo pl\u0117tros programos pa\u017eangos priemon\u0119 Nr. 12-003-03-01-03 \u201eU\u017etikrinti visiems prieinam\u0105 \u0161iuolaikin\u012f ugdymo turin\u012f\u201c.<\/em><\/p>\n<p>&nbsp;<\/p>\n<p>Daugiau informacijos apie projekt\u0105 galima rasti projekto vykdytojo Nacionalin\u0117s \u0161vietimo agent\u016bros tinklapyje:&nbsp;<a href=\"https:\/\/www.nsa.smm.lt\/projektai\/vykdomi-projektai\/projektas-galimybiu-mokykla\/\">https:\/\/www.nsa.smm.lt\/projektai\/vykdomi-projektai\/projektas-galimybiu-mokykla\/<\/a><\/p>\n<p style=\"text-align: center;\"><span style=\"font-family: 'times new roman', times, serif; font-size: 12pt;\"><strong>Mokykl\u0173 apr\u016bpinimas gamtos ir technologini\u0173 moksl\u0173 priemon\u0117mis<\/strong><\/span><\/p>\n<p><img loading=\"lazy\" decoding=\"async\" class=\"size-medium wp-image-8976 aligncenter\" src=\"http:\/\/www.jasiunupagrindine.salcininkai.lm.lt\/wp-content\/uploads\/2020\/06\/kuriame-lietuvos-ateit\u012f-image-300x139.jpg\" alt=\"\" width=\"300\" height=\"139\" srcset=\"http:\/\/www.jasiunupagrindine.salcininkai.lm.lt\/wp-content\/uploads\/2020\/06\/kuriame-lietuvos-ateit\u012f-image-300x139.jpg 300w, http:\/\/www.jasiunupagrindine.salcininkai.lm.lt\/wp-content\/uploads\/2020\/06\/kuriame-lietuvos-ateit\u012f-image-150x70.jpg 150w, http:\/\/www.jasiunupagrindine.salcininkai.lm.lt\/wp-content\/uploads\/2020\/06\/kuriame-lietuvos-ateit\u012f-image-768x357.jpg 768w, http:\/\/www.jasiunupagrindine.salcininkai.lm.lt\/wp-content\/uploads\/2020\/06\/kuriame-lietuvos-ateit\u012f-image-624x290.jpg 624w, http:\/\/www.jasiunupagrindine.salcininkai.lm.lt\/wp-content\/uploads\/2020\/06\/kuriame-lietuvos-ateit\u012f-image.jpg 930w\" sizes=\"auto, (max-width: 300px) 100vw, 300px\" \/><\/p>\n<p style=\"text-align: justify;\"><span style=\"font-family: 'times new roman', times, serif; font-size: 12pt;\">\u0160al\u010dinink\u0173 r. Ja\u0161i\u016bn\u0173 pagrindin\u0117 mokykla dalyvauja Europos S\u0105jungos strukt\u016brini\u0173 fond\u0173 finansuojamame projekte &#8222;Mokykl\u0173 apr\u016bpinimas gamtos ir technologini\u0173 moksl\u0173 priemon\u0117mis&#8221; (projekto kodas Nr.09.1.3-CPVA-V704-02-0001).<\/span><\/p>\n<p><span style=\"font-family: 'times new roman', times, serif; font-size: 12pt;\"><strong>Projekto tikslas<\/strong>&nbsp;\u2013 didinti bendrojo ugdymo \u012fstaig\u0173 tinklo veiklos efektyvum\u0105.<\/span><\/p>\n<p><span style=\"font-family: 'times new roman', times, serif; font-size: 12pt;\"><strong>Projekto u\u017edavinys<\/strong>&nbsp;\u2013 modernizuoti gamtos ir technologini\u0173 moksl\u0173 mokymo(si) aplink\u0105.<\/span><\/p>\n<p style=\"text-align: justify;\"><span style=\"font-family: 'times new roman', times, serif; font-size: 12pt;\">Gautos priemon\u0117s s\u0117kmingai naudojamos 1-4 klasi\u0173&nbsp; mokini\u0173 gamtos moksl\u0173 mokymui ir tyrin\u0117jimams.&nbsp;&nbsp;<\/span><\/p>\n<p style=\"text-align: justify;\"><span style=\"font-family: 'times new roman', times, serif; font-size: 12pt;\">Daugiau informacijos apie projekt\u0105 rasite:<\/span><\/p>\n<p><a href=\"http:\/\/www.vedlys.smm.lt\/\">http:\/\/www.vedlys.smm.lt\/&nbsp;&nbsp;<\/a><\/p>\n<p>&nbsp;<\/p>\n<p style=\"text-align: center;\" align=\"JUSTIFY\"><span style=\"font-family: 'Times New Roman', serif;\"><span style=\"font-size: medium;\"><b>Apie projekt\u0105 \u201eMokymasis b\u016bti\u201c<\/b><\/span><\/span><\/p>\n<p align=\"JUSTIFY\"><span style=\"font-family: 'Times New Roman', serif;\"><span style=\"font-size: medium;\"><i>Ja\u0161i\u016bn\u0173 pagrindin\u0117 mokykla <\/i><\/span><\/span><span style=\"font-family: 'Times New Roman', serif;\"><span style=\"font-size: medium;\">dalyvauja tarptautiniame \u0161vietimo eksperimentiniame projekte \u201cMokymasis b\u016bti\u201d (angl. \u201eLearning to Be\u201c). \u201eMokymasis b\u016bti: Socialini\u0173, emocini\u0173 ir sveikos gyvensenos \u012fg\u016bd\u017ei\u0173 vertinimo praktikos bei metodik\u0173 pl\u0117tojimas \u0161vietimo sistemose\u201c yra eksperimentinis projektas, suvienij\u0119s \u0161vietimo institucijas, mokytojus ir mokslininkus septyniose Europos \u0161alyse: Lietuvoje, Latvijoje, Slov\u0117nijoje, Italijoje, Ispanijoje, Portugalijoje ir Suomijoje. Projekto trukm\u0117 \u2013 2017\u20132020 m. \u0160iuo laikotarpiu projekto komanda siekia sukurti ir mokyklose i\u0161bandyti metodini\u0173 \u012franki\u0173 rinkin\u012f, skirt\u0105 pad\u0117ti \u012fvertinti mokini\u0173 socialinius ir emocinius bei sveikos gyvensenos \u012fg\u016bd\u017eius. Komandos nariai taip pat siekia i\u0161tirti, kaip pagerinti \u0161i\u0173 geb\u0117jim\u0173 ugdym\u0105 mokyklose ir visoje \u0161vietimo sistemoje. Lietuvoje projekte dalyvaus i\u0161 viso 20 mokykl\u0173, 500 mokytoj\u0173 ir 1000 mokini\u0173. Projektas \u012fgyvendinamas pagal Europos s\u0105jungos program\u0105 Erasmus+. Daugiau apie projekt\u0105: <a href=\"http:\/\/www.learningtobe.net\">www.learningtobe.net<\/a> <\/span><\/span><\/p>\n<p align=\"JUSTIFY\"><span style=\"font-family: 'Times New Roman', serif;\"><span style=\"font-size: medium;\"><b>Tyrimo tikslai<\/b><\/span><\/span><\/p>\n<p align=\"JUSTIFY\"><span style=\"font-family: 'Times New Roman', serif;\"><span style=\"font-size: medium;\">Projekto metu 2018-2019 mokslo metais mokyklose bus vykdomos mokini\u0173 ir mokytoj\u0173 apklausos, kuri\u0173 tikslas \u012fvertinti projekto veikl\u0173 poveik\u012f mokytoj\u0173 ir mokini\u0173 kompetencij\u0173 ugdymui, santykiams ir savijautai mokyklose. Tyrimo metu nebus vertinami asmeniniai dalyvi\u0173 geb\u0117jimai ar savyb\u0117s, o tiriam\u0173j\u0173 pateikti rezultatai netur\u0117s jokios \u012ftakos j\u0173 tolesniam mokymuisi. Tyrime nagrin\u0117jamos temos: \u012fsitraukimas \u012f mokyklos veiklas ir motyvacija mokytis; fizin\u0117 ir psichologin\u0117 savijauta; paty\u010dios; \u017ealing\u0173 med\u017eiag\u0173 vartojimas; pasitik\u0117jimas savimi; socialiniai ir emociniai geb\u0117jimai (pvz. geb\u0117jimas bendrauti, spr\u0119sti konfliktus, \u012fveikti sunkumus); demografinius klausimai.<\/span><\/span><\/p>\n<p style=\"text-align: center;\">&nbsp;<\/p>\n<hr>\n<p style=\"text-align: center;\">&nbsp;<\/p>\n<p style=\"text-align: center;\"><span style=\"font-family: 'times new roman', times, serif; font-size: 12pt;\"><b><img loading=\"lazy\" decoding=\"async\" class=\"wp-image-7147 alignleft\" src=\"http:\/\/www.jasiunupagrindine.salcininkai.lm.lt\/wp-content\/uploads\/2019\/10\/Olweus-logo-LT-300x130.png\" alt=\"\" width=\"215\" height=\"93\" srcset=\"http:\/\/www.jasiunupagrindine.salcininkai.lm.lt\/wp-content\/uploads\/2019\/10\/Olweus-logo-LT-300x130.png 300w, http:\/\/www.jasiunupagrindine.salcininkai.lm.lt\/wp-content\/uploads\/2019\/10\/Olweus-logo-LT-150x65.png 150w, http:\/\/www.jasiunupagrindine.salcininkai.lm.lt\/wp-content\/uploads\/2019\/10\/Olweus-logo-LT.png 390w\" sizes=\"auto, (max-width: 215px) 100vw, 215px\" \/>OLWEUS programa <\/b><\/span><\/p>\n<p style=\"text-align: center;\" align=\"CENTER\"><span style=\"font-family: 'times new roman', times, serif; font-size: 12pt;\"><b>OLWEUS PATY\u010cI\u0172 IR SMURTO PROGRAMOS \u012eGYVENDINIMAS MOKYKLOJE<\/b><\/span><\/p>\n<p style=\"text-align: justify;\" align=\"JUSTIFY\"><span style=\"font-family: 'times new roman', times, serif; font-size: 12pt;\">Mieli t\u0117vai \/ glob\u0117jai, J\u016bs\u0173 vaiko mokykloje prad\u0117ta diegti Olweus paty\u010di\u0173 prevencijos programa. \u0160i programa paremta daugybe mokslini\u0173 tyrim\u0173, be to, ji efektyviai ma\u017eina paty\u010di\u0173 atvej\u0173 skai\u010di\u0173 mokyklose. \u0160i programa taip pat padeda paversti mokykl\u0105 saugesne ir geresne vieta, kurioje mokiniai gali ramiai mokytis. Nors programa yra \u012fgyvendinama mokykloje, mums taip pat reik\u0117s ir j\u016bs\u0173 pagalbos. J\u016bs galite su savo vaiku pasikalb\u0117ti apie paty\u010dias ir m\u016bs\u0173 mokyklos prie\u0161 paty\u010dias nukreiptas elgesio taisykles namuose. Mes norime dirbti kartu ir bendradarbiauti su jumis, kad u\u017ekirstume keli\u0105 ir sustabdytume paty\u010dias m\u016bs\u0173 mokykloje. Kai kurios \u0161io informacinio biuletenio dalys buvo parengtos remiantis \u201eNeu\u017esimerk. I\u0161tiesk rank\u0105. Sustabdyk paty\u010dias dabar!\u201c kampanijos, kuri\u0105 organizavo Sveikatos i\u0161tekli\u0173 ir paslaug\u0173 administracija, Motinos ir vaiko sveikatos biuras ir Jungtini\u0173 Amerikos Valstij\u0173 sveikatos ir paslaug\u0173 departamentas, med\u017eiaga. Daugiau apie tai rasite: www.StopBullyingNow.hrsa.gov<\/span><\/p>\n<p style=\"text-align: justify;\"><span style=\"font-family: 'times new roman', times, serif; font-size: 12pt;\">OLWEUS PATY\u010cI\u0172 PREVENCIJOS TIKSLAI<\/span><\/p>\n<ul style=\"text-align: justify;\">\n<li><span style=\"font-family: 'times new roman', times, serif; font-size: 12pt;\">Suma\u017einti paty\u010dias tarp mokini\u0173;<\/span><\/li>\n<li><span style=\"font-family: 'times new roman', times, serif; font-size: 12pt;\">U\u017ekirsti keli\u0105 nauj\u0173 paty\u010di\u0173 problem\u0173 atsiradimui;<\/span><\/li>\n<li><span style=\"font-family: 'times new roman', times, serif; font-size: 12pt;\">Siekti geresni\u0173 tarpusavio santyki\u0173 mokykloje.<\/span><\/li>\n<\/ul>\n<p style=\"text-align: justify;\"><span style=\"font-family: 'times new roman', times, serif; font-size: 12pt;\">Vienas svarbiausi\u0173 programos tiksl\u0173 yra mokyklos aplinkos ir atmosferos pertvarkymas, d\u0117l kurio tur\u0117t\u0173 suma\u017e\u0117ti galimybi\u0173 skriausti kitus ir pakantumas u\u017egaulingam elgesiui. Siekiama kurti mokykloje toki\u0105 aplink\u0105, kuri atitikt\u0173 esminius kriterijus:<\/span><\/p>\n<ul style=\"text-align: justify;\">\n<li><span style=\"font-family: 'times new roman', times, serif; font-size: 12pt;\">\u0160iluma, pozityvus susidom\u0117jimas ir suaugusi\u0173j\u0173 aktyvumas;<\/span><\/li>\n<li><span style=\"font-family: 'times new roman', times, serif; font-size: 12pt;\">Grie\u017etos netinkamo elgesio ribos;<\/span><\/li>\n<li><span style=\"font-family: 'times new roman', times, serif; font-size: 12pt;\">Nuoseklus, ta\u010diau ne prie\u0161i\u0161kas ir ne fizinis supa\u017eindinimas su neigiamomis pasekm\u0117mis; kai nesilaikoma nustatyt\u0173 elgesio taisykli\u0173;<\/span><\/li>\n<li><span style=\"font-family: 'times new roman', times, serif; font-size: 12pt;\">Suaugusieji turi atlikti autoriteto ir teigiamo pavyzd\u017eio vaidmen\u012f.<\/span><\/li>\n<\/ul>\n<p style=\"text-align: justify;\"><span style=\"font-family: 'times new roman', times, serif; font-size: 12pt;\">PATY\u010cIOS \u2013 tai, kai kas nors nuolat ir ty\u010dia atlieka skaudinan\u010dius veiksmus arba \u017eemina \u017eod\u017eiais (persekioja) kit\u0105 asmen\u012f, kuriam\/kuriai sunku pa\u010diam\/pa\u010diai apsiginti.<\/span><\/p>\n<p style=\"text-align: justify;\"><span style=\"font-family: 'times new roman', times, serif; font-size: 12pt;\">Asmuo patiria paty\u010dias, kai nuolat susiduria su neigiamais kito asmens ar asmen\u0173 veiksmais ir sunkiai gali apsiginti.<\/span><\/p>\n<p style=\"text-align: justify;\"><span style=\"font-family: 'times new roman', times, serif; font-size: 12pt;\">Neigiamu laikome tok\u012f veiksm\u0105, kai vienas asmuo ty\u010dia su\u017eeid\u017eia ar ver\u010dia kit\u0105 jaustis blogai. Tai gali b\u016bti daroma naudojant fizin\u0119 j\u0117g\u0105, \u017eod\u017eiais arba netiesiogiai, pavyzd\u017eiui, i\u0161stumiant i\u0161 bendros veiklos.<\/span><\/p>\n<p style=\"text-align: justify;\"><span style=\"font-family: 'times new roman', times, serif; font-size: 12pt;\">Taisykl\u0117s nukreiptos prie\u0161 paty\u010dias<\/span><\/p>\n<ol style=\"text-align: justify;\">\n<li>\n<ol>\n<li><span style=\"font-family: 'times new roman', times, serif; font-size: 12pt;\">Mes nesity\u010diosime i\u0161 kit\u0173.<\/span><\/li>\n<li><span style=\"font-family: 'times new roman', times, serif; font-size: 12pt;\">Mes stengsim\u0117s pad\u0117ti tiems mokiniams, i\u0161 kuri\u0173 ty\u010diojasi kiti.<\/span><\/li>\n<li><span style=\"font-family: 'times new roman', times, serif; font-size: 12pt;\">Mes stengsim\u0117s bendrauti su tais, kuriuos atstumia kiti.<\/span><\/li>\n<li><span style=\"font-family: 'times new roman', times, serif; font-size: 12pt;\">Jei su\u017einosime, kad i\u0161 ko nors ty\u010diojamasi, mes apie tai prane\u0161ime suaugusiems progimnazijoje ir\/arba namuose.<\/span><\/li>\n<\/ol>\n<\/li>\n<\/ol>\n<p style=\"text-align: justify;\" align=\"JUSTIFY\"><span style=\"font-family: 'times new roman', times, serif; font-size: 12pt;\">\u0160iuo tikslu mokyklos aplinka pertvarkoma taip, kad ma\u017e\u0117t\u0173 paty\u010dios, ma\u017e\u0117t\u0173 auk\u0173 kan\u010dios, ir ger\u0117t\u0173 mokini\u0173 tarpusavio santykiai, kad nebeatsirast\u0173 toki\u0173 problem\u0173 ateityje.<\/span><\/p>\nngg_shortcode_0_placeholder\n<p style=\"text-align: center;\"><span style=\"color: #000000;\"><strong>OLWEUS PROGRAMOS KOKYB\u0116S U\u017dTIKRINIMO SISTEMOS (OPKUS) VYKDYMAS&nbsp;<\/strong><\/span><\/p>\n<p><span style=\"font-family: 'times new roman', times, serif; color: #000000;\">OLWEUS programos kokyb\u0117s u\u017etikrinimo sistema (toliau \u2013 OPKUS) yra&nbsp; vadybos priemon\u0117, kurios&nbsp; tikslas \u2013 i\u0161laikyti OLWEUS paty\u010di\u0173 prevencijos programos (toliau \u2013 OLWEUS programa) nuostatas ir u\u017etikrinti programoje taikom\u0173 priemoni\u0173 t\u0119stinum\u0105.&nbsp;<\/span><\/p>\n<p><span style=\"font-family: 'times new roman', times, serif; color: #000000;\">Mokykloje taikomos OPKUS priemon\u0117s rei\u0161kia sisteming\u0105 ir ilgalaik\u012f po\u017ei\u016br\u012f \u012f paty\u010di\u0173 prevencij\u0105 ir atitinka OPPP kokyb\u0117s reikalavimus bei pa\u010dios progimnazijos tikslus ir siekius, i\u0161d\u0117stytus kokyb\u0117s plane.&nbsp;<\/span><\/p>\n<p><span style=\"font-family: 'times new roman', times, serif; color: #000000;\">OPKUS turi b\u016bti integruota \u012f visas \u012fprastines mokyklos veiklas. U\u017e integravim\u0105 atsakingi ir Paty\u010di\u0173 prevencijos koordinacinis komitetas, ir mokyklos vadovyb\u0117, ta\u010diau pagrindin\u0119 atsakomyb\u0119 vis d\u0117lto prisiima mokyklos vadovyb\u0117. Kokyb\u0117s plano parengimas yra svarbi \u0161io darbo dalis.&nbsp;<\/span><\/p>\n<p><span style=\"font-family: 'times new roman', times, serif; color: #000000;\">S\u0117kmingai integravus OPKUS \u012f bendr\u0105 mokyklos veikl\u0105, ji ne tik tampa veiksminga paty\u010di\u0173 prevencijos priemone, bet ir prisideda prie teigiamo \u012fvaizd\u017eio k\u016brimo bendruomen\u0117je.<\/span><\/p>\n<p><span style=\"font-family: 'times new roman', times, serif; color: #000000;\">OPKUS diegimas mokykloje:<\/span><\/p>\n<ul>\n<li><span style=\"font-family: 'times new roman', times, serif; color: #000000;\">Padeda i\u0161laikyti mokykloje OLWEUS programos \u012fgyvendinimo laikotarpiu pasiektus rezultatus;&nbsp;<\/span><\/li>\n<li><span style=\"font-family: 'times new roman', times, serif; color: #000000;\">Sudaro prielaidas pasinaudoti personalo kompetencijomis, \u012fgytomis OLWEUS programos vykdymo metu;&nbsp;<\/span><\/li>\n<li><span style=\"font-family: 'times new roman', times, serif; color: #000000;\">Padeda sistemingai vykdyti paty\u010di\u0173 prevencij\u0105;&nbsp;<\/span><\/li>\n<li><span style=\"font-family: 'times new roman', times, serif; color: #000000;\">Suteikia galimyb\u0119 atlikti mokini\u0173 apklaus\u0105 OLWEUS klausimynu ir tokiu b\u016bdu steb\u0117ti paty\u010di\u0173 lygio ir ypatum\u0173 kait\u0105 mokykloje;&nbsp;<\/span><\/li>\n<li><span style=\"font-family: 'times new roman', times, serif; color: #000000;\">Padeda telkti bendruomen\u0119 imantis veiksm\u0173 kovai prie\u0161 paty\u010dias bei leid\u017eia \u012fvertinti t\u0173 veiksm\u0173 efektyvum\u0105.<\/span><\/li>\n<\/ul>\n<p><span style=\"font-family: 'times new roman', times, serif; color: #000000;\">Kod\u0117l reikalinga programa?<\/span><\/p>\n<ul>\n<li><span style=\"font-family: 'times new roman', times, serif; color: #000000;\">Did\u017eiul\u0117s ilgalaik\u0117s pasekm\u0117s:<\/span><\/li>\n<\/ul>\n<ol>\n<li><span style=\"font-family: 'times new roman', times, serif; color: #000000;\">Aukoms: pa\u017eeminimas, depresija, baim\u0117, sav\u0119s nuvertinimas, mokyklos nelankymas, mintys apie savi\u017eudyb\u0119, smurtin\u0117s reakcijos.<\/span><\/li>\n<li><span style=\"font-family: 'times new roman', times, serif; color: #000000;\">Skriaud\u0117jams: neretai tampa nusikalt\u0117liais \u2013 vagia, chuligani\u0161kai elgiasi, vartoja alkohol\u012f.<\/span><\/li>\n<li><span style=\"font-family: 'times new roman', times, serif; color: #000000;\">Mokyklos sistemai: prarasta garb\u0117 ir pasitik\u0117jimas, psichologin\u0117 atmosfera tampa agresyvi ir nesaugi.<\/span><\/li>\n<\/ol>\n<ul>\n<li><span style=\"font-family: 'times new roman', times, serif; color: #000000;\">Reikalinga ilgalaik\u0117 programa, kuri \u012ftraukt\u0173 vis\u0105 mokyklos bendruomen\u0119, ne vien mokytojus.<\/span><\/li>\n<li><span style=\"font-family: 'times new roman', times, serif; color: #000000;\">Programa, kuri b\u016bt\u0173 taikoma visiems mokiniams, ne tik tiems, kurie patiria paty\u010dias.<\/span><\/li>\n<li><span style=\"font-family: 'times new roman', times, serif; color: #000000;\">Daugiau informacijos \u010dia: <a href=\"http:\/\/www.jasiunupagrindine.salcininkai.lm.lt\/wp-content\/uploads\/2022\/06\/OPKUS.docx\">OPKUS<\/a><\/span><\/li>\n<\/ul>\n<p style=\"text-align: justify;\" align=\"JUSTIFY\">&nbsp;<\/p>\n<hr>\n<p>&nbsp;<\/p>\n<p><img decoding=\"async\" class=\"aligncenter\" src=\"http:\/\/www.ssus.lt\/image.php?image=http:\/\/www.ssus.lt\/images_ssus\/654f4d98ca2987bacc5583ad2b3a4914sveikatos.jpg&amp;width=141&amp;height=138\" alt=\"\"><\/p>\n<p>2018 m. m\u016bs\u0173 mokykla dalyvauja projekte \u201eSveikata visus metus\u201c<\/p>\n<p><a href=\"http:\/\/www.jasiunupagrindine.salcininkai.lm.lt\/wp-content\/uploads\/2017\/02\/Kvie\u010diame-dalyvauti-projekte-\u201eSveikata-visus-metus\u201c.html\">kvieciame-dalyvauti-projekte-sveikata-visus-metus<\/a><\/p>\n<p>&nbsp;<\/p>\n<p>&nbsp;<\/p>\n<p>&nbsp;<\/p>\n<p>&nbsp;<\/p>\n","protected":false},"excerpt":{"rendered":"<p>&nbsp; &nbsp; &nbsp; Projektas \u201eGalimybi\u0173 mokykla\u201c \u0160al\u010dinink\u0173 r. Ja\u0161i\u016bn\u0173 pagrindin\u0117 mokykla partnerio teis\u0117mis dalyvauja projekte \u201eGalimybi\u0173 mokykla\u201c Nr. 10-072-P-0001, kuris&nbsp;yra finansuojamas ES fond\u0173 l\u0117\u0161omis ir bendrojo finansavimo l\u0117\u0161omis \u0160io projekto tikslas \u2013&nbsp;stiprinti ugdymo, atliepian\u010dio mokini\u0173 am\u017ei\u0173 ir poreikius, kokyb\u0119. Projekto &hellip; <a href=\"http:\/\/www.jasiunupagrindine.salcininkai.lm.lt\/?page_id=2188\">Skaitykite toliau <span class=\"meta-nav\">&rarr;<\/span><\/a><\/p>\n","protected":false},"author":6,"featured_media":0,"parent":0,"menu_order":0,"comment_status":"closed","ping_status":"closed","template":"","meta":{"ngg_post_thumbnail":0,"footnotes":""},"class_list":["post-2188","page","type-page","status-publish","hentry"],"_links":{"self":[{"href":"http:\/\/www.jasiunupagrindine.salcininkai.lm.lt\/index.php?rest_route=\/wp\/v2\/pages\/2188","targetHints":{"allow":["GET"]}}],"collection":[{"href":"http:\/\/www.jasiunupagrindine.salcininkai.lm.lt\/index.php?rest_route=\/wp\/v2\/pages"}],"about":[{"href":"http:\/\/www.jasiunupagrindine.salcininkai.lm.lt\/index.php?rest_route=\/wp\/v2\/types\/page"}],"author":[{"embeddable":true,"href":"http:\/\/www.jasiunupagrindine.salcininkai.lm.lt\/index.php?rest_route=\/wp\/v2\/users\/6"}],"replies":[{"embeddable":true,"href":"http:\/\/www.jasiunupagrindine.salcininkai.lm.lt\/index.php?rest_route=%2Fwp%2Fv2%2Fcomments&post=2188"}],"version-history":[{"count":22,"href":"http:\/\/www.jasiunupagrindine.salcininkai.lm.lt\/index.php?rest_route=\/wp\/v2\/pages\/2188\/revisions"}],"predecessor-version":[{"id":21404,"href":"http:\/\/www.jasiunupagrindine.salcininkai.lm.lt\/index.php?rest_route=\/wp\/v2\/pages\/2188\/revisions\/21404"}],"wp:attachment":[{"href":"http:\/\/www.jasiunupagrindine.salcininkai.lm.lt\/index.php?rest_route=%2Fwp%2Fv2%2Fmedia&parent=2188"}],"curies":[{"name":"wp","href":"https:\/\/api.w.org\/{rel}","templated":true}]}}