{"id":4796,"date":"2018-10-24T18:46:24","date_gmt":"2018-10-24T15:46:24","guid":{"rendered":"http:\/\/www.jasiunupagrindine.salcininkai.lm.lt\/?page_id=4796"},"modified":"2025-11-02T07:50:28","modified_gmt":"2025-11-02T05:50:28","slug":"logopedas","status":"publish","type":"page","link":"http:\/\/www.jasiunupagrindine.salcininkai.lm.lt\/?page_id=4796","title":{"rendered":"Logopedas"},"content":{"rendered":"<p><strong><span style=\"font-family: 'times new roman', times, serif; font-size: 12pt;\">Logoped\u0117 &#8211; Sviatlana Varonis<\/span><\/strong><\/p>\n<p>Logoped\u0117s darbo grafik\u0105 rasite <a href=\"http:\/\/www.jasiunupagrindine.salcininkai.lm.lt\/wp-content\/uploads\/2025\/11\/20251031135748.pdf\">\u010dia<\/a><\/p>\n<p style=\"text-align: center;\"><strong><span style=\"font-family: 'times new roman', times, serif; font-size: 12pt;\">Logoped\u0117s veikla<\/span><\/strong><\/p>\n<p style=\"text-align: justify;\"><span style=\"font-family: 'times new roman', times, serif; font-size: 12pt;\">TIKSLAS:<\/span><\/p>\n<ul style=\"text-align: justify;\">\n<li><span style=\"font-family: 'times new roman', times, serif; font-size: 12pt;\">teikti krypting\u0105 ir efektyvi\u0105 speciali\u0105j\u0105 logopedin\u0117 pagalb\u0105 mokiniams, turintiems kalbos ir kit\u0173 komunikacijos sutrikim\u0173.<\/span><\/li>\n<\/ul>\n<p style=\"text-align: justify;\"><span style=\"font-family: 'times new roman', times, serif; font-size: 12pt;\">U\u017dDAVINIAI:<\/span><\/p>\n<ol>\n<li style=\"text-align: justify;\"><span style=\"font-family: 'times new roman', times, serif; font-size: 12pt;\">tirti ir koreguoti mokini\u0173 kalbos ir kitos komunikacijos sutrikimus, parenkant tinkamus darbo su mokiniais b\u016bdus ir metodus;<\/span><\/li>\n<li style=\"text-align: justify;\"><span style=\"font-family: 'times new roman', times, serif; font-size: 12pt;\">taikyti mokymo turinio ir mokymo metodikos naujoves praktin\u0117je veikloje;<\/span><\/li>\n<li style=\"text-align: justify;\"><span style=\"font-family: 'times new roman', times, serif; font-size: 12pt;\">kelti profesin\u0119 kvalifikacij\u0105;<\/span><\/li>\n<li><span style=\"font-family: 'times new roman', times, serif; font-size: 12pt;\">bendradarbiauti su mokyklos bendruomene ir formuoti teigiamas nuostatas \u012f speciali\u0173j\u0173 poreiki\u0173 mokinius.<\/span><\/li>\n<\/ol>\n<p>&nbsp;<\/p>\n<p>&nbsp;<\/p>\n","protected":false},"excerpt":{"rendered":"<p>Logoped\u0117 &#8211; Sviatlana Varonis Logoped\u0117s darbo grafik\u0105 rasite \u010dia Logoped\u0117s veikla TIKSLAS: teikti krypting\u0105 ir efektyvi\u0105 speciali\u0105j\u0105 logopedin\u0117 pagalb\u0105 mokiniams, turintiems kalbos ir kit\u0173 komunikacijos sutrikim\u0173. U\u017dDAVINIAI: tirti ir koreguoti mokini\u0173 kalbos ir kitos komunikacijos sutrikimus, parenkant tinkamus darbo su &hellip; <a href=\"http:\/\/www.jasiunupagrindine.salcininkai.lm.lt\/?page_id=4796\">Skaitykite toliau <span class=\"meta-nav\">&rarr;<\/span><\/a><\/p>\n","protected":false},"author":5,"featured_media":0,"parent":0,"menu_order":0,"comment_status":"closed","ping_status":"closed","template":"","meta":{"ngg_post_thumbnail":0,"footnotes":""},"class_list":["post-4796","page","type-page","status-publish","hentry"],"_links":{"self":[{"href":"http:\/\/www.jasiunupagrindine.salcininkai.lm.lt\/index.php?rest_route=\/wp\/v2\/pages\/4796","targetHints":{"allow":["GET"]}}],"collection":[{"href":"http:\/\/www.jasiunupagrindine.salcininkai.lm.lt\/index.php?rest_route=\/wp\/v2\/pages"}],"about":[{"href":"http:\/\/www.jasiunupagrindine.salcininkai.lm.lt\/index.php?rest_route=\/wp\/v2\/types\/page"}],"author":[{"embeddable":true,"href":"http:\/\/www.jasiunupagrindine.salcininkai.lm.lt\/index.php?rest_route=\/wp\/v2\/users\/5"}],"replies":[{"embeddable":true,"href":"http:\/\/www.jasiunupagrindine.salcininkai.lm.lt\/index.php?rest_route=%2Fwp%2Fv2%2Fcomments&post=4796"}],"version-history":[{"count":12,"href":"http:\/\/www.jasiunupagrindine.salcininkai.lm.lt\/index.php?rest_route=\/wp\/v2\/pages\/4796\/revisions"}],"predecessor-version":[{"id":23243,"href":"http:\/\/www.jasiunupagrindine.salcininkai.lm.lt\/index.php?rest_route=\/wp\/v2\/pages\/4796\/revisions\/23243"}],"wp:attachment":[{"href":"http:\/\/www.jasiunupagrindine.salcininkai.lm.lt\/index.php?rest_route=%2Fwp%2Fv2%2Fmedia&parent=4796"}],"curies":[{"name":"wp","href":"https:\/\/api.w.org\/{rel}","templated":true}]}}