{"id":76,"date":"2015-05-12T14:09:36","date_gmt":"2015-05-12T11:09:36","guid":{"rendered":"http:\/\/www.jasiunupagrindine.salcininkai.lm.lt\/?page_id=76"},"modified":"2020-11-17T16:38:39","modified_gmt":"2020-11-17T14:38:39","slug":"vizija-misija","status":"publish","type":"page","link":"http:\/\/www.jasiunupagrindine.salcininkai.lm.lt\/?page_id=76","title":{"rendered":"Vizija ir misija"},"content":{"rendered":"<h2 class=\"wb-stl-heading2\"><span style=\"color: #000000;\">Misija<\/span><\/h2>\n<p><span style=\"color: #000000;\">Teikti pradinio, pagrindinio ugdymo i\u0161silavinim\u0105 saugioje,&nbsp; jaukioje, \u0161iuolaikin\u0117mis mokymo priemon\u0117mis apr\u016bpintoje aplinkoje, didel\u012f d\u0117mes\u012f skiriant pilietiniam, socialiniam ir kult\u016briniam asmenyb\u0117s ugdymui, ugdyti savaranki\u0161k\u0105, aktyvi\u0105, k\u016brybing\u0105, atsaking\u0105, norin\u010di\u0105 ir geban\u010di\u0105 mokytis vis\u0105 gyvenim\u0105, pilieti\u0161k\u0105 jaun\u0105j\u0105 kart\u0105.<\/span><\/p>\n<h2 class=\"wb-stl-heading2\"><span style=\"color: #000000;\">Vizija<\/span><\/h2>\n<p><span style=\"color: #000000;\">Tautini\u0173 ma\u017eum\u0173 mokykla, teikianti pradin\u012f ir pagrindin\u012f i\u0161silavinim\u0105 rus\u0173 kalba, turinti patirt\u012f dirbant su \u012fvairi\u0173 tautybi\u0173 mokiniais, t\u0119sianti it kurianti tradicijas, dirbant modernioje ir saugioje mokymosi aplinkoje.<\/span><\/p>\n","protected":false},"excerpt":{"rendered":"<p>Misija Teikti pradinio, pagrindinio ugdymo i\u0161silavinim\u0105 saugioje,&nbsp; jaukioje, \u0161iuolaikin\u0117mis mokymo priemon\u0117mis apr\u016bpintoje aplinkoje, didel\u012f d\u0117mes\u012f skiriant pilietiniam, socialiniam ir kult\u016briniam asmenyb\u0117s ugdymui, ugdyti savaranki\u0161k\u0105, aktyvi\u0105, k\u016brybing\u0105, atsaking\u0105, norin\u010di\u0105 ir geban\u010di\u0105 mokytis vis\u0105 gyvenim\u0105, pilieti\u0161k\u0105 jaun\u0105j\u0105 kart\u0105. Vizija Tautini\u0173 ma\u017eum\u0173 mokykla, &hellip; <a href=\"http:\/\/www.jasiunupagrindine.salcininkai.lm.lt\/?page_id=76\">Skaitykite toliau <span class=\"meta-nav\">&rarr;<\/span><\/a><\/p>\n","protected":false},"author":6,"featured_media":0,"parent":0,"menu_order":0,"comment_status":"open","ping_status":"open","template":"","meta":{"ngg_post_thumbnail":0,"footnotes":""},"class_list":["post-76","page","type-page","status-publish","hentry"],"_links":{"self":[{"href":"http:\/\/www.jasiunupagrindine.salcininkai.lm.lt\/index.php?rest_route=\/wp\/v2\/pages\/76","targetHints":{"allow":["GET"]}}],"collection":[{"href":"http:\/\/www.jasiunupagrindine.salcininkai.lm.lt\/index.php?rest_route=\/wp\/v2\/pages"}],"about":[{"href":"http:\/\/www.jasiunupagrindine.salcininkai.lm.lt\/index.php?rest_route=\/wp\/v2\/types\/page"}],"author":[{"embeddable":true,"href":"http:\/\/www.jasiunupagrindine.salcininkai.lm.lt\/index.php?rest_route=\/wp\/v2\/users\/6"}],"replies":[{"embeddable":true,"href":"http:\/\/www.jasiunupagrindine.salcininkai.lm.lt\/index.php?rest_route=%2Fwp%2Fv2%2Fcomments&post=76"}],"version-history":[{"count":3,"href":"http:\/\/www.jasiunupagrindine.salcininkai.lm.lt\/index.php?rest_route=\/wp\/v2\/pages\/76\/revisions"}],"predecessor-version":[{"id":9966,"href":"http:\/\/www.jasiunupagrindine.salcininkai.lm.lt\/index.php?rest_route=\/wp\/v2\/pages\/76\/revisions\/9966"}],"wp:attachment":[{"href":"http:\/\/www.jasiunupagrindine.salcininkai.lm.lt\/index.php?rest_route=%2Fwp%2Fv2%2Fmedia&parent=76"}],"curies":[{"name":"wp","href":"https:\/\/api.w.org\/{rel}","templated":true}]}}