{"id":8216,"date":"2020-01-11T19:05:45","date_gmt":"2020-01-11T17:05:45","guid":{"rendered":"http:\/\/www.jasiunupagrindine.salcininkai.lm.lt\/?page_id=8216"},"modified":"2025-10-26T07:19:37","modified_gmt":"2025-10-26T05:19:37","slug":"darbo-taryba","status":"publish","type":"page","link":"http:\/\/www.jasiunupagrindine.salcininkai.lm.lt\/?page_id=8216","title":{"rendered":"Darbo taryba"},"content":{"rendered":"<p style=\"text-align: justify;\"><span style=\"font-family: 'times new roman', times, serif; font-size: 12pt;\"><strong>Darbo taryba<\/strong> &#8211; yra Ja\u0161i\u016bn\u0173 pagrindin\u0117s mokyklos&nbsp; mokyklos&nbsp; valdymo organas, atstovaujantis visus mokyklos darbuotojus, ginantis mokyklos darbuotoj\u0173 profesines, darbo, ekonomines ir socialines teises bei atstovaujantis j\u0173 interesus mokyklos lygmeniu.<\/span><\/p>\n<p><strong><span style=\"font-family: 'times new roman', times, serif; font-size: 12pt;\">Darbo taryb\u0105 sudaro:<\/span><\/strong><\/p>\n<ul style=\"list-style-type: circle;\">\n<li><span style=\"font-family: 'times new roman', times, serif; font-size: 12pt;\">Angel\u0117 \u0160eviakova &#8211; pradini\u0173 klasi\u0173 mokytoja<\/span><\/li>\n<li><span style=\"font-family: 'times new roman', times, serif; font-size: 12pt;\">Galina Trofimova &#8211; angl\u0173 kalbos mokytoja<\/span><\/li>\n<li><span style=\"font-size: 12pt;\">Eleonora Dainarovi\u010d &#8211; matematikos mokytoja<\/span><\/li>\n<\/ul>\n<p><a href=\"http:\/\/www.jasiunupagrindine.salcininkai.lm.lt\/wp-content\/uploads\/2020\/01\/DARBO-TARYBOS-ATLIEKAM\u0172-FUNKCIJ\u0172-IR-DARBO-ORGANIZAVIMO-TVARKA.pdf\">DARBO TARYBOS ATLIEKAM\u0172 FUNKCIJ\u0172 IR DARBO ORGANIZAVIMO TVARKA<\/a><\/p>\n<p>&nbsp;<\/p>\n","protected":false},"excerpt":{"rendered":"<p>Darbo taryba &#8211; yra Ja\u0161i\u016bn\u0173 pagrindin\u0117s mokyklos&nbsp; mokyklos&nbsp; valdymo organas, atstovaujantis visus mokyklos darbuotojus, ginantis mokyklos darbuotoj\u0173 profesines, darbo, ekonomines ir socialines teises bei atstovaujantis j\u0173 interesus mokyklos lygmeniu. Darbo taryb\u0105 sudaro: Angel\u0117 \u0160eviakova &#8211; pradini\u0173 klasi\u0173 mokytoja Galina Trofimova &hellip; <a href=\"http:\/\/www.jasiunupagrindine.salcininkai.lm.lt\/?page_id=8216\">Skaitykite toliau <span class=\"meta-nav\">&rarr;<\/span><\/a><\/p>\n","protected":false},"author":5,"featured_media":0,"parent":0,"menu_order":0,"comment_status":"closed","ping_status":"closed","template":"","meta":{"ngg_post_thumbnail":0,"footnotes":""},"class_list":["post-8216","page","type-page","status-publish","hentry"],"_links":{"self":[{"href":"http:\/\/www.jasiunupagrindine.salcininkai.lm.lt\/index.php?rest_route=\/wp\/v2\/pages\/8216","targetHints":{"allow":["GET"]}}],"collection":[{"href":"http:\/\/www.jasiunupagrindine.salcininkai.lm.lt\/index.php?rest_route=\/wp\/v2\/pages"}],"about":[{"href":"http:\/\/www.jasiunupagrindine.salcininkai.lm.lt\/index.php?rest_route=\/wp\/v2\/types\/page"}],"author":[{"embeddable":true,"href":"http:\/\/www.jasiunupagrindine.salcininkai.lm.lt\/index.php?rest_route=\/wp\/v2\/users\/5"}],"replies":[{"embeddable":true,"href":"http:\/\/www.jasiunupagrindine.salcininkai.lm.lt\/index.php?rest_route=%2Fwp%2Fv2%2Fcomments&post=8216"}],"version-history":[{"count":7,"href":"http:\/\/www.jasiunupagrindine.salcininkai.lm.lt\/index.php?rest_route=\/wp\/v2\/pages\/8216\/revisions"}],"predecessor-version":[{"id":23156,"href":"http:\/\/www.jasiunupagrindine.salcininkai.lm.lt\/index.php?rest_route=\/wp\/v2\/pages\/8216\/revisions\/23156"}],"wp:attachment":[{"href":"http:\/\/www.jasiunupagrindine.salcininkai.lm.lt\/index.php?rest_route=%2Fwp%2Fv2%2Fmedia&parent=8216"}],"curies":[{"name":"wp","href":"https:\/\/api.w.org\/{rel}","templated":true}]}}