{"id":8222,"date":"2020-01-11T19:12:59","date_gmt":"2020-01-11T17:12:59","guid":{"rendered":"http:\/\/www.jasiunupagrindine.salcininkai.lm.lt\/?page_id=8222"},"modified":"2025-11-02T08:20:22","modified_gmt":"2025-11-02T06:20:22","slug":"vaiko-geroves-komisija","status":"publish","type":"page","link":"http:\/\/www.jasiunupagrindine.salcininkai.lm.lt\/?page_id=8222","title":{"rendered":"Vaiko gerov\u0117s komisija"},"content":{"rendered":"<p><span style=\"color: #000000;\">Vaiko gerov\u0117s komisijos tikslas \u2212 u\u017etikrinti saugi\u0105, jauki\u0105, darni\u0105 aplink\u0105 mokykloje.&nbsp;<\/span><\/p>\n<p><span style=\"color: #000000;\">Jei vaikui i\u0161kilo problema mokykloje, t\u0117vai pirmiausia tur\u0117t\u0173 j\u0105 aptarti su klas\u0117s aukl\u0117toju, ugdan\u010diu mokytoju arba mokyklos psichologu, socialiniu pedagogu ar logopedu. Kai problemai spr\u0119sti prireikia specialist\u0173 komandos pagalbos, pasitelkiama vaiko gerov\u0117s komisija.<\/span><\/p>\n<p><span style=\"color: #000000;\"><strong>K\u0104 VEIKIA VAIKO GEROV\u0116S KOMISIJA MOKYKLOJE:<\/strong><\/span><\/p>\n<ul>\n<li><span style=\"color: #000000;\">r\u016bpinasi psichologi\u0161kai ir fizi\u0161kai saugios aplinkos mokykloje k\u016brimu;<\/span><\/li>\n<li><span style=\"color: #000000;\">r\u016bpinasi mokini\u0173 mokymosi s\u0117kme;<\/span><\/li>\n<li><span style=\"color: #000000;\">nagrin\u0117ja mokykl\u0105 vengian\u010di\u0173 lankyti mokini\u0173 menkos motyvacijos, nes\u0117kmingo mokymosi prie\u017eastis ir teikia t\u0117vams ir mokytojams rekomendacijas;<\/span><\/li>\n<li><span style=\"color: #000000;\">padeda spr\u0119sti mokini\u0173 tarpusavio santyki\u0173, pedagog\u0173 ir mokini\u0173 santyki\u0173 problemas, si\u016blo pedagogams b\u016bdus \u0161iems santykiams gerinti;<\/span><\/li>\n<li><span style=\"color: #000000;\">analizuoja vaik\u0173 elgesio taisykli\u0173 pa\u017eeidimus mokykloje, smurto, paty\u010di\u0173, \u017ealing\u0173 \u012fpro\u010di\u0173, teis\u0117tvarkos pa\u017eeidim\u0173 atvejus, ie\u0161ko \u0161i\u0173 problem\u0173 sprendimo b\u016bd\u0173;<\/span><\/li>\n<li><span style=\"color: #000000;\">analizuoja vaikui paskirtos minimalios ar vidutin\u0117s prie\u017ei\u016bros priemon\u0117s vykdym\u0105;<\/span><\/li>\n<li><span style=\"color: #000000;\">atsitikus netik\u0117tam skaud\u017eiam \u012fvykiui, teikia psichologin\u0119 pagalb\u0105 mokyklos bendruomen\u0117s nariams;<\/span><\/li>\n<li><span style=\"color: #000000;\">organizuoja prevencijos, sveikatos stiprinimo program\u0173 \u012fgyvendinim\u0105 mokykloje;<\/span><\/li>\n<li><span style=\"color: #000000;\">pataria mokyklos vadovui, kaip geriau organizuoti socialin\u0119 param\u0105 \u2013 mokini\u0173 maitinim\u0105, apr\u016bpinim\u0105 mokinio reikmenimis, mokini\u0173 ve\u017eim\u0105 \u012f mokykl\u0105 ir i\u0161 jos, mokini\u0173 sveikatos prie\u017ei\u016br\u0105;<\/span><\/li>\n<li><span style=\"color: #000000;\">vertina specialiuosius mokini\u0173 ugdymosi poreikius, teikia si\u016blym\u0173 ir rekomendacij\u0173 t\u0117vams, mokytojams, mokyklos administracijai d\u0117l ugdymosi aplinkos pritaikymo, specialist\u0173 pagalbos, ugdymo program\u0173, speciali\u0173- j\u0173 mokymo ir technin\u0117s pagalbos priemoni\u0173 naudojimo, siekdama sudaryti mokiniams optimalias ugdymosi s\u0105lygas. Jei b\u016btina, si\u016blo t\u0117vams, kad vaiko specialieji ugdymosi poreikiai b\u016bt\u0173 \u012fvertinti savivaldyb\u0117s pedagogin\u0117s psichologin\u0117s tarnybos;<\/span><\/li>\n<li><span style=\"color: #000000;\">teikia informacij\u0105 t\u0117vams ir kitiems mokyklos bendruomen\u0117s nariams apie \u0161vietimo pagalbos teikimo galimybes mokykloje ir u\u017e jos rib\u0173.<\/span><\/li>\n<\/ul>\n<p>&nbsp;<\/p>\n<p><span style=\"color: #000000;\"><strong>VAIKO GEROV\u0116S KOMISIJOS NARIAI:<\/strong><\/span><\/p>\n<p><span style=\"color: #000000;\">Natalija Eglit&nbsp; &nbsp; &nbsp; &nbsp; &nbsp; &nbsp; &nbsp; &nbsp; &nbsp; &nbsp; &nbsp;\u2013 socialin\u0117 pedagog\u0117, komisijos pirminink\u0117<\/span><\/p>\n<p><span style=\"color: #000000;\">Sviatlana Varonis&nbsp; &nbsp; &nbsp; &nbsp; &nbsp; &nbsp; &nbsp;\u2013 logoped\u0117, komisijos pirmininko pavaduotoja<\/span><\/p>\n<p><span style=\"color: #000000;\">Galina Trofimova&nbsp; &nbsp; &nbsp; &nbsp; &nbsp; &nbsp; &nbsp; \u2013 klas\u0117s vadov\u0173 met.grup\u0117s pirminink\u0117, nar\u0117<\/span><\/p>\n<p><span style=\"color: #000000;\">Angel\u0117 \u0160eviakova&nbsp; &nbsp; &nbsp; &nbsp; &nbsp; &nbsp; &nbsp; &#8211; pradini\u0173 klasi\u0173 met.grup\u0117s pirminink\u0117, nar\u0117<\/span><\/p>\n<p><span style=\"color: #000000;\">Teresa Voitukovi\u010d&nbsp; &nbsp; &nbsp; &nbsp; &nbsp; &nbsp; &nbsp; &#8211; metodin\u0117s tarybos pirminink\u0117, nar\u0117<\/span><\/p>\n<p><span style=\"color: #000000;\">Elvyra Salavatova&nbsp; &nbsp; &nbsp; &nbsp; &nbsp; &nbsp; &nbsp; &nbsp;\u2013 sveikatos prie\u017ei\u016bros specialist\u0117, nar\u0117<\/span><\/p>\n<p><span style=\"color: #000000;\">Oksana Rympo&nbsp; &nbsp; &nbsp; &nbsp; &nbsp; &nbsp; &nbsp; &nbsp; \u2013 psicholog\u0117, nar\u0117<\/span><\/p>\n<p><span style=\"color: #000000;\">Irena Saulien\u0117&nbsp; &nbsp; &nbsp; &nbsp; &nbsp; &nbsp; &nbsp; &nbsp;\u2013 pradini\u0173 klasi\u0173 mokytoja<\/span><\/p>\n<p><span style=\"color: #000000;\"><strong>VAIKO GEROV\u0116S KOMISIJA &nbsp;dirba kaip komanda ir vadovaujasi \u0161iais principais:<\/strong><\/span><\/p>\n<ul>\n<li><span style=\"color: #000000;\">i\u0161klauso vaik\u0105 tiesiogiai arba per jo t\u0117vus;<\/span><\/li>\n<li><span style=\"color: #000000;\">priimdama su vaiku susijusius sprendimus, atsi\u017evelgia \u012f vaiko am\u017ei\u0173 ir brand\u0105, jo&nbsp;psichikos ir fizinius ypatumus, sveikatos b\u016bkl\u0119, ugdymosi poreikius, vaiko ir t\u0117v\u0173 interesus ir l\u016bkes\u010dius, socialin\u0119 aplink\u0105 ir kitas aplinkybes;<\/span><\/li>\n<li><span style=\"color: #000000;\">priimdama sprendimus teikia pirmenyb\u0119 vaiko interesams;<\/span><\/li>\n<li><span style=\"color: #000000;\">pagalbos prieinamumui neturi \u012ftakos vaiko etnin\u0117 kilm\u0117, ras\u0117, lytis, socialin\u0117 jo t\u0117v\u0173 pad\u0117tis, vaiko ne\u012fgalumas ar pana\u0161\u016bs veiksniai;<\/span><\/li>\n<li><span style=\"color: #000000;\">informacija, reikalinga vaiko problemai spr\u0119sti, yra nevie\u0161a ir prieinama tik tiems asmenims, kurie tiesiogiai susij\u0119 su problemos sprendimu; bendradarbiauja su vietos bendruomene, valstyb\u0117s ir savivaldybi\u0173 institucijomis, pedagogin\u0117mis psichologin\u0117mis tarnybomis (\u0161vietimo pagalbos tarnybomis), nevyriausybin\u0117mis organizacijomis ir kt.<\/span><\/li>\n<\/ul>\n<p><a href=\"http:\/\/www.jasiunupagrindine.salcininkai.lm.lt\/wp-content\/uploads\/2020\/11\/20201117114922.pdf\">Vaiko gerov\u0117s komisijos veiklos planas 2020-2021 m.m.<\/a><\/p>\n<p><a href=\"http:\/\/www.jasiunupagrindine.salcininkai.lm.lt\/wp-content\/uploads\/2024\/11\/VAIKO-GEROV\u0116S-KOMISIJOS-FUNKCIJ\u0172-SUDARYMO-IR-JOS-DARBO-ORGANIZAVIMO-TVARKOS-APRA\u0160AS.docx\">VAIKO GEROV\u0116S KOMISIJOS FUNKCIJ\u0172, SUDARYMO IR JOS DARBO ORGANIZAVIMO TVARKOS APRA\u0160AS<\/a><\/p>\n","protected":false},"excerpt":{"rendered":"<p>Vaiko gerov\u0117s komisijos tikslas \u2212 u\u017etikrinti saugi\u0105, jauki\u0105, darni\u0105 aplink\u0105 mokykloje.&nbsp; Jei vaikui i\u0161kilo problema mokykloje, t\u0117vai pirmiausia tur\u0117t\u0173 j\u0105 aptarti su klas\u0117s aukl\u0117toju, ugdan\u010diu mokytoju arba mokyklos psichologu, socialiniu pedagogu ar logopedu. Kai problemai spr\u0119sti prireikia specialist\u0173 komandos pagalbos, &hellip; <a href=\"http:\/\/www.jasiunupagrindine.salcininkai.lm.lt\/?page_id=8222\">Skaitykite toliau <span class=\"meta-nav\">&rarr;<\/span><\/a><\/p>\n","protected":false},"author":5,"featured_media":0,"parent":0,"menu_order":0,"comment_status":"closed","ping_status":"closed","template":"","meta":{"ngg_post_thumbnail":0,"footnotes":""},"class_list":["post-8222","page","type-page","status-publish","hentry"],"_links":{"self":[{"href":"http:\/\/www.jasiunupagrindine.salcininkai.lm.lt\/index.php?rest_route=\/wp\/v2\/pages\/8222","targetHints":{"allow":["GET"]}}],"collection":[{"href":"http:\/\/www.jasiunupagrindine.salcininkai.lm.lt\/index.php?rest_route=\/wp\/v2\/pages"}],"about":[{"href":"http:\/\/www.jasiunupagrindine.salcininkai.lm.lt\/index.php?rest_route=\/wp\/v2\/types\/page"}],"author":[{"embeddable":true,"href":"http:\/\/www.jasiunupagrindine.salcininkai.lm.lt\/index.php?rest_route=\/wp\/v2\/users\/5"}],"replies":[{"embeddable":true,"href":"http:\/\/www.jasiunupagrindine.salcininkai.lm.lt\/index.php?rest_route=%2Fwp%2Fv2%2Fcomments&post=8222"}],"version-history":[{"count":8,"href":"http:\/\/www.jasiunupagrindine.salcininkai.lm.lt\/index.php?rest_route=\/wp\/v2\/pages\/8222\/revisions"}],"predecessor-version":[{"id":23263,"href":"http:\/\/www.jasiunupagrindine.salcininkai.lm.lt\/index.php?rest_route=\/wp\/v2\/pages\/8222\/revisions\/23263"}],"wp:attachment":[{"href":"http:\/\/www.jasiunupagrindine.salcininkai.lm.lt\/index.php?rest_route=%2Fwp%2Fv2%2Fmedia&parent=8222"}],"curies":[{"name":"wp","href":"https:\/\/api.w.org\/{rel}","templated":true}]}}