{"id":8226,"date":"2020-01-11T19:21:41","date_gmt":"2020-01-11T17:21:41","guid":{"rendered":"http:\/\/www.jasiunupagrindine.salcininkai.lm.lt\/?page_id=8226"},"modified":"2025-11-02T08:00:36","modified_gmt":"2025-11-02T06:00:36","slug":"visuomenes-sveikatos-specialistas","status":"publish","type":"page","link":"http:\/\/www.jasiunupagrindine.salcininkai.lm.lt\/?page_id=8226","title":{"rendered":"Visuomen\u0117s sveikatos specialistas"},"content":{"rendered":"<p style=\"text-align: justify;\"><span style=\"font-family: 'times new roman', times, serif; font-size: 12pt;\"><strong>Mokyklos visuomen\u0117s sveikatos prie\u017ei\u016bros specialist\u0117 &#8211; Elvyra Salavatova<\/strong><\/span><\/p>\n<p style=\"text-align: center;\"><span style=\"font-family: 'times new roman', times, serif; font-size: 12pt;\"><strong>Visuomen\u0117s sveikatos prie\u017ei\u016bros specialist\u0117 dirba ketvirtadieniais <\/strong><\/span><\/p>\n<p style=\"text-align: center;\"><span style=\"font-family: 'times new roman', times, serif; font-size: 12pt;\"><strong>11.00-19.00, piet\u0173 pertrauka 15.00-15.30<\/strong><\/span><\/p>\n<p style=\"text-align: justify;\"><span style=\"font-family: 'times new roman', times, serif; font-size: 12pt;\">Sveikatos prie\u017ei\u016bros gimnazijoje&nbsp;<b>tikslas<\/b>&nbsp;\u2013 pad\u0117ti mokiniams saugoti ir stiprinti sveikat\u0105, organizuojant ir \u012fgyvendinant priemones, susijusias su lig\u0173 ir traum\u0173 profilaktika.<\/span><\/p>\n<div style=\"text-align: justify;\"><span style=\"font-family: 'times new roman', times, serif; font-size: 12pt;\">Sveikatos prie\u017ei\u016bros gimnazijoje&nbsp;<b>u\u017edaviniai:<\/b><\/span><\/div>\n<div>&nbsp;<\/div>\n<p style=\"text-align: justify;\"><span style=\"font-family: 'times new roman', times, serif; font-size: 12pt;\">1. u\u017etikrinti sveikatos prie\u017ei\u016bros kokyb\u0119, kuriant sveik\u0105 aplink\u0105 mokykloje, stiprinant mokini\u0173 sveikat\u0105, \u0161alinant rizikos veiksnius, galin\u010dius sukelti ligas;<\/span><\/p>\n<p style=\"text-align: justify;\"><span style=\"font-family: 'times new roman', times, serif; font-size: 12pt;\">2. formuoti teising\u0105 mokini\u0173 po\u017ei\u016br\u012f \u012f savo sveikat\u0105 ir ugdyti sveikos gyvensenos \u012fg\u016bd\u017eius;<\/span><\/p>\n<p style=\"text-align: justify;\"><span style=\"font-family: 'times new roman', times, serif; font-size: 12pt;\">3. numatyti priemones ligoms ankstyvuoju laikotarpiu \u012ftarti ir u\u017ekirsti joms keli\u0105;<\/span><\/p>\n<p style=\"text-align: justify;\"><span style=\"font-family: 'times new roman', times, serif; font-size: 12pt;\">4. suteikti pirm\u0105j\u0105 pagalb\u0105 pavojing\u0173 b\u016bkli\u0173, traum\u0173, nelaiming\u0173 atsitikim\u0173 ar apsinuodijim\u0173 atvejais.<\/span><\/p>\n<div style=\"text-align: justify;\"><span style=\"font-family: 'times new roman', times, serif; font-size: 12pt;\">Visuomen\u0117s sveikatos prie\u017ei\u016bros specialisto&nbsp;<b>v<\/b><b>ertybin\u0117s nuostatos<\/b>:<\/span><\/div>\n<div style=\"text-align: justify;\">&nbsp;<\/div>\n<p style=\"text-align: justify;\"><span style=\"font-family: 'times new roman', times, serif; font-size: 12pt;\">1. vadovautis sveikos gyvensenos nuostatomis, netur\u0117ti \u017ealing\u0173 \u012fpro\u010di\u0173, b\u016bti pavyzd\u017eiu mokyklos bendruomenei;<\/span><\/p>\n<p style=\"text-align: justify;\"><span style=\"font-family: 'times new roman', times, serif; font-size: 12pt;\">2. nepriekai\u0161tinga profesin\u0117 reputacija: elgesys ar veikla, nepa\u017eeid\u017eianti profesin\u0117s etikos, deontologijos norm\u0173, princip\u0173 ir taisykli\u0173.<\/span><\/p>\n<p><a href=\"http:\/\/www.jasiunupagrindine.salcininkai.lm.lt\/wp-content\/uploads\/2020\/11\/20201116145904.pdf\">Visuomen\u0117s sveikatos prie\u017ei\u016bros veiklos planas 2020-2021 m.<\/a><\/p>\n","protected":false},"excerpt":{"rendered":"<p>Mokyklos visuomen\u0117s sveikatos prie\u017ei\u016bros specialist\u0117 &#8211; Elvyra Salavatova Visuomen\u0117s sveikatos prie\u017ei\u016bros specialist\u0117 dirba ketvirtadieniais 11.00-19.00, piet\u0173 pertrauka 15.00-15.30 Sveikatos prie\u017ei\u016bros gimnazijoje&nbsp;tikslas&nbsp;\u2013 pad\u0117ti mokiniams saugoti ir stiprinti sveikat\u0105, organizuojant ir \u012fgyvendinant priemones, susijusias su lig\u0173 ir traum\u0173 profilaktika. Sveikatos prie\u017ei\u016bros gimnazijoje&nbsp;u\u017edaviniai: &hellip; <a href=\"http:\/\/www.jasiunupagrindine.salcininkai.lm.lt\/?page_id=8226\">Skaitykite toliau <span class=\"meta-nav\">&rarr;<\/span><\/a><\/p>\n","protected":false},"author":5,"featured_media":0,"parent":0,"menu_order":0,"comment_status":"closed","ping_status":"closed","template":"","meta":{"ngg_post_thumbnail":0,"footnotes":""},"class_list":["post-8226","page","type-page","status-publish","hentry"],"_links":{"self":[{"href":"http:\/\/www.jasiunupagrindine.salcininkai.lm.lt\/index.php?rest_route=\/wp\/v2\/pages\/8226","targetHints":{"allow":["GET"]}}],"collection":[{"href":"http:\/\/www.jasiunupagrindine.salcininkai.lm.lt\/index.php?rest_route=\/wp\/v2\/pages"}],"about":[{"href":"http:\/\/www.jasiunupagrindine.salcininkai.lm.lt\/index.php?rest_route=\/wp\/v2\/types\/page"}],"author":[{"embeddable":true,"href":"http:\/\/www.jasiunupagrindine.salcininkai.lm.lt\/index.php?rest_route=\/wp\/v2\/users\/5"}],"replies":[{"embeddable":true,"href":"http:\/\/www.jasiunupagrindine.salcininkai.lm.lt\/index.php?rest_route=%2Fwp%2Fv2%2Fcomments&post=8226"}],"version-history":[{"count":7,"href":"http:\/\/www.jasiunupagrindine.salcininkai.lm.lt\/index.php?rest_route=\/wp\/v2\/pages\/8226\/revisions"}],"predecessor-version":[{"id":23249,"href":"http:\/\/www.jasiunupagrindine.salcininkai.lm.lt\/index.php?rest_route=\/wp\/v2\/pages\/8226\/revisions\/23249"}],"wp:attachment":[{"href":"http:\/\/www.jasiunupagrindine.salcininkai.lm.lt\/index.php?rest_route=%2Fwp%2Fv2%2Fmedia&parent=8226"}],"curies":[{"name":"wp","href":"https:\/\/api.w.org\/{rel}","templated":true}]}}