{"id":826,"date":"2016-04-20T07:42:23","date_gmt":"2016-04-20T04:42:23","guid":{"rendered":"http:\/\/www.jasiunupagrindine.salcininkai.lm.lt\/?page_id=826"},"modified":"2016-09-18T19:11:48","modified_gmt":"2016-09-18T16:11:48","slug":"konkursu-rezultatai","status":"publish","type":"page","link":"http:\/\/www.jasiunupagrindine.salcininkai.lm.lt\/?page_id=826","title":{"rendered":"Konkurs\u0173 rezultatai 2015-2016 m.m."},"content":{"rendered":"<p align=\"left\"><strong><span style=\"font-family: Tahoma, sans-serif;\"><span style=\"font-size: medium;\"><span style=\"color: #000000;\">\u00a0<\/span><\/span><\/span><\/strong><\/p>\n<p class=\"western\" lang=\"lt-LT\" align=\"left\"><span style=\"font-size: large;\"><b>Konkurso \u201eMano \u017ealioji palang\u0117\u201c nugal\u0117toj\u0173<\/b><\/span><\/p>\n<p><a href=\"http:\/\/www.jasiunupagrindine.salcininkai.lm.lt\/wp-content\/uploads\/2016\/04\/botanikos-sodas.jpg\"><img loading=\"lazy\" decoding=\"async\" class=\"size-medium wp-image-1190 alignright\" src=\"http:\/\/www.jasiunupagrindine.salcininkai.lm.lt\/wp-content\/uploads\/2016\/04\/botanikos-sodas-300x169.jpg\" alt=\"SAMSUNG DIGITAL CAMERA\" width=\"300\" height=\"169\" srcset=\"http:\/\/www.jasiunupagrindine.salcininkai.lm.lt\/wp-content\/uploads\/2016\/04\/botanikos-sodas-300x169.jpg 300w, http:\/\/www.jasiunupagrindine.salcininkai.lm.lt\/wp-content\/uploads\/2016\/04\/botanikos-sodas-1024x576.jpg 1024w, http:\/\/www.jasiunupagrindine.salcininkai.lm.lt\/wp-content\/uploads\/2016\/04\/botanikos-sodas-624x351.jpg 624w, http:\/\/www.jasiunupagrindine.salcininkai.lm.lt\/wp-content\/uploads\/2016\/04\/botanikos-sodas.jpg 1920w\" sizes=\"auto, (max-width: 300px) 100vw, 300px\" \/><\/a><\/p>\n<p class=\"western\" lang=\"lt-LT\" align=\"left\"><span style=\"font-size: large;\"><b>apdovanojimas<\/b><\/span><\/p>\n<p class=\"western\" lang=\"lt-LT\" align=\"left\"><span style=\"font-size: medium;\">\u0160iemet jau kovo m\u0117nesio vidur\u012f 3 klas\u0117s mokiniai ir prie\u0161mokyklinio ugdymo grup\u0117s vaikai kartu su savo aukl\u0117tojomis \u012fk\u016br\u0117 ma\u017e\u0105j\u012f daigyn\u0105. Ant savo klasi\u0173 palangi\u0173 s\u0117jo dar\u017eoves(agurkus, saul\u0117gr\u0105\u017eas, pupas, ridik\u0117lius, salotas, pomidorus, svog\u016bnus, \u017eirnius), prieskonius(krapus, bazilik\u0105) ir g\u0117lytes(seren\u010dius, balzamin\u0105) taip dalyvaudami ekologiniame konkurse \u201eMano \u017ealioji palang\u0117\u201c. <\/span><\/p>\n<p class=\"western\" lang=\"lt-LT\" align=\"left\"><span style=\"font-size: medium;\">2016 m. gegu\u017e\u0117s 21 d. VU Botanikos sode Kair\u0117nuose vyko \u0161io konkurso nugal\u0117toj\u0173 apdovanojimas, \u012f kur\u012f buvo pakviesti ir m\u016bs\u0173 mokyklos mokiniai. Vaikams buvo organizuota ekskursija po VU Botanikos sod\u0105. Mokiniai gavo priz\u0173: ma\u017e\u0105j\u012f \u0161iltnam\u012f, s\u0117kl\u0173 ir \u017eurnal\u0173 rinkinius. <\/span><\/p>\n<p class=\"western\" lang=\"lt-LT\" align=\"left\"><span style=\"font-size: medium;\">I\u0161vyka suteik\u0117 vaikams daug d\u017eiaugsmo ir laim\u0117s akimirk\u0173. Sveikiname laim\u0117tojus ir tikim\u0117s ir kitais metais sudalyvauti \u0161iame konkurse.<\/span><\/p>\n<p align=\"left\"><strong><span style=\"font-family: Tahoma, sans-serif;\"><span style=\"font-size: medium;\"><span style=\"color: #000000;\"> XV\u00a0<\/span><\/span><\/span><span style=\"color: #000000; font-size: medium; font-family: Tahoma, sans-serif; line-height: 1.71429;\">rajoninis rai\u0161kaus skaitymo\u00a0<\/span><span style=\"color: #000000; font-size: medium; font-family: Tahoma, sans-serif; line-height: 1.71429;\">konkursas<\/span><\/strong><\/p>\n<p align=\"left\"><strong>\u00a0 III VIETA \u00a0<\/strong><strong><span style=\"color: #444444;\"><span style=\"font-family: 'Open Sans', Helvetica, Arial, sans-serif;\"><span style=\"font-size: large;\"><b>Laura Loktikait\u0117 \u00a0<\/b><\/span><\/span><\/span><\/strong><strong>5 klas\u0117s mokin\u0117<\/strong><\/p>\n<p align=\"left\"><strong>\u00a0 SVEIKINAME!<\/strong><\/p>\n<p>&nbsp;<\/p>\n<p>Sveikiname 5 klas\u0117s mokin\u0119<strong> Laur\u0105 Loktikait\u0119<img loading=\"lazy\" decoding=\"async\" class=\" wp-image-834 size-medium alignright\" src=\"http:\/\/www.jasiunupagrindine.salcininkai.lm.lt\/wp-content\/uploads\/2016\/04\/IMG_6122-e1461779046958-225x300.jpg\" alt=\"\" width=\"225\" height=\"300\" srcset=\"http:\/\/www.jasiunupagrindine.salcininkai.lm.lt\/wp-content\/uploads\/2016\/04\/IMG_6122-e1461779046958-225x300.jpg 225w, http:\/\/www.jasiunupagrindine.salcininkai.lm.lt\/wp-content\/uploads\/2016\/04\/IMG_6122-e1461779046958-768x1024.jpg 768w, http:\/\/www.jasiunupagrindine.salcininkai.lm.lt\/wp-content\/uploads\/2016\/04\/IMG_6122-e1461779046958-624x832.jpg 624w\" sizes=\"auto, (max-width: 225px) 100vw, 225px\" \/><\/strong>\u00a0gavus pad\u0117k\u0105 u\u017e puikias \u017einias<br \/>\nNacionaliniame konkurse &#8222;<strong>Lietuvos istorijos \u017einovas<\/strong>&#8222;.<\/p>\n<p>&nbsp;<\/p>\n<p>&nbsp;<\/p>\n<p>&nbsp;<\/p>\n<p>&nbsp;<\/p>\n<p>&nbsp;<\/p>\n<p>&nbsp;<\/p>\n<p>&nbsp;<\/p>\n<p>&nbsp;<\/p>\n<p>&nbsp;<\/p>\n<p><strong>Edukacini\u0173 konkurs\u0173 \u201eOlympis 2016 &#8211; Pavasario sesija\u201c rezultatai<\/strong><\/p>\n<p><strong>\u0160al\u010dinink\u0173 r. Ja\u0161i\u016bn\u0173 pagrindin\u0117 mokykla<\/strong><\/p>\n<p><strong>Angl\u0173 kalbos konkurso rezultatai<\/strong><\/p>\n<table>\n<tbody>\n<tr>\n<td width=\"10\"><strong>#<\/strong><\/td>\n<td><strong>Mokinys<\/strong><\/td>\n<td><strong>Klas\u0117<\/strong><\/td>\n<td><strong>Lygis<\/strong><\/td>\n<td><strong>Rezultatas<\/strong><\/td>\n<td><strong>Geriau u\u017e<sup>1<\/sup><\/strong><\/td>\n<td><strong>Laipsnis<\/strong><\/td>\n<\/tr>\n<tr>\n<td>1.<\/td>\n<td>Aleks Okolovi\u010d<\/td>\n<td>7<\/td>\n<td>7 klas\u0117<\/td>\n<td>76%<\/td>\n<td>&#8211;<\/td>\n<td><strong>III<\/strong><\/td>\n<\/tr>\n<\/tbody>\n<\/table>\n<p><strong>Lietuvi\u0173 kalbos konkurso rezultatai<\/strong><\/p>\n<table>\n<tbody>\n<tr>\n<td width=\"10\"><strong>#<\/strong><\/td>\n<td><strong>Mokinys<\/strong><\/td>\n<td><strong>Klas\u0117<\/strong><\/td>\n<td><strong>Lygis<\/strong><\/td>\n<td><strong>Rezultatas<\/strong><\/td>\n<td><strong>Geriau u\u017e<sup>1<\/sup><\/strong><\/td>\n<td><strong>Laipsnis<\/strong><\/td>\n<\/tr>\n<tr>\n<td>1.<\/td>\n<td>Aleks Okolovi\u010d<\/td>\n<td>7<\/td>\n<td>7 klas\u0117<\/td>\n<td>74%<\/td>\n<td>&#8211;<\/td>\n<td><strong>III<\/strong><\/td>\n<\/tr>\n<\/tbody>\n<\/table>\n<p><strong>Matematikos konkurso rezultatai<\/strong><\/p>\n<table>\n<tbody>\n<tr>\n<td width=\"10\"><strong>#<\/strong><\/td>\n<td><strong>Mokinys<\/strong><\/td>\n<td><strong>Klas\u0117<\/strong><\/td>\n<td><strong>Lygis<\/strong><\/td>\n<td><strong>Rezultatas<\/strong><\/td>\n<td><strong>Geriau u\u017e<sup>1<\/sup><\/strong><\/td>\n<td><strong>Laipsnis<\/strong><\/td>\n<\/tr>\n<tr>\n<td>1.<\/td>\n<td>Aleks Okolovi\u010d<\/td>\n<td>7<\/td>\n<td>7 klas\u0117<\/td>\n<td>60%<\/td>\n<td>&#8211;<\/td>\n<td><strong>\u00a0<\/strong><\/td>\n<\/tr>\n<\/tbody>\n<\/table>\n<p><strong>Fizikos konkurso rezultatai<\/strong><\/p>\n<table>\n<tbody>\n<tr>\n<td width=\"10\"><strong>#<\/strong><\/td>\n<td><strong>Mokinys<\/strong><\/td>\n<td><strong>Klas\u0117<\/strong><\/td>\n<td><strong>Lygis<\/strong><\/td>\n<td><strong>Rezultatas<\/strong><\/td>\n<td><strong>Geriau u\u017e<sup>1<\/sup><\/strong><\/td>\n<td><strong>Laipsnis<\/strong><\/td>\n<\/tr>\n<tr>\n<td>1.<\/td>\n<td>Aleks Okolovi\u010d<\/td>\n<td>7<\/td>\n<td>7 klas\u0117<\/td>\n<td>49%<\/td>\n<td>&#8211;<\/td>\n<td><strong>\u00a0<\/strong><\/td>\n<\/tr>\n<\/tbody>\n<\/table>\n<p><strong>Informacini\u0173 technologij\u0173 konkurso rezultatai<\/strong><\/p>\n<table>\n<tbody>\n<tr>\n<td width=\"10\"><strong>#<\/strong><\/td>\n<td><strong>Mokinys<\/strong><\/td>\n<td><strong>Klas\u0117<\/strong><\/td>\n<td><strong>Lygis<\/strong><\/td>\n<td><strong>Rezultatas<\/strong><\/td>\n<td><strong>Geriau u\u017e<sup>1<\/sup><\/strong><\/td>\n<td><strong>Laipsnis<\/strong><\/td>\n<\/tr>\n<tr>\n<td>1.<\/td>\n<td>Aleks Okolovi\u010d<\/td>\n<td>7<\/td>\n<td>7 klas\u0117<\/td>\n<td>32%<\/td>\n<td>&#8211;<\/td>\n<td><strong>\u00a0<\/strong><\/td>\n<\/tr>\n<\/tbody>\n<\/table>\n<p><strong>Biologijos konkurso rezultatai<\/strong><\/p>\n<table>\n<tbody>\n<tr>\n<td width=\"10\"><strong>#<\/strong><\/td>\n<td><strong>Mokinys<\/strong><\/td>\n<td><strong>Klas\u0117<\/strong><\/td>\n<td><strong>Lygis<\/strong><\/td>\n<td><strong>Rezultatas<\/strong><\/td>\n<td><strong>Geriau u\u017e<sup>1<\/sup><\/strong><\/td>\n<td><strong>Laipsnis<\/strong><\/td>\n<\/tr>\n<tr>\n<td>1.<\/td>\n<td>Edvin Kalonas<\/td>\n<td>7<\/td>\n<td>7 klas\u0117<\/td>\n<td>52%<\/td>\n<td>&#8211;<\/td>\n<td><strong>\u00a0<\/strong><\/td>\n<\/tr>\n<\/tbody>\n<\/table>\n<p><strong>Geografijos konkurso rezultatai<\/strong><\/p>\n<table>\n<tbody>\n<tr>\n<td width=\"10\"><strong>#<\/strong><\/td>\n<td><strong>Mokinys<\/strong><\/td>\n<td><strong>Klas\u0117<\/strong><\/td>\n<td><strong>Lygis<\/strong><\/td>\n<td><strong>Rezultatas<\/strong><\/td>\n<td><strong>Geriau u\u017e<sup>1<\/sup><\/strong><\/td>\n<td><strong>Laipsnis<\/strong><\/td>\n<\/tr>\n<tr>\n<td>1.<\/td>\n<td>Toma\u0161 Mickevi\u010d<\/td>\n<td>6<\/td>\n<td>6 klas\u0117<\/td>\n<td>96%<\/td>\n<td>96%<\/td>\n<td><strong>I<\/strong><\/td>\n<\/tr>\n<tr>\n<td>2.<\/td>\n<td>Beata Mickevi\u010d<\/td>\n<td>6<\/td>\n<td>6 klas\u0117<\/td>\n<td>95%<\/td>\n<td>94%<\/td>\n<td><strong>I<\/strong><\/td>\n<\/tr>\n<tr>\n<td>3.<\/td>\n<td>Aleks Okolovi\u010d<\/td>\n<td>7<\/td>\n<td>7 klas\u0117<\/td>\n<td>77%<\/td>\n<td>55%<\/td>\n<td><strong>III<\/strong><\/td>\n<\/tr>\n<tr>\n<td>4.<\/td>\n<td>Pavel Tvorogov<\/td>\n<td>7<\/td>\n<td>7 klas\u0117<\/td>\n<td>52%<\/td>\n<td>&#8211;<\/td>\n<td><strong>\u00a0<\/strong><\/td>\n<\/tr>\n<tr>\n<td>5.<\/td>\n<td>Maksim Golubovskij<\/td>\n<td>8<\/td>\n<td>8 klas\u0117<\/td>\n<td>65%<\/td>\n<td>&#8211;<\/td>\n<td><strong>\u00a0<\/strong><\/td>\n<\/tr>\n<tr>\n<td>6.<\/td>\n<td>Nikas Solovej<\/td>\n<td>8<\/td>\n<td>8 klas\u0117<\/td>\n<td>62%<\/td>\n<td>&#8211;<\/td>\n<td><strong>\u00a0<\/strong><\/td>\n<\/tr>\n<tr>\n<td>7.<\/td>\n<td>Viktorija Makevi\u010d<\/td>\n<td>8<\/td>\n<td>8 klas\u0117<\/td>\n<td>61%<\/td>\n<td>&#8211;<\/td>\n<td><strong>\u00a0<\/strong><\/td>\n<\/tr>\n<tr>\n<td>8.<\/td>\n<td>Anastasija Baranova<\/td>\n<td>9<\/td>\n<td>9 klas\u0117<\/td>\n<td>83%<\/td>\n<td>94%<\/td>\n<td><strong>I<\/strong><\/td>\n<\/tr>\n<tr>\n<td>9.<\/td>\n<td>Erika Polianska<\/td>\n<td>9<\/td>\n<td>9 klas\u0117<\/td>\n<td>75%<\/td>\n<td>81%<\/td>\n<td><strong>II<\/strong><\/td>\n<\/tr>\n<tr>\n<td>10.<\/td>\n<td>Dominykas Kurnickas<\/td>\n<td>9<\/td>\n<td>9 klas\u0117<\/td>\n<td>70%<\/td>\n<td>70%<\/td>\n<td><strong>III<\/strong><\/td>\n<\/tr>\n<tr>\n<td>11.<\/td>\n<td>Erika \u010cerniavskaja<\/td>\n<td>10<\/td>\n<td>10 klas\u0117<\/td>\n<td>74%<\/td>\n<td>76%<\/td>\n<td><strong>III<\/strong><\/td>\n<\/tr>\n<tr>\n<td>12.<\/td>\n<td>Devid Lazarenka<\/td>\n<td>10<\/td>\n<td>10 klas\u0117<\/td>\n<td>37%<\/td>\n<td>&#8211;<\/td>\n<td><strong>\u00a0<\/strong><\/td>\n<\/tr>\n<\/tbody>\n<\/table>\n<p>Chemijos konkurso rezultatai &#8211; niekas nedalyvavo.<\/p>\n<p>Istorijos konkurso rezultatai &#8211; niekas nedalyvavo.<\/p>\n<p><sup>1<\/sup> &#8211; \u201eGeriau u\u017e\u201c &#8211; kiek procent\u0173 Lietuvos mokini\u0173 aplenk\u0117 dalyvis.<\/p>\n<p>D\u0117kojame mokytojams, organizavusiems mokini\u0173 dalyvavim\u0105 edukaciniuose konkursuose \u201eOlympis\u201c:<\/p>\n<p>&nbsp;<\/p>\n","protected":false},"excerpt":{"rendered":"<p>\u00a0 Konkurso \u201eMano \u017ealioji palang\u0117\u201c nugal\u0117toj\u0173 apdovanojimas \u0160iemet jau kovo m\u0117nesio vidur\u012f 3 klas\u0117s mokiniai ir prie\u0161mokyklinio ugdymo grup\u0117s vaikai kartu su savo aukl\u0117tojomis \u012fk\u016br\u0117 ma\u017e\u0105j\u012f daigyn\u0105. Ant savo klasi\u0173 palangi\u0173 s\u0117jo dar\u017eoves(agurkus, saul\u0117gr\u0105\u017eas, pupas, ridik\u0117lius, salotas, pomidorus, svog\u016bnus, \u017eirnius), &hellip; <a href=\"http:\/\/www.jasiunupagrindine.salcininkai.lm.lt\/?page_id=826\">Skaitykite toliau <span class=\"meta-nav\">&rarr;<\/span><\/a><\/p>\n","protected":false},"author":6,"featured_media":0,"parent":0,"menu_order":0,"comment_status":"closed","ping_status":"closed","template":"","meta":{"ngg_post_thumbnail":0,"footnotes":""},"class_list":["post-826","page","type-page","status-publish","hentry"],"_links":{"self":[{"href":"http:\/\/www.jasiunupagrindine.salcininkai.lm.lt\/index.php?rest_route=\/wp\/v2\/pages\/826","targetHints":{"allow":["GET"]}}],"collection":[{"href":"http:\/\/www.jasiunupagrindine.salcininkai.lm.lt\/index.php?rest_route=\/wp\/v2\/pages"}],"about":[{"href":"http:\/\/www.jasiunupagrindine.salcininkai.lm.lt\/index.php?rest_route=\/wp\/v2\/types\/page"}],"author":[{"embeddable":true,"href":"http:\/\/www.jasiunupagrindine.salcininkai.lm.lt\/index.php?rest_route=\/wp\/v2\/users\/6"}],"replies":[{"embeddable":true,"href":"http:\/\/www.jasiunupagrindine.salcininkai.lm.lt\/index.php?rest_route=%2Fwp%2Fv2%2Fcomments&post=826"}],"version-history":[{"count":11,"href":"http:\/\/www.jasiunupagrindine.salcininkai.lm.lt\/index.php?rest_route=\/wp\/v2\/pages\/826\/revisions"}],"predecessor-version":[{"id":1315,"href":"http:\/\/www.jasiunupagrindine.salcininkai.lm.lt\/index.php?rest_route=\/wp\/v2\/pages\/826\/revisions\/1315"}],"wp:attachment":[{"href":"http:\/\/www.jasiunupagrindine.salcininkai.lm.lt\/index.php?rest_route=%2Fwp%2Fv2%2Fmedia&parent=826"}],"curies":[{"name":"wp","href":"https:\/\/api.w.org\/{rel}","templated":true}]}}