{"id":93,"date":"2015-05-12T14:12:28","date_gmt":"2015-05-12T11:12:28","guid":{"rendered":"http:\/\/www.jasiunupagrindine.salcininkai.lm.lt\/?page_id=93"},"modified":"2020-01-16T13:59:32","modified_gmt":"2020-01-16T11:59:32","slug":"mokytoju-taryba","status":"publish","type":"page","link":"http:\/\/www.jasiunupagrindine.salcininkai.lm.lt\/?page_id=93","title":{"rendered":"Mokytoj\u0173 taryba"},"content":{"rendered":"<div id=\"wb_element_instance246\" class=\"wb_element\">\n<p style=\"text-align: justify;\"><span style=\"font-family: 'times new roman', times, serif; font-size: 12pt;\">Mokytoj\u0173 taryba &#8211; nuolat veikianti mokyklos savivaldos institucija mokytoj\u0173 profesiniams bei bendriems ugdymo klausimams spr\u0119sti. J\u0105 sudaro mokyklos vadovai, visi mokykloje dirbantys mokytojai, taip pat &nbsp;bibliotekos ved\u0117jos, socialinis pedagogas. Mokytoj\u0173 tarybos pirminink\u0117 yra mokyklos direktor\u0117.<\/span><\/p>\n<p style=\"text-align: justify;\"><span style=\"font-family: 'times new roman', times, serif; font-size: 12pt;\">Mokytoj\u0173 tarybos pos\u0117d\u017eiai \u0161aukiami prasidedant ir baigiantis mokslo metams, taip pat ne re\u010diau kaip vien\u0105 kart\u0105 per pusmet\u012f. Prireikus gali b\u016bti su\u0161auktas neeilinis mokytoj\u0173 tarybos pos\u0117dis.<\/span><\/p>\n<p style=\"text-align: justify;\"><span style=\"font-family: 'times new roman', times, serif; font-size: 12pt;\">Mokytoj\u0173 tarybos pos\u0117d\u017eiai ir jos priimti nutarimai yra teis\u0117ti, jei juose dalyvauja ne ma\u017eiau kaip 2\/3 tuo metu dirban\u010di\u0173 tarybos nari\u0173. Nutarimai priimami dalyvaujan\u010di\u0173j\u0173 bals\u0173 dauguma.<\/span><\/p>\n<p style=\"text-align: justify;\"><span style=\"font-family: 'times new roman', times, serif; font-size: 12pt;\"><strong>Mokytoj\u0173 taryba:<\/strong><\/span><\/p>\n<ul>\n<li style=\"text-align: justify;\"><span style=\"font-family: 'times new roman', times, serif; font-size: 12pt;\">aptaria praktinius \u0161vietimo reformos \u012fgyvendinimo klausimus, svarsto mokini\u0173 ugdymo rezultatus, pedagogin\u0117s veiklos tobulinimo b\u016bdus;<\/span><\/li>\n<li style=\"text-align: justify;\"><span style=\"font-family: 'times new roman', times, serif; font-size: 12pt;\">diskutuoja d\u0117l mokyklos veiklos programos, pritaria ugdymo plan\u0173, bendr\u0173j\u0173 ugdymo program\u0173 \u012fgyvendinimo ir bendrojo i\u0161silavinimo standart\u0173 pasiekimo klausimus;<\/span><\/li>\n<li style=\"text-align: justify;\"><span style=\"font-family: 'times new roman', times, serif; font-size: 12pt;\">kartu su kitais ugdymo procese dalyvaujan\u010diais specialistais aptaria mokini\u0173 sveikatos, saugos darbe, mokymosi, poilsio ir mitybos klausimus;<\/span><\/li>\n<li><span style=\"font-family: 'times new roman', times, serif; font-size: 12pt;\">priima sprendimus mokyklos tarybai kitais teis\u0117s aktais deleguotais klausimais.<\/span><\/li>\n<\/ul>\n<\/div>\n<div id=\"wb_element_instance247\" class=\"wb_element\">\n<p>&nbsp;<\/p>\n<\/div>\n","protected":false},"excerpt":{"rendered":"<p>Mokytoj\u0173 taryba &#8211; nuolat veikianti mokyklos savivaldos institucija mokytoj\u0173 profesiniams bei bendriems ugdymo klausimams spr\u0119sti. J\u0105 sudaro mokyklos vadovai, visi mokykloje dirbantys mokytojai, taip pat &nbsp;bibliotekos ved\u0117jos, socialinis pedagogas. Mokytoj\u0173 tarybos pirminink\u0117 yra mokyklos direktor\u0117. Mokytoj\u0173 tarybos pos\u0117d\u017eiai \u0161aukiami prasidedant &hellip; <a href=\"http:\/\/www.jasiunupagrindine.salcininkai.lm.lt\/?page_id=93\">Skaitykite toliau <span class=\"meta-nav\">&rarr;<\/span><\/a><\/p>\n","protected":false},"author":6,"featured_media":0,"parent":0,"menu_order":0,"comment_status":"open","ping_status":"open","template":"","meta":{"ngg_post_thumbnail":0,"footnotes":""},"class_list":["post-93","page","type-page","status-publish","hentry"],"_links":{"self":[{"href":"http:\/\/www.jasiunupagrindine.salcininkai.lm.lt\/index.php?rest_route=\/wp\/v2\/pages\/93","targetHints":{"allow":["GET"]}}],"collection":[{"href":"http:\/\/www.jasiunupagrindine.salcininkai.lm.lt\/index.php?rest_route=\/wp\/v2\/pages"}],"about":[{"href":"http:\/\/www.jasiunupagrindine.salcininkai.lm.lt\/index.php?rest_route=\/wp\/v2\/types\/page"}],"author":[{"embeddable":true,"href":"http:\/\/www.jasiunupagrindine.salcininkai.lm.lt\/index.php?rest_route=\/wp\/v2\/users\/6"}],"replies":[{"embeddable":true,"href":"http:\/\/www.jasiunupagrindine.salcininkai.lm.lt\/index.php?rest_route=%2Fwp%2Fv2%2Fcomments&post=93"}],"version-history":[{"count":10,"href":"http:\/\/www.jasiunupagrindine.salcininkai.lm.lt\/index.php?rest_route=\/wp\/v2\/pages\/93\/revisions"}],"predecessor-version":[{"id":8403,"href":"http:\/\/www.jasiunupagrindine.salcininkai.lm.lt\/index.php?rest_route=\/wp\/v2\/pages\/93\/revisions\/8403"}],"wp:attachment":[{"href":"http:\/\/www.jasiunupagrindine.salcininkai.lm.lt\/index.php?rest_route=%2Fwp%2Fv2%2Fmedia&parent=93"}],"curies":[{"name":"wp","href":"https:\/\/api.w.org\/{rel}","templated":true}]}}