{"id":95,"date":"2015-05-12T14:12:39","date_gmt":"2015-05-12T11:12:39","guid":{"rendered":"http:\/\/www.jasiunupagrindine.salcininkai.lm.lt\/?page_id=95"},"modified":"2025-06-13T10:59:13","modified_gmt":"2025-06-13T07:59:13","slug":"metodine-taryba","status":"publish","type":"page","link":"http:\/\/www.jasiunupagrindine.salcininkai.lm.lt\/?page_id=95","title":{"rendered":"Metodin\u0117 taryba"},"content":{"rendered":"<p style=\"text-align: center;\"><strong>Metodin\u0117 taryba<\/strong><\/p>\n<p>Mokyklos metodinei veiklai organizuoti sudaroma metodin\u0117 taryba. J\u0105 sudaro metodini\u0173 grupi\u0173 pirmininkai. Metodin\u0117 taryba veikia pagal&nbsp;mokyklos direktoriaus patvirtint\u0105 metodin\u0117s tarybos darbo reglament\u0105. Metodin\u0117s tarybos veikl\u0105 koordinuoja direktoriaus pavaduotoja ugdymui&nbsp;Marija Siliuk. Metodin\u0117 taryba renkama 2 metams visuotinio mokytoj\u0173 susirinkimo metu.<\/p>\n<p>Metodin\u0117s tarybos veiklos kryptys:<\/p>\n<ul>\n<li>organizuoti metodinius u\u017esi\u0117mimus bei \u012fvairius k\u016brybin\u0117s veiklos renginius;<\/li>\n<li>vykdyti gerosios patirties sklaid\u0105, keistis informacija;<\/li>\n<li>rengti bei \u012fgyvendinti \u012fvairaus pob\u016bd\u017eio projektus.<\/li>\n<\/ul>\n<p style=\"text-align: center;\">Metodin\u0117s tarybos sud\u0117tis:<\/p>\n<p>&nbsp;<\/p>\n<table>\n<tbody>\n<tr>\n<td width=\"319\">Direktor\u0117s pavaduotoja ugdymui<\/td>\n<td width=\"319\">\u017dana Siliuk \u2013 kuruojantis vadovas<\/td>\n<\/tr>\n<tr>\n<td width=\"319\">Metodin\u0117s tarybos pirminink\u0117<\/td>\n<td width=\"319\">Teresa Voitukovi\u010d<\/td>\n<\/tr>\n<tr>\n<td width=\"319\">Pradini\u0173 klasi\u0173 metodin\u0117s grup\u0117s pirminink\u0117<\/td>\n<td width=\"319\">Angel\u0117 \u0160eviakova<\/td>\n<\/tr>\n<tr>\n<td width=\"319\">Gamtamokslini\u0173 dalyk\u0173 grup\u0117s pirminink\u0117<\/td>\n<td width=\"319\">Eleonora Dainarovi\u010d<\/td>\n<\/tr>\n<tr>\n<td width=\"319\">Kalb\u0173, socialini\u0173 moksl\u0173 metodin\u0117s grup\u0117s pirminink\u0117<\/td>\n<td width=\"319\">Margarita Zacharova<\/td>\n<\/tr>\n<tr>\n<td width=\"319\">Klasi\u0173 vadov\u0173 metodin\u0117s grup\u0117s pirminink\u0117<\/td>\n<td width=\"319\">Galina Trofimova<\/td>\n<\/tr>\n<\/tbody>\n<\/table>\n","protected":false},"excerpt":{"rendered":"<p>Metodin\u0117 taryba Mokyklos metodinei veiklai organizuoti sudaroma metodin\u0117 taryba. J\u0105 sudaro metodini\u0173 grupi\u0173 pirmininkai. Metodin\u0117 taryba veikia pagal&nbsp;mokyklos direktoriaus patvirtint\u0105 metodin\u0117s tarybos darbo reglament\u0105. Metodin\u0117s tarybos veikl\u0105 koordinuoja direktoriaus pavaduotoja ugdymui&nbsp;Marija Siliuk. Metodin\u0117 taryba renkama 2 metams visuotinio mokytoj\u0173 susirinkimo &hellip; <a href=\"http:\/\/www.jasiunupagrindine.salcininkai.lm.lt\/?page_id=95\">Skaitykite toliau <span class=\"meta-nav\">&rarr;<\/span><\/a><\/p>\n","protected":false},"author":6,"featured_media":0,"parent":0,"menu_order":0,"comment_status":"open","ping_status":"open","template":"","meta":{"ngg_post_thumbnail":0,"footnotes":""},"class_list":["post-95","page","type-page","status-publish","hentry"],"_links":{"self":[{"href":"http:\/\/www.jasiunupagrindine.salcininkai.lm.lt\/index.php?rest_route=\/wp\/v2\/pages\/95","targetHints":{"allow":["GET"]}}],"collection":[{"href":"http:\/\/www.jasiunupagrindine.salcininkai.lm.lt\/index.php?rest_route=\/wp\/v2\/pages"}],"about":[{"href":"http:\/\/www.jasiunupagrindine.salcininkai.lm.lt\/index.php?rest_route=\/wp\/v2\/types\/page"}],"author":[{"embeddable":true,"href":"http:\/\/www.jasiunupagrindine.salcininkai.lm.lt\/index.php?rest_route=\/wp\/v2\/users\/6"}],"replies":[{"embeddable":true,"href":"http:\/\/www.jasiunupagrindine.salcininkai.lm.lt\/index.php?rest_route=%2Fwp%2Fv2%2Fcomments&post=95"}],"version-history":[{"count":14,"href":"http:\/\/www.jasiunupagrindine.salcininkai.lm.lt\/index.php?rest_route=\/wp\/v2\/pages\/95\/revisions"}],"predecessor-version":[{"id":22568,"href":"http:\/\/www.jasiunupagrindine.salcininkai.lm.lt\/index.php?rest_route=\/wp\/v2\/pages\/95\/revisions\/22568"}],"wp:attachment":[{"href":"http:\/\/www.jasiunupagrindine.salcininkai.lm.lt\/index.php?rest_route=%2Fwp%2Fv2%2Fmedia&parent=95"}],"curies":[{"name":"wp","href":"https:\/\/api.w.org\/{rel}","templated":true}]}}