{"id":9946,"date":"2020-11-17T16:00:35","date_gmt":"2020-11-17T14:00:35","guid":{"rendered":"http:\/\/www.jasiunupagrindine.salcininkai.lm.lt\/?page_id=9946"},"modified":"2021-02-12T13:53:48","modified_gmt":"2021-02-12T11:53:48","slug":"nuotolinis-mokymas","status":"publish","type":"page","link":"http:\/\/www.jasiunupagrindine.salcininkai.lm.lt\/?page_id=9946","title":{"rendered":"Nuotolinis mokymas"},"content":{"rendered":"<p style=\"text-align: center;\"><span style=\"color: #000000;\"><strong>D\u0117mesio!<\/strong><\/span><\/p>\n<p><span style=\"color: #000000;\">Remdamiesi \u0160al\u010dinink\u0173 rajono savivaldyb\u0117s administracijos 2020 m. lapkri\u010dio 23 d. \u012fsakymu Nr. D\u012eV-1434 \u201eD\u0117l ugdymo proceso organizavimo\u201c skelbiame, kad nuo<strong>&nbsp;2020 m. lapkri\u010dio 23 d. iki atskiro sprendimo ugdymas pagrindinio&nbsp; ugdymo mokiniams (5-10 klas\u0117ms) vyks nuotoliniu b\u016bdu.<\/strong><\/span><\/p>\n<p><span style=\"color: #000000;\"><a style=\"color: #000000;\" href=\"http:\/\/www.jasiunupagrindine.salcininkai.lm.lt\/wp-content\/uploads\/2020\/11\/Direktoriaus-\u012fsakymas-su-metaduomenimis.pdf\">\u0160al\u010dinink\u0173 rajono savivaldyb\u0117s administracijos direktoriaus \u012fsakymas<\/a><\/span><\/p>\n<p style=\"text-align: center;\"><span style=\"color: #000000;\"><strong>D\u0117mesio!<\/strong><\/span><\/p>\n<p><span style=\"color: #000000;\">&nbsp;&nbsp;&nbsp;&nbsp;&nbsp;&nbsp;&nbsp;&nbsp;&nbsp;&nbsp;&nbsp;&nbsp;&nbsp;&nbsp;&nbsp;&nbsp;&nbsp;&nbsp; Vadovaudamasi Lietuvos Respublikos&nbsp; sveikatos apsaugos ministro \u2013 valstyb\u0117s lygio ekstremalios situacijos valstyb\u0117s operacij\u0173 vadovo sprendimu \u201eD\u0117l Lietuvos Respublikos&nbsp; sveikatos apsaugos ministro \u2013 valstyb\u0117s lygio ekstremalios situacijos valstyb\u0117s operacij\u0173 vadovo 2020 m. rugpj\u016b\u010dio 17 d. sprendimo Nr. V-1838 \u201eD\u0117l pagrindinio ir vidurinio ugdymo organizavimo b\u016btin\u0173 s\u0105lyg\u0173 \u201e pakeitimo 2020 m. spalio 28 d. Nr. V2384, 2020 m. lapkri\u010dio 4 d. Lietuvos Respublikos Vyriausyb\u0117s sprendimo Nr. 1226 \u201eD\u0117l karantino Lietuvos Respublikos teritorijoje paskelbimo \u201e 2.2.9.2., 2.2.9.6. punktais,<\/span><\/p>\n<p><span style=\"color: #000000;\">Nuo 2020 m. lapkri\u010dio 16 d. iki lapkri\u010dio 27 d. imtinai:<\/span><\/p>\n<ol>\n<li><span style=\"color: #000000;\">Ikimokyklinis, prie\u0161mokyklinis, pradinis ugdymas bus vykdomas kasdieniu mokymo proceso organizavimo b\u016bdu;<\/span><\/li>\n<li><span style=\"color: #000000;\">Pagrindinio ugdymo I ir II dalis vyks mi\u0161riu mokymo proceso organizavimo b\u016bdu:<\/span><\/li>\n<\/ol>\n<p><span style=\"color: #000000;\">2.1. 2020 m. lapkri\u010dio 16 \u2013 20 dienomis&nbsp; 5,6,9,10 klas\u0117s mokysis kontaktiniu mokymo proceso organizavimo b\u016bdu, o 7,8 klas\u0117s&nbsp; mokysis nuotoliniu mokymo proceso organizavimo b\u016bdu per Microsoft Teams platform\u0105;<\/span><\/p>\n<p><span style=\"color: #000000;\">2.2. 2020 m. lapkri\u010dio 23-27 dienomis 5,7,8,10 klas\u0117s mokysis kontaktiniu mokymo proceso organizavimo b\u016bdu, o 6,9 klas\u0117s mokysis nuotoliniu mokymo proceso organizavimo b\u016bdu per Microsoft Teams platform\u0105,<\/span><\/p>\n<ol start=\"3\">\n<li><span style=\"color: #000000;\">\u0160vietimo pagalba ir neformalusis mokini\u0173 ugdymas 2020 m. lapkri\u010dio 16-27 dienomis vyks mi\u0161riu ugdymo organizavimo b\u016bdu.<\/span><\/li>\n<li><span style=\"color: #000000;\">Mokiniai, kurie mokosi kasdieniu b\u016bdu, maitinim\u0105 gauna mokykloje, o nuotoliniu b\u016bdu \u2013 gauna sausus davinius.<\/span><\/li>\n<\/ol>\n<p><span style=\"color: #000000;\"><a style=\"color: #000000;\" href=\"http:\/\/www.jasiunupagrindine.salcininkai.lm.lt\/wp-content\/uploads\/2020\/11\/93.pdf\">Mokyklos direktor\u0117s \u012fsakymas<\/a><\/span><\/p>\n<p style=\"text-align: center;\"><span style=\"color: #000000;\"><strong>D\u0117mesio!<\/strong><\/span><\/p>\n<p style=\"text-align: left;\"><span style=\"color: #000000;\">Vadovaudamasi Lietuvos Respublikos Vyriausyb\u0117s 2020 m. spalio 21 d. nutarimu \u201eD\u0117l Lietuvos Respublikos vyriausyb\u0117s 2020 m. vasario 26 d. nutarimo Nr. 152 \u201e D\u0117l valstyb\u0117s lygio ekstremalios situacijos paskelbimo\u201c pakeitimo 4.2.1.1.punktu bei Lietuvos Respublikos sveikatos apsaugos ministro \u2013 valstyb\u0117s lygio ekstremaliosios situacijos valstyb\u0117s lygio ekstremalios situacijos valstyb\u0117s operacij\u0173 vadovo 2020 m. rugpj\u016b\u010dio 17d. sprendimo Nr. V-1838 \u201eD\u0117l pagrindinio ir vidurinio ugdymo organizavimo b\u016btin\u0173 s\u0105lyg\u0173 \u201e pakeitimo 2020 m. spalio 28 d. Nr. V2384, 2020 m. lapkri\u010dio 4 d. Lietuvos respublikos Vyriausyb\u0117s sprendimu,<\/span><\/p>\n<p><span style=\"color: #000000;\">Nuo 2020 m. lapkri\u010dio 9 d. iki lapkri\u010dio 13 d. imtinai:<\/span><\/p>\n<ol>\n<li><span style=\"color: #000000;\">Ikimokyklinis, prie\u0161mokyklinis, pradinis ugdymas bus vykdomas kasdieniu mokymo proceso organizavimo b\u016bdu;<\/span><\/li>\n<li><span style=\"color: #000000;\">Pagrindinis ugdymas vyks nuotoliniu mokymo proceso organizavimo b\u016bdu:5-10 klas\u0117s 2020 m. lapkri\u010dio 9 \u2013 13 dienomis mokysis nuotoliniu mokymo proceso organizavimo b\u016bdu per Microsoft Teams platform\u0105;<\/span><\/li>\n<li><span style=\"color: #000000;\">&nbsp;\u0160vietimo pagalba ir neformalusis mokini\u0173 ugdymas 2020 m. lapkri\u010dio 9-13 dienomis vyks mi\u0161riu ugdymo organizavimo b\u016bdu.<\/span><\/li>\n<\/ol>\n<p><span style=\"color: #000000;\"><a style=\"color: #000000;\" href=\"http:\/\/www.jasiunupagrindine.salcininkai.lm.lt\/wp-content\/uploads\/2020\/11\/91.pdf\">Mokyklos direktor\u0117s \u012fsakymas<\/a><\/span><\/p>\n","protected":false},"excerpt":{"rendered":"<p>D\u0117mesio! Remdamiesi \u0160al\u010dinink\u0173 rajono savivaldyb\u0117s administracijos 2020 m. lapkri\u010dio 23 d. \u012fsakymu Nr. D\u012eV-1434 \u201eD\u0117l ugdymo proceso organizavimo\u201c skelbiame, kad nuo&nbsp;2020 m. lapkri\u010dio 23 d. iki atskiro sprendimo ugdymas pagrindinio&nbsp; ugdymo mokiniams (5-10 klas\u0117ms) vyks nuotoliniu b\u016bdu. \u0160al\u010dinink\u0173 rajono savivaldyb\u0117s &hellip; <a href=\"http:\/\/www.jasiunupagrindine.salcininkai.lm.lt\/?page_id=9946\">Skaitykite toliau <span class=\"meta-nav\">&rarr;<\/span><\/a><\/p>\n","protected":false},"author":5,"featured_media":0,"parent":0,"menu_order":0,"comment_status":"closed","ping_status":"closed","template":"","meta":{"ngg_post_thumbnail":0,"footnotes":""},"class_list":["post-9946","page","type-page","status-publish","hentry"],"_links":{"self":[{"href":"http:\/\/www.jasiunupagrindine.salcininkai.lm.lt\/index.php?rest_route=\/wp\/v2\/pages\/9946","targetHints":{"allow":["GET"]}}],"collection":[{"href":"http:\/\/www.jasiunupagrindine.salcininkai.lm.lt\/index.php?rest_route=\/wp\/v2\/pages"}],"about":[{"href":"http:\/\/www.jasiunupagrindine.salcininkai.lm.lt\/index.php?rest_route=\/wp\/v2\/types\/page"}],"author":[{"embeddable":true,"href":"http:\/\/www.jasiunupagrindine.salcininkai.lm.lt\/index.php?rest_route=\/wp\/v2\/users\/5"}],"replies":[{"embeddable":true,"href":"http:\/\/www.jasiunupagrindine.salcininkai.lm.lt\/index.php?rest_route=%2Fwp%2Fv2%2Fcomments&post=9946"}],"version-history":[{"count":8,"href":"http:\/\/www.jasiunupagrindine.salcininkai.lm.lt\/index.php?rest_route=\/wp\/v2\/pages\/9946\/revisions"}],"predecessor-version":[{"id":10535,"href":"http:\/\/www.jasiunupagrindine.salcininkai.lm.lt\/index.php?rest_route=\/wp\/v2\/pages\/9946\/revisions\/10535"}],"wp:attachment":[{"href":"http:\/\/www.jasiunupagrindine.salcininkai.lm.lt\/index.php?rest_route=%2Fwp%2Fv2%2Fmedia&parent=9946"}],"curies":[{"name":"wp","href":"https:\/\/api.w.org\/{rel}","templated":true}]}}